{"id":12020,"date":"2022-08-11T15:23:41","date_gmt":"2022-08-11T21:23:41","guid":{"rendered":"https:\/\/greatplacetoworkcarca.com\/?page_id=12020"},"modified":"2025-07-29T11:46:57","modified_gmt":"2025-07-29T17:46:57","slug":"metodologia-los-mejores-lugares-para-trabajar-para-mujeres","status":"publish","type":"page","link":"https:\/\/greatplacetoworkcarca.com\/en\/metodologia-los-mejores-lugares-para-trabajar-para-mujeres\/","title":{"rendered":"Metodolog\u00eda Los Mejores Lugares para Trabajar para Mujeres"},"content":{"rendered":"<div data-elementor-type=\"wp-page\" data-elementor-id=\"12020\" class=\"elementor elementor-12020\" data-elementor-post-type=\"page\">\n\t\t\t\t\t\t<section class=\"elementor-section elementor-top-section elementor-element elementor-element-57f35c1 elementor-section-boxed elementor-section-height-default elementor-section-height-default\" data-id=\"57f35c1\" data-element_type=\"section\" data-e-type=\"section\">\n\t\t\t\t\t\t<div class=\"elementor-container elementor-column-gap-default\">\n\t\t\t\t\t<div class=\"elementor-column elementor-col-100 elementor-top-column elementor-element elementor-element-5442ab7\" data-id=\"5442ab7\" data-element_type=\"column\" data-e-type=\"column\">\n\t\t\t<div class=\"elementor-widget-wrap elementor-element-populated\">\n\t\t\t\t\t\t<div class=\"elementor-element elementor-element-0e20701 elementor-widget elementor-widget-spacer\" data-id=\"0e20701\" data-element_type=\"widget\" data-e-type=\"widget\" data-widget_type=\"spacer.default\">\n\t\t\t\t<div class=\"elementor-widget-container\">\n\t\t\t\t\t\t\t<div class=\"elementor-spacer\">\n\t\t\t<div class=\"elementor-spacer-inner\"><\/div>\n\t\t<\/div>\n\t\t\t\t\t\t<\/div>\n\t\t\t\t<\/div>\n\t\t\t\t\t<\/div>\n\t\t<\/div>\n\t\t\t\t\t<\/div>\n\t\t<\/section>\n\t\t\t\t<section class=\"elementor-section elementor-top-section elementor-element elementor-element-eeb6b36 elementor-section-boxed elementor-section-height-default elementor-section-height-default\" data-id=\"eeb6b36\" data-element_type=\"section\" data-e-type=\"section\">\n\t\t\t\t\t\t<div class=\"elementor-container elementor-column-gap-default\">\n\t\t\t\t\t<div class=\"elementor-column elementor-col-100 elementor-top-column elementor-element elementor-element-de0a667\" data-id=\"de0a667\" data-element_type=\"column\" data-e-type=\"column\">\n\t\t\t<div class=\"elementor-widget-wrap elementor-element-populated\">\n\t\t\t\t\t\t<div class=\"elementor-element elementor-element-ea36455 elementor-widget elementor-widget-heading\" data-id=\"ea36455\" data-element_type=\"widget\" data-e-type=\"widget\" data-widget_type=\"heading.default\">\n\t\t\t\t<div class=\"elementor-widget-container\">\n\t\t\t\t\t<h2 class=\"elementor-heading-title elementor-size-default\">NUESTRA METODOLOG\u00cdA PARA:<\/h2>\t\t\t\t<\/div>\n\t\t\t\t<\/div>\n\t\t\t\t<div class=\"elementor-element elementor-element-7f7738b elementor-widget elementor-widget-heading\" data-id=\"7f7738b\" data-element_type=\"widget\" data-e-type=\"widget\" data-widget_type=\"heading.default\">\n\t\t\t\t<div class=\"elementor-widget-container\">\n\t\t\t\t\t<h2 class=\"elementor-heading-title elementor-size-default\">Lista de Los Mejores Lugares para Trabajar\u00ae para Mujeres 2022 en Caribe y Centroam\u00e9rica <\/h2>\t\t\t\t<\/div>\n\t\t\t\t<\/div>\n\t\t\t\t<div class=\"elementor-element elementor-element-7dbaa3d elementor-widget elementor-widget-text-editor\" data-id=\"7dbaa3d\" data-element_type=\"widget\" data-e-type=\"widget\" data-widget_type=\"text-editor.default\">\n\t\t\t\t<div class=\"elementor-widget-container\">\n\t\t\t\t\t\t\t\t\t<p>Great Place to Work\u00ae identifica a los Mejores Lugares para Trabajar\u00ae para Mujeres encuestando a colaboradores en la regi\u00f3n de Caribe y Centroam\u00e9rica sobre los factores clave que crean excelentes lugares de trabajo y analizando los programas que permiten el desarrollo y crecimiento de las mujeres.<\/p><p>Para ser consideradas, las organizaciones deben estar certificadas como parte de Los Mejores Lugares para Trabajar\u00ae durante el 2021 o principios de 2022, adem\u00e1s su poblaci\u00f3n laboral femenina debe de representar m\u00e1s del 30% del total.<\/p><p>Las organizaciones se clasifican en dos categor\u00edas: Organizaciones de Capital Nacional y Organizaciones Multinacionales.\u00a0<\/p>\t\t\t\t\t\t\t\t<\/div>\n\t\t\t\t<\/div>\n\t\t\t\t<div class=\"elementor-element elementor-element-b19c004 elementor-widget elementor-widget-spacer\" data-id=\"b19c004\" data-element_type=\"widget\" data-e-type=\"widget\" data-widget_type=\"spacer.default\">\n\t\t\t\t<div class=\"elementor-widget-container\">\n\t\t\t\t\t\t\t<div class=\"elementor-spacer\">\n\t\t\t<div class=\"elementor-spacer-inner\"><\/div>\n\t\t<\/div>\n\t\t\t\t\t\t<\/div>\n\t\t\t\t<\/div>\n\t\t\t\t\t<\/div>\n\t\t<\/div>\n\t\t\t\t\t<\/div>\n\t\t<\/section>\n\t\t\t\t<\/div>\n\t\t\n    <div class=\"xs_social_share_widget xs_share_url after_content \t\tmain_content  wslu-style-1 wslu-share-box-shaped wslu-fill-colored wslu-none wslu-share-horizontal wslu-theme-font-no wslu-main_content\">\n\n\t\t\n        <ul>\n\t\t\t        <\/ul>\n    <\/div>","protected":false},"excerpt":{"rendered":"<p>NUESTRA METODOLOG\u00cdA PARA: Lista de Los Mejores Lugares para Trabajar\u00ae para Mujeres 2022 en Caribe y Centroam\u00e9rica Great Place to Work\u00ae identifica a los Mejores Lugares para Trabajar\u00ae para Mujeres encuestando a colaboradores en la regi\u00f3n de Caribe y Centroam\u00e9rica sobre los factores clave que crean excelentes lugares de trabajo y analizando los programas que &hellip; <\/p>\n<p class=\"link-more\"><a href=\"https:\/\/greatplacetoworkcarca.com\/en\/metodologia-los-mejores-lugares-para-trabajar-para-mujeres\/\" class=\"more-link\">Continue reading<span class=\"screen-reader-text\"> &#8220;Metodolog\u00eda Los Mejores Lugares para Trabajar para Mujeres&#8221;<\/span><\/a><\/p>","protected":false},"author":14898,"featured_media":0,"parent":0,"menu_order":0,"comment_status":"closed","ping_status":"closed","template":"elementor_header_footer","meta":{"_acf_changed":false,"footnotes":""},"class_list":["post-12020","page","type-page","status-publish","hentry"],"acf":[],"yoast_head":"<!-- This site is optimized with the Yoast SEO plugin v27.3 - https:\/\/yoast.com\/product\/yoast-seo-wordpress\/ -->\n<title>Metodolog\u00eda Los Mejores Lugares para Trabajar para Mujeres - GPTW CARCA<\/title>\n<meta name=\"robots\" content=\"index, follow, max-snippet:-1, max-image-preview:large, max-video-preview:-1\" \/>\n<link rel=\"canonical\" href=\"https:\/\/greatplacetoworkcarca.com\/en\/metodologia-los-mejores-lugares-para-trabajar-para-mujeres\/\" \/>\n<meta property=\"og:locale\" content=\"en_US\" \/>\n<meta property=\"og:type\" content=\"article\" \/>\n<meta property=\"og:title\" content=\"Metodolog\u00eda Los Mejores Lugares para Trabajar para Mujeres - GPTW CARCA\" \/>\n<meta property=\"og:description\" content=\"NUESTRA METODOLOG\u00cdA PARA: Lista de Los Mejores Lugares para Trabajar\u00ae para Mujeres 2022 en Caribe y Centroam\u00e9rica Great Place to Work\u00ae identifica a los Mejores Lugares para Trabajar\u00ae para Mujeres encuestando a colaboradores en la regi\u00f3n de Caribe y Centroam\u00e9rica sobre los factores clave que crean excelentes lugares de trabajo y analizando los programas que &hellip; Continue reading &quot;Metodolog\u00eda Los Mejores Lugares para Trabajar para Mujeres&quot;\" \/>\n<meta property=\"og:url\" content=\"https:\/\/greatplacetoworkcarca.com\/en\/metodologia-los-mejores-lugares-para-trabajar-para-mujeres\/\" \/>\n<meta property=\"og:site_name\" content=\"GPTW CARCA\" \/>\n<meta property=\"article:publisher\" content=\"https:\/\/www.facebook.com\/GPTWCARCA\" \/>\n<meta property=\"article:modified_time\" content=\"2025-07-29T17:46:57+00:00\" \/>\n<meta property=\"og:image\" content=\"https:\/\/greatplacetoworkcarca.com\/wp-content\/uploads\/2018\/11\/1200px-GPTW_logo.jpg\" \/>\n\t<meta property=\"og:image:width\" content=\"1200\" \/>\n\t<meta property=\"og:image:height\" content=\"1200\" \/>\n\t<meta property=\"og:image:type\" content=\"image\/jpeg\" \/>\n<meta name=\"twitter:card\" content=\"summary_large_image\" \/>\n<meta name=\"twitter:label1\" content=\"Est. reading time\" \/>\n\t<meta name=\"twitter:data1\" content=\"1 minute\" \/>\n<script type=\"application\/ld+json\" class=\"yoast-schema-graph\">{\"@context\":\"https:\\\/\\\/schema.org\",\"@graph\":[{\"@type\":\"WebPage\",\"@id\":\"https:\\\/\\\/greatplacetoworkcarca.com\\\/es\\\/metodologia-los-mejores-lugares-para-trabajar-para-mujeres\\\/\",\"url\":\"https:\\\/\\\/greatplacetoworkcarca.com\\\/es\\\/metodologia-los-mejores-lugares-para-trabajar-para-mujeres\\\/\",\"name\":\"Metodolog\u00eda Los Mejores Lugares para Trabajar para Mujeres - GPTW CARCA\",\"isPartOf\":{\"@id\":\"https:\\\/\\\/greatplacetoworkcarca.com\\\/es\\\/#website\"},\"datePublished\":\"2022-08-11T21:23:41+00:00\",\"dateModified\":\"2025-07-29T17:46:57+00:00\",\"breadcrumb\":{\"@id\":\"https:\\\/\\\/greatplacetoworkcarca.com\\\/es\\\/metodologia-los-mejores-lugares-para-trabajar-para-mujeres\\\/#breadcrumb\"},\"inLanguage\":\"en-US\",\"potentialAction\":[{\"@type\":\"ReadAction\",\"target\":[\"https:\\\/\\\/greatplacetoworkcarca.com\\\/es\\\/metodologia-los-mejores-lugares-para-trabajar-para-mujeres\\\/\"]}]},{\"@type\":\"BreadcrumbList\",\"@id\":\"https:\\\/\\\/greatplacetoworkcarca.com\\\/es\\\/metodologia-los-mejores-lugares-para-trabajar-para-mujeres\\\/#breadcrumb\",\"itemListElement\":[{\"@type\":\"ListItem\",\"position\":1,\"name\":\"Inicio\",\"item\":\"https:\\\/\\\/greatplacetoworkcarca.com\\\/es\\\/\"},{\"@type\":\"ListItem\",\"position\":2,\"name\":\"Metodolog\u00eda Los Mejores Lugares para Trabajar para Mujeres\"}]},{\"@type\":\"WebSite\",\"@id\":\"https:\\\/\\\/greatplacetoworkcarca.com\\\/es\\\/#website\",\"url\":\"https:\\\/\\\/greatplacetoworkcarca.com\\\/es\\\/\",\"name\":\"Great Place to Work Caribe y Centroam\u00e9rica\",\"description\":\"Great Place to Work\",\"publisher\":{\"@id\":\"https:\\\/\\\/greatplacetoworkcarca.com\\\/es\\\/#organization\"},\"alternateName\":\"Great Place to Work\",\"potentialAction\":[{\"@type\":\"SearchAction\",\"target\":{\"@type\":\"EntryPoint\",\"urlTemplate\":\"https:\\\/\\\/greatplacetoworkcarca.com\\\/es\\\/?s={search_term_string}\"},\"query-input\":{\"@type\":\"PropertyValueSpecification\",\"valueRequired\":true,\"valueName\":\"search_term_string\"}}],\"inLanguage\":\"en-US\"},{\"@type\":\"Organization\",\"@id\":\"https:\\\/\\\/greatplacetoworkcarca.com\\\/es\\\/#organization\",\"name\":\"Great Place to Work Caribe y Centroam\u00e9rica\",\"alternateName\":\"Great Place to Work\",\"url\":\"https:\\\/\\\/greatplacetoworkcarca.com\\\/es\\\/\",\"logo\":{\"@type\":\"ImageObject\",\"inLanguage\":\"en-US\",\"@id\":\"https:\\\/\\\/greatplacetoworkcarca.com\\\/es\\\/#\\\/schema\\\/logo\\\/image\\\/\",\"url\":\"https:\\\/\\\/greatplacetoworkcarca.com\\\/wp-content\\\/uploads\\\/2018\\\/11\\\/1200px-GPTW_logo.jpg\",\"contentUrl\":\"https:\\\/\\\/greatplacetoworkcarca.com\\\/wp-content\\\/uploads\\\/2018\\\/11\\\/1200px-GPTW_logo.jpg\",\"width\":1200,\"height\":1200,\"caption\":\"Great Place to Work Caribe y Centroam\u00e9rica\"},\"image\":{\"@id\":\"https:\\\/\\\/greatplacetoworkcarca.com\\\/es\\\/#\\\/schema\\\/logo\\\/image\\\/\"},\"sameAs\":[\"https:\\\/\\\/www.facebook.com\\\/GPTWCARCA\"]}]}<\/script>\n<!-- \/ Yoast SEO plugin. -->","yoast_head_json":{"title":"Metodolog\u00eda Los Mejores Lugares para Trabajar para Mujeres - GPTW CARCA","robots":{"index":"index","follow":"follow","max-snippet":"max-snippet:-1","max-image-preview":"max-image-preview:large","max-video-preview":"max-video-preview:-1"},"canonical":"https:\/\/greatplacetoworkcarca.com\/en\/metodologia-los-mejores-lugares-para-trabajar-para-mujeres\/","og_locale":"en_US","og_type":"article","og_title":"Metodolog\u00eda Los Mejores Lugares para Trabajar para Mujeres - GPTW CARCA","og_description":"NUESTRA METODOLOG\u00cdA PARA: Lista de Los Mejores Lugares para Trabajar\u00ae para Mujeres 2022 en Caribe y Centroam\u00e9rica Great Place to Work\u00ae identifica a los Mejores Lugares para Trabajar\u00ae para Mujeres encuestando a colaboradores en la regi\u00f3n de Caribe y Centroam\u00e9rica sobre los factores clave que crean excelentes lugares de trabajo y analizando los programas que &hellip; Continue reading \"Metodolog\u00eda Los Mejores Lugares para Trabajar para Mujeres\"","og_url":"https:\/\/greatplacetoworkcarca.com\/en\/metodologia-los-mejores-lugares-para-trabajar-para-mujeres\/","og_site_name":"GPTW CARCA","article_publisher":"https:\/\/www.facebook.com\/GPTWCARCA","article_modified_time":"2025-07-29T17:46:57+00:00","og_image":[{"width":1200,"height":1200,"url":"https:\/\/greatplacetoworkcarca.com\/wp-content\/uploads\/2018\/11\/1200px-GPTW_logo.jpg","type":"image\/jpeg"}],"twitter_card":"summary_large_image","twitter_misc":{"Est. reading time":"1 minute"},"schema":{"@context":"https:\/\/schema.org","@graph":[{"@type":"WebPage","@id":"https:\/\/greatplacetoworkcarca.com\/es\/metodologia-los-mejores-lugares-para-trabajar-para-mujeres\/","url":"https:\/\/greatplacetoworkcarca.com\/es\/metodologia-los-mejores-lugares-para-trabajar-para-mujeres\/","name":"Metodolog\u00eda Los Mejores Lugares para Trabajar para Mujeres - GPTW CARCA","isPartOf":{"@id":"https:\/\/greatplacetoworkcarca.com\/es\/#website"},"datePublished":"2022-08-11T21:23:41+00:00","dateModified":"2025-07-29T17:46:57+00:00","breadcrumb":{"@id":"https:\/\/greatplacetoworkcarca.com\/es\/metodologia-los-mejores-lugares-para-trabajar-para-mujeres\/#breadcrumb"},"inLanguage":"en-US","potentialAction":[{"@type":"ReadAction","target":["https:\/\/greatplacetoworkcarca.com\/es\/metodologia-los-mejores-lugares-para-trabajar-para-mujeres\/"]}]},{"@type":"BreadcrumbList","@id":"https:\/\/greatplacetoworkcarca.com\/es\/metodologia-los-mejores-lugares-para-trabajar-para-mujeres\/#breadcrumb","itemListElement":[{"@type":"ListItem","position":1,"name":"Inicio","item":"https:\/\/greatplacetoworkcarca.com\/es\/"},{"@type":"ListItem","position":2,"name":"Metodolog\u00eda Los Mejores Lugares para Trabajar para Mujeres"}]},{"@type":"WebSite","@id":"https:\/\/greatplacetoworkcarca.com\/es\/#website","url":"https:\/\/greatplacetoworkcarca.com\/es\/","name":"Great Place to Work Caribe y Centroam\u00e9rica","description":"Great Place to Work","publisher":{"@id":"https:\/\/greatplacetoworkcarca.com\/es\/#organization"},"alternateName":"Great Place to Work","potentialAction":[{"@type":"SearchAction","target":{"@type":"EntryPoint","urlTemplate":"https:\/\/greatplacetoworkcarca.com\/es\/?s={search_term_string}"},"query-input":{"@type":"PropertyValueSpecification","valueRequired":true,"valueName":"search_term_string"}}],"inLanguage":"en-US"},{"@type":"Organization","@id":"https:\/\/greatplacetoworkcarca.com\/es\/#organization","name":"Great Place to Work Caribe y Centroam\u00e9rica","alternateName":"Great Place to Work","url":"https:\/\/greatplacetoworkcarca.com\/es\/","logo":{"@type":"ImageObject","inLanguage":"en-US","@id":"https:\/\/greatplacetoworkcarca.com\/es\/#\/schema\/logo\/image\/","url":"https:\/\/greatplacetoworkcarca.com\/wp-content\/uploads\/2018\/11\/1200px-GPTW_logo.jpg","contentUrl":"https:\/\/greatplacetoworkcarca.com\/wp-content\/uploads\/2018\/11\/1200px-GPTW_logo.jpg","width":1200,"height":1200,"caption":"Great Place to Work Caribe y Centroam\u00e9rica"},"image":{"@id":"https:\/\/greatplacetoworkcarca.com\/es\/#\/schema\/logo\/image\/"},"sameAs":["https:\/\/www.facebook.com\/GPTWCARCA"]}]}},"_links":{"self":[{"href":"https:\/\/greatplacetoworkcarca.com\/en\/wp-json\/wp\/v2\/pages\/12020","targetHints":{"allow":["GET"]}}],"collection":[{"href":"https:\/\/greatplacetoworkcarca.com\/en\/wp-json\/wp\/v2\/pages"}],"about":[{"href":"https:\/\/greatplacetoworkcarca.com\/en\/wp-json\/wp\/v2\/types\/page"}],"author":[{"embeddable":true,"href":"https:\/\/greatplacetoworkcarca.com\/en\/wp-json\/wp\/v2\/users\/14898"}],"replies":[{"embeddable":true,"href":"https:\/\/greatplacetoworkcarca.com\/en\/wp-json\/wp\/v2\/comments?post=12020"}],"version-history":[{"count":0,"href":"https:\/\/greatplacetoworkcarca.com\/en\/wp-json\/wp\/v2\/pages\/12020\/revisions"}],"wp:attachment":[{"href":"https:\/\/greatplacetoworkcarca.com\/en\/wp-json\/wp\/v2\/media?parent=12020"}],"curies":[{"name":"wp","href":"https:\/\/api.w.org\/{rel}","templated":true}]}}