{"id":1732,"date":"2019-10-01T23:12:21","date_gmt":"2019-10-02T05:12:21","guid":{"rendered":"https:\/\/greatplacetowork-cayc.com\/?page_id=1732"},"modified":"2025-07-29T12:46:26","modified_gmt":"2025-07-29T18:46:26","slug":"ranking-mundial","status":"publish","type":"page","link":"https:\/\/greatplacetoworkcarca.com\/en\/ranking\/ranking-mundial\/","title":{"rendered":"Ranking Mundial"},"content":{"rendered":"<div data-elementor-type=\"wp-page\" data-elementor-id=\"1732\" class=\"elementor elementor-1732\" data-elementor-post-type=\"page\">\n\t\t\t\t\t\t<section class=\"elementor-section elementor-top-section elementor-element elementor-element-8b81703 elementor-section-full_width elementor-section-height-default elementor-section-height-default\" data-id=\"8b81703\" data-element_type=\"section\" data-e-type=\"section\">\n\t\t\t\t\t\t<div class=\"elementor-container elementor-column-gap-default\">\n\t\t\t\t\t<div class=\"elementor-column elementor-col-100 elementor-top-column elementor-element elementor-element-5123ba2\" data-id=\"5123ba2\" data-element_type=\"column\" data-e-type=\"column\">\n\t\t\t<div class=\"elementor-widget-wrap elementor-element-populated\">\n\t\t\t\t\t\t<div class=\"elementor-element elementor-element-168a01e elementor-widget elementor-widget-spacer\" data-id=\"168a01e\" data-element_type=\"widget\" data-e-type=\"widget\" data-widget_type=\"spacer.default\">\n\t\t\t\t<div class=\"elementor-widget-container\">\n\t\t\t\t\t\t\t<div class=\"elementor-spacer\">\n\t\t\t<div class=\"elementor-spacer-inner\"><\/div>\n\t\t<\/div>\n\t\t\t\t\t\t<\/div>\n\t\t\t\t<\/div>\n\t\t\t\t\t<\/div>\n\t\t<\/div>\n\t\t\t\t\t<\/div>\n\t\t<\/section>\n\t\t\t\t<section class=\"elementor-section elementor-top-section elementor-element elementor-element-20b7b6f elementor-section-boxed elementor-section-height-default elementor-section-height-default\" data-id=\"20b7b6f\" data-element_type=\"section\" data-e-type=\"section\">\n\t\t\t\t\t\t<div class=\"elementor-container elementor-column-gap-default\">\n\t\t\t\t\t<div class=\"elementor-column elementor-col-100 elementor-top-column elementor-element elementor-element-0efa743\" data-id=\"0efa743\" data-element_type=\"column\" data-e-type=\"column\">\n\t\t\t<div class=\"elementor-widget-wrap elementor-element-populated\">\n\t\t\t\t\t\t<div class=\"elementor-element elementor-element-1b94866 elementor-widget elementor-widget-heading\" data-id=\"1b94866\" data-element_type=\"widget\" data-e-type=\"widget\" data-widget_type=\"heading.default\">\n\t\t\t\t<div class=\"elementor-widget-container\">\n\t\t\t\t\t<h2 class=\"elementor-heading-title elementor-size-default\">Great Place to Work\u00ae presenta a Los Mejores Lugares para Trabajar\u00ae del Mundo 2021.<\/h2>\t\t\t\t<\/div>\n\t\t\t\t<\/div>\n\t\t\t\t\t<\/div>\n\t\t<\/div>\n\t\t\t\t\t<\/div>\n\t\t<\/section>\n\t\t\t\t<section class=\"elementor-section elementor-top-section elementor-element elementor-element-0ba315a elementor-section-boxed elementor-section-height-default elementor-section-height-default\" data-id=\"0ba315a\" data-element_type=\"section\" data-e-type=\"section\">\n\t\t\t\t\t\t<div class=\"elementor-container elementor-column-gap-default\">\n\t\t\t\t\t<div class=\"elementor-column elementor-col-100 elementor-top-column elementor-element elementor-element-edd1fc9\" data-id=\"edd1fc9\" data-element_type=\"column\" data-e-type=\"column\">\n\t\t\t<div class=\"elementor-widget-wrap elementor-element-populated\">\n\t\t\t\t\t\t<div class=\"elementor-element elementor-element-b5be62b elementor-widget-divider--view-line elementor-widget elementor-widget-divider\" data-id=\"b5be62b\" data-element_type=\"widget\" data-e-type=\"widget\" data-widget_type=\"divider.default\">\n\t\t\t\t<div class=\"elementor-widget-container\">\n\t\t\t\t\t\t\t<div class=\"elementor-divider\">\n\t\t\t<span class=\"elementor-divider-separator\">\n\t\t\t\t\t\t<\/span>\n\t\t<\/div>\n\t\t\t\t\t\t<\/div>\n\t\t\t\t<\/div>\n\t\t\t\t\t<\/div>\n\t\t<\/div>\n\t\t\t\t\t<\/div>\n\t\t<\/section>\n\t\t\t\t<section class=\"elementor-section elementor-top-section elementor-element elementor-element-5e8170b elementor-section-boxed elementor-section-height-default elementor-section-height-default\" data-id=\"5e8170b\" data-element_type=\"section\" data-e-type=\"section\">\n\t\t\t\t\t\t<div class=\"elementor-container elementor-column-gap-default\">\n\t\t\t\t\t<div class=\"elementor-column elementor-col-100 elementor-top-column elementor-element elementor-element-90fde63\" data-id=\"90fde63\" data-element_type=\"column\" data-e-type=\"column\">\n\t\t\t<div class=\"elementor-widget-wrap elementor-element-populated\">\n\t\t\t\t\t\t<div class=\"elementor-element elementor-element-5497530 elementor-widget elementor-widget-text-editor\" data-id=\"5497530\" data-element_type=\"widget\" data-e-type=\"widget\" data-widget_type=\"text-editor.default\">\n\t\t\t\t<div class=\"elementor-widget-container\">\n\t\t\t\t\t\t\t\t\t<p>Tras un an\u00e1lisis exhaustivo de datos de m\u00faltiples compa\u00f1\u00edas en el mundo, Great Place to Work\u00ae reconoce a las 25 compa\u00f1\u00edas l\u00edderes del ranking global que fueron seleccionadas de un total de 10.000 compa\u00f1\u00edas, representan la voz de 19,8 millones de colaboradores en 106 pa\u00edses. Se trata de la mayor encuesta global que se realiza cada a\u00f1o.<\/p><p>Los 25 Mejores Lugares para Trabajar\u00ae del Mundo destacaron por crear experiencias excepcionales para sus colaboradores.<strong>\u00a0<\/strong><strong>Estas compa\u00f1\u00edas sobresalieron por su estilo \u00fanico, por beneficios extraordinarios, fortalecieron las oportunidades de entrenamiento para el desarrollo profesional, y se comprometieron en el reconocimiento y estima de colaboradores.<\/strong>\u00a0<\/p><p>Para ser parte de esta lista las organizaciones deben de identificarse como empleadores sobresalientes globales, as\u00ed como estar en al menos cinco rankings de Los Mejores Lugares para Trabajar\u00ae en Asia, Europa, Am\u00e9rica Latina, \u00c1frica, Norteam\u00e9rica o Australia.<\/p><p>&#8220;Los Mejores Lugares para Trabajar\u00ae del Mundo son el mayor ejemplo majestuoso y consistente de las culturas empresariales m\u00e1s inclusivas que jam\u00e1s hayamos conocidos, dijo Michael C. Bush, CEO de Great Place to Work\u00ae.<\/p><p>&#8220;En la fuerza laboral global, el alineamiento lo es todo.\u00a0<strong>Estas compa\u00f1\u00edas reforzaron su cultura alrededor del mundo -algo casi imposible de vencer.<\/strong>\u00a0Incluso fueron testeadas por la pandemia, estas compa\u00f1\u00edas reconocen subcomunidades en cada regi\u00f3n. Sus l\u00edderes llevan unas experiencias equitativas a lo largo de culturas. Env\u00edo una gran felicitaci\u00f3n a Los Mejores Lugares para Trabajar\u00ae del Mundo en 2021&#8243;.<\/p><p>DHL Express, el gigante de log\u00edstica y transporte, encabeza el ranking de este a\u00f1o. Logr\u00f3 que 47 operaciones nacionales destacaran en las listas de premios en los cinco continentes. La firma de tecnolog\u00eda\u00a0<strong>Cisco ocup\u00f3 el segundo lugar de 2021.<\/strong>\u00a0Logr\u00f3 que colocarse en 22 listas de Los Mejores Lugares para Trabajar\u00ae de forma local. Mientras que\u00a0<strong>Hilton logr\u00f3 el tercer lugar<\/strong>\u00a0con 21 premios en listados de Great Place to Work\u00ae.<\/p><p>Los Mejores Lugares para Trabajar\u00ae del Mundo abarcan industrias desde tecnolog\u00edas de la informaci\u00f3n, servicios profesionales, biotecnolog\u00eda y farmac\u00e9utica. Son casi la mitad de los ganadores.<\/p><p>Nuevos en la lista este a\u00f1o son la firma de biotecnolog\u00eda Amgen y la compa\u00f1\u00eda de software Atlassian. Hay 10 compa\u00f1\u00edas que regresan al Top 25 de Los Mejores Lugares para Trabajar\u00ae del Mundo, que han aparecido en listas pasadas, pero no lo lograron en 2020. Entre estas se destaca a Novo Nordisk.<\/p><p><strong>La premiaci\u00f3n de este a\u00f1o fue sumamente competitiva comparado a los resultados de 2020:<\/strong>\u00a0colaboradores calificaron sus lugares de trabajo en lo m\u00e1s alto en todas las 60 encuestas de 2021, un logro notable tras un a\u00f1o retador en medio de la pandemia.<\/p><p>Comparados con otros lugares de trabajo, colaboradores los Top 25 del mundo son 17% m\u00e1s propensos a decir que tienen beneficios \u00fanicos. Colaboradores en el Top 25 del mundo son 16% m\u00e1s propensos a decir que creen que la paga es justa y el 14% est\u00e1 m\u00e1s dispuesto a decir tienen entrenamiento y oportunidades de desarrollo personal.<\/p><p>Los colaboradores de Los Mejores Lugares para Trabajar\u00ae son m\u00e1s probable que est\u00e9n involucrados en la innovaci\u00f3n de las compa\u00f1\u00edas. As\u00ed lo calcul\u00f3 el Ratio de Velocidad de Innovaci\u00f3n de Great Place to Work\u00ae (IVR, por sus siglas en ingl\u00e9s). &#8220;El IVR describe la habilidad de la organizaci\u00f3n de aprovechar, movilizar y responder a la nueva informaci\u00f3n e ideas.\u00a0<strong>El IVR es el ratio que cuenta c\u00f3mo los colaboradores trabajan en condiciones que permitan la innovaci\u00f3n<\/strong>\u00a0versus el n\u00famero de colaboradores que no&#8221;, dijo Great Place to Work\u00ae en un comunicado. En Los Top 25 del mundo el ratio del IVR es 7:2, que destaca que por cada 7 empleados que est\u00e1n dispuestos a innovar, solo dos experimentan fricci\u00f3n al cambio. En otras organizaciones esto cae a 5:2.<\/p><p>En el mundo,\u00a0<strong>el 90% de los colaboradores de los top 25 Mejores Lugares para Trabajar\u00ae del Mundo tienen el sentido de orgullo<\/strong>\u00a0en su trabajo, piensan que la administraci\u00f3n es honesta y \u00e9tica, se sienten bien sobre c\u00f3mo la compa\u00f1\u00eda contribuye a su comunidad local.<\/p><p>GPTW\u2122 se\u00f1al\u00f3 que pueden hacer ciertas variaciones regionales, as\u00ed como diferencias en la cultura de la compa\u00f1\u00eda en el mundo. En Asia, Los Mejores Lugares para Trabajar\u00ae demuestran un extraordinario compromiso con la honestidad y la transparencia desde los l\u00edderes, as\u00ed como la calidez, y ambientes de trabajo agradables. En Am\u00e9rica Latina, se califica mejor las\u00a0<strong>oportunidades para el desarrollo profesional y la confianza en los l\u00edderes.<\/strong>\u00a0En los colaboradores de Estados Unidos, en comparaci\u00f3n de otras organizaciones, hay 15,6 veces m\u00e1s probable que digan que su compa\u00f1\u00eda es un gran lugar para trabajar cuando se muestra compromiso en la responsabilidad social durante la pandemia.<\/p>\t\t\t\t\t\t\t\t<\/div>\n\t\t\t\t<\/div>\n\t\t\t\t\t<\/div>\n\t\t<\/div>\n\t\t\t\t\t<\/div>\n\t\t<\/section>\n\t\t\t\t<section class=\"elementor-section elementor-top-section elementor-element elementor-element-d147c1f elementor-section-boxed elementor-section-height-default elementor-section-height-default\" data-id=\"d147c1f\" data-element_type=\"section\" data-e-type=\"section\">\n\t\t\t\t\t\t<div class=\"elementor-container elementor-column-gap-default\">\n\t\t\t\t\t<div class=\"elementor-column elementor-col-100 elementor-top-column elementor-element elementor-element-053dbff\" data-id=\"053dbff\" data-element_type=\"column\" data-e-type=\"column\">\n\t\t\t<div class=\"elementor-widget-wrap elementor-element-populated\">\n\t\t\t\t\t\t<div class=\"elementor-element elementor-element-8eb77c3 elementor-widget elementor-widget-html\" data-id=\"8eb77c3\" data-element_type=\"widget\" data-e-type=\"widget\" data-widget_type=\"html.default\">\n\t\t\t\t<div class=\"elementor-widget-container\">\n\t\t\t\t\t<div class=\"wpdt-c\">\n    <div class=\"alert alert-danger m-10\" role=\"alert\">\n        <span class=\"wdt-alert-title f-600\">Error<br><\/span>\n        <span class=\"wdt-alert-subtitle\">You are trying to load a table of an unknown type. Probably you did not activate the addon which is required to use this table type.<\/span>\n    <\/div>\n<\/div>\t\t\t\t<\/div>\n\t\t\t\t<\/div>\n\t\t\t\t\t<\/div>\n\t\t<\/div>\n\t\t\t\t\t<\/div>\n\t\t<\/section>\n\t\t\t\t<section class=\"elementor-section elementor-top-section elementor-element elementor-element-ed0091f elementor-section-boxed elementor-section-height-default elementor-section-height-default\" data-id=\"ed0091f\" data-element_type=\"section\" data-e-type=\"section\">\n\t\t\t\t\t\t<div class=\"elementor-container elementor-column-gap-default\">\n\t\t\t\t\t<div class=\"elementor-column elementor-col-100 elementor-top-column elementor-element elementor-element-357606d\" data-id=\"357606d\" data-element_type=\"column\" data-e-type=\"column\">\n\t\t\t<div class=\"elementor-widget-wrap elementor-element-populated\">\n\t\t\t\t\t\t<div class=\"elementor-element elementor-element-54d8529 elementor-widget elementor-widget-html\" data-id=\"54d8529\" data-element_type=\"widget\" data-e-type=\"widget\" data-widget_type=\"html.default\">\n\t\t\t\t<div class=\"elementor-widget-container\">\n\t\t\t\t\t<style type=\"text\/css\">\n\n.wpdt-c .btn, .wpdt-c .wpDataTablesWrapper .btn{\nbackground-color: #e0e0e0;\n}\n\nbody{\nfont-family: 'Montserrat', sans-serif;\n}\n\n#unete {\nbackground-color: red;\n}\n\n\n@media (max-width: 767px){\n    \n.elementor-slides .slick-slide-inner .elementor-slide-heading{\nfont-size: 24px;\ntext-align: center;\n}    \n\n.elementor-slides .slick-slide-inner .elementor-slide-description{\nfont-size: 30px;\ntext-align: center;\n}\n\n.elementor-7 .elementor-element.elementor-element-e446931 .elementor-slide-content {\n    max-width: 100%;\n}\n\n.menu{\nbackground-color: white;\ncolor: black;\n}\n\n\n\n.iconLog{\ncolor: #262a2b !important;\n}\n\n.elementor-search-form__toggle{\n color: #262a2b !important;   \n}\n\n.elementor-menu-toggle{\ncolor: #262a2b !important;  \n}\n    \n    \n.column-rank{\nwidth: 15% !important; \n}\n\n#table_1_5_filter_sections{\nfloat: right !important;\nwidth: 85% !important;\n margin-right: 0px !important;\n}\n\n#table_1_3_filter_sections{\n    width: 15% !important;\n    margin-right: 0px !important;\n}\n\n.wpDataTablesFilter .wpDataTableFilterSection#wdt-clear-filters-button-block{\n    padding-top: 0px !important;\n}\n\n.wpdt-c.dropdown-menu, .wpdt-c .dropdown-menu{\n    font-size: 10px !important;\n}\n    \n}\n\n\n<\/style>\t\t\t\t<\/div>\n\t\t\t\t<\/div>\n\t\t\t\t\t<\/div>\n\t\t<\/div>\n\t\t\t\t\t<\/div>\n\t\t<\/section>\n\t\t\t\t<\/div>\n\t\t\n    <div class=\"xs_social_share_widget xs_share_url after_content \t\tmain_content  wslu-style-1 wslu-share-box-shaped wslu-fill-colored wslu-none wslu-share-horizontal wslu-theme-font-no wslu-main_content\">\n\n\t\t\n        <ul>\n\t\t\t        <\/ul>\n    <\/div>","protected":false},"excerpt":{"rendered":"<p>Great Place to Work\u00ae presenta a Los Mejores Lugares para Trabajar\u00ae del Mundo 2021. Tras un an\u00e1lisis exhaustivo de datos de m\u00faltiples compa\u00f1\u00edas en el mundo, Great Place to Work\u00ae reconoce a las 25 compa\u00f1\u00edas l\u00edderes del ranking global que fueron seleccionadas de un total de 10.000 compa\u00f1\u00edas, representan la voz de 19,8 millones de &hellip; <\/p>\n<p class=\"link-more\"><a href=\"https:\/\/greatplacetoworkcarca.com\/en\/ranking\/ranking-mundial\/\" class=\"more-link\">Continue reading<span class=\"screen-reader-text\"> &#8220;Ranking Mundial&#8221;<\/span><\/a><\/p>","protected":false},"author":14898,"featured_media":4926,"parent":864,"menu_order":0,"comment_status":"closed","ping_status":"closed","template":"elementor_header_footer","meta":{"_acf_changed":false,"footnotes":""},"class_list":["post-1732","page","type-page","status-publish","has-post-thumbnail","hentry"],"acf":[],"yoast_head":"<!-- This site is optimized with the Yoast SEO plugin v27.2 - https:\/\/yoast.com\/product\/yoast-seo-wordpress\/ -->\n<title>Ranking Mundial - GPTW CARCA<\/title>\n<meta name=\"robots\" content=\"index, follow, max-snippet:-1, max-image-preview:large, max-video-preview:-1\" \/>\n<link rel=\"canonical\" href=\"https:\/\/greatplacetoworkcarca.com\/en\/ranking\/ranking-mundial\/\" \/>\n<meta property=\"og:locale\" content=\"en_US\" \/>\n<meta property=\"og:type\" content=\"article\" \/>\n<meta property=\"og:title\" content=\"Ranking Mundial - GPTW CARCA\" \/>\n<meta property=\"og:description\" content=\"Great Place to Work\u00ae presenta a Los Mejores Lugares para Trabajar\u00ae del Mundo 2021. Tras un an\u00e1lisis exhaustivo de datos de m\u00faltiples compa\u00f1\u00edas en el mundo, Great Place to Work\u00ae reconoce a las 25 compa\u00f1\u00edas l\u00edderes del ranking global que fueron seleccionadas de un total de 10.000 compa\u00f1\u00edas, representan la voz de 19,8 millones de &hellip; Continue reading &quot;Ranking Mundial&quot;\" \/>\n<meta property=\"og:url\" content=\"https:\/\/greatplacetoworkcarca.com\/en\/ranking\/ranking-mundial\/\" \/>\n<meta property=\"og:site_name\" content=\"GPTW CARCA\" \/>\n<meta property=\"article:publisher\" content=\"https:\/\/www.facebook.com\/GPTWCARCA\" \/>\n<meta property=\"article:modified_time\" content=\"2025-07-29T18:46:26+00:00\" \/>\n<meta property=\"og:image\" content=\"https:\/\/greatplacetoworkcarca.com\/wp-content\/uploads\/2021\/10\/wbw_2021_promos-6.png\" \/>\n\t<meta property=\"og:image:width\" content=\"1200\" \/>\n\t<meta property=\"og:image:height\" content=\"630\" \/>\n\t<meta property=\"og:image:type\" content=\"image\/png\" \/>\n<meta name=\"twitter:card\" content=\"summary_large_image\" \/>\n<meta name=\"twitter:label1\" content=\"Est. reading time\" \/>\n\t<meta name=\"twitter:data1\" content=\"4 minutes\" \/>\n<script type=\"application\/ld+json\" class=\"yoast-schema-graph\">{\"@context\":\"https:\/\/schema.org\",\"@graph\":[{\"@type\":\"WebPage\",\"@id\":\"https:\/\/greatplacetoworkcarca.com\/es\/ranking\/ranking-mundial\/\",\"url\":\"https:\/\/greatplacetoworkcarca.com\/es\/ranking\/ranking-mundial\/\",\"name\":\"Ranking Mundial - GPTW CARCA\",\"isPartOf\":{\"@id\":\"https:\/\/greatplacetoworkcarca.com\/es\/#website\"},\"primaryImageOfPage\":{\"@id\":\"https:\/\/greatplacetoworkcarca.com\/es\/ranking\/ranking-mundial\/#primaryimage\"},\"image\":{\"@id\":\"https:\/\/greatplacetoworkcarca.com\/es\/ranking\/ranking-mundial\/#primaryimage\"},\"thumbnailUrl\":\"https:\/\/greatplacetoworkcarca.com\/wp-content\/uploads\/2021\/10\/wbw_2021_promos-6.png\",\"datePublished\":\"2019-10-02T05:12:21+00:00\",\"dateModified\":\"2025-07-29T18:46:26+00:00\",\"breadcrumb\":{\"@id\":\"https:\/\/greatplacetoworkcarca.com\/es\/ranking\/ranking-mundial\/#breadcrumb\"},\"inLanguage\":\"en-US\",\"potentialAction\":[{\"@type\":\"ReadAction\",\"target\":[\"https:\/\/greatplacetoworkcarca.com\/es\/ranking\/ranking-mundial\/\"]}]},{\"@type\":\"ImageObject\",\"inLanguage\":\"en-US\",\"@id\":\"https:\/\/greatplacetoworkcarca.com\/es\/ranking\/ranking-mundial\/#primaryimage\",\"url\":\"https:\/\/greatplacetoworkcarca.com\/wp-content\/uploads\/2021\/10\/wbw_2021_promos-6.png\",\"contentUrl\":\"https:\/\/greatplacetoworkcarca.com\/wp-content\/uploads\/2021\/10\/wbw_2021_promos-6.png\",\"width\":1200,\"height\":630},{\"@type\":\"BreadcrumbList\",\"@id\":\"https:\/\/greatplacetoworkcarca.com\/es\/ranking\/ranking-mundial\/#breadcrumb\",\"itemListElement\":[{\"@type\":\"ListItem\",\"position\":1,\"name\":\"Inicio\",\"item\":\"https:\/\/greatplacetoworkcarca.com\/es\/\"},{\"@type\":\"ListItem\",\"position\":2,\"name\":\"Ranking\",\"item\":\"https:\/\/greatplacetoworkcarca.com\/es\/ranking\/\"},{\"@type\":\"ListItem\",\"position\":3,\"name\":\"Ranking Mundial\"}]},{\"@type\":\"WebSite\",\"@id\":\"https:\/\/greatplacetoworkcarca.com\/es\/#website\",\"url\":\"https:\/\/greatplacetoworkcarca.com\/es\/\",\"name\":\"Great Place to Work Caribe y Centroam\u00e9rica\",\"description\":\"Great Place to Work\",\"publisher\":{\"@id\":\"https:\/\/greatplacetoworkcarca.com\/es\/#organization\"},\"alternateName\":\"Great Place to Work\",\"potentialAction\":[{\"@type\":\"SearchAction\",\"target\":{\"@type\":\"EntryPoint\",\"urlTemplate\":\"https:\/\/greatplacetoworkcarca.com\/es\/?s={search_term_string}\"},\"query-input\":{\"@type\":\"PropertyValueSpecification\",\"valueRequired\":true,\"valueName\":\"search_term_string\"}}],\"inLanguage\":\"en-US\"},{\"@type\":\"Organization\",\"@id\":\"https:\/\/greatplacetoworkcarca.com\/es\/#organization\",\"name\":\"Great Place to Work Caribe y Centroam\u00e9rica\",\"alternateName\":\"Great Place to Work\",\"url\":\"https:\/\/greatplacetoworkcarca.com\/es\/\",\"logo\":{\"@type\":\"ImageObject\",\"inLanguage\":\"en-US\",\"@id\":\"https:\/\/greatplacetoworkcarca.com\/es\/#\/schema\/logo\/image\/\",\"url\":\"https:\/\/greatplacetoworkcarca.com\/wp-content\/uploads\/2018\/11\/1200px-GPTW_logo.jpg\",\"contentUrl\":\"https:\/\/greatplacetoworkcarca.com\/wp-content\/uploads\/2018\/11\/1200px-GPTW_logo.jpg\",\"width\":1200,\"height\":1200,\"caption\":\"Great Place to Work Caribe y Centroam\u00e9rica\"},\"image\":{\"@id\":\"https:\/\/greatplacetoworkcarca.com\/es\/#\/schema\/logo\/image\/\"},\"sameAs\":[\"https:\/\/www.facebook.com\/GPTWCARCA\"]}]}<\/script>\n<!-- \/ Yoast SEO plugin. -->","yoast_head_json":{"title":"Ranking Mundial - GPTW CARCA","robots":{"index":"index","follow":"follow","max-snippet":"max-snippet:-1","max-image-preview":"max-image-preview:large","max-video-preview":"max-video-preview:-1"},"canonical":"https:\/\/greatplacetoworkcarca.com\/en\/ranking\/ranking-mundial\/","og_locale":"en_US","og_type":"article","og_title":"Ranking Mundial - GPTW CARCA","og_description":"Great Place to Work\u00ae presenta a Los Mejores Lugares para Trabajar\u00ae del Mundo 2021. Tras un an\u00e1lisis exhaustivo de datos de m\u00faltiples compa\u00f1\u00edas en el mundo, Great Place to Work\u00ae reconoce a las 25 compa\u00f1\u00edas l\u00edderes del ranking global que fueron seleccionadas de un total de 10.000 compa\u00f1\u00edas, representan la voz de 19,8 millones de &hellip; Continue reading \"Ranking Mundial\"","og_url":"https:\/\/greatplacetoworkcarca.com\/en\/ranking\/ranking-mundial\/","og_site_name":"GPTW CARCA","article_publisher":"https:\/\/www.facebook.com\/GPTWCARCA","article_modified_time":"2025-07-29T18:46:26+00:00","og_image":[{"width":1200,"height":630,"url":"https:\/\/greatplacetoworkcarca.com\/wp-content\/uploads\/2021\/10\/wbw_2021_promos-6.png","type":"image\/png"}],"twitter_card":"summary_large_image","twitter_misc":{"Est. reading time":"4 minutes"},"schema":{"@context":"https:\/\/schema.org","@graph":[{"@type":"WebPage","@id":"https:\/\/greatplacetoworkcarca.com\/es\/ranking\/ranking-mundial\/","url":"https:\/\/greatplacetoworkcarca.com\/es\/ranking\/ranking-mundial\/","name":"Ranking Mundial - GPTW CARCA","isPartOf":{"@id":"https:\/\/greatplacetoworkcarca.com\/es\/#website"},"primaryImageOfPage":{"@id":"https:\/\/greatplacetoworkcarca.com\/es\/ranking\/ranking-mundial\/#primaryimage"},"image":{"@id":"https:\/\/greatplacetoworkcarca.com\/es\/ranking\/ranking-mundial\/#primaryimage"},"thumbnailUrl":"https:\/\/greatplacetoworkcarca.com\/wp-content\/uploads\/2021\/10\/wbw_2021_promos-6.png","datePublished":"2019-10-02T05:12:21+00:00","dateModified":"2025-07-29T18:46:26+00:00","breadcrumb":{"@id":"https:\/\/greatplacetoworkcarca.com\/es\/ranking\/ranking-mundial\/#breadcrumb"},"inLanguage":"en-US","potentialAction":[{"@type":"ReadAction","target":["https:\/\/greatplacetoworkcarca.com\/es\/ranking\/ranking-mundial\/"]}]},{"@type":"ImageObject","inLanguage":"en-US","@id":"https:\/\/greatplacetoworkcarca.com\/es\/ranking\/ranking-mundial\/#primaryimage","url":"https:\/\/greatplacetoworkcarca.com\/wp-content\/uploads\/2021\/10\/wbw_2021_promos-6.png","contentUrl":"https:\/\/greatplacetoworkcarca.com\/wp-content\/uploads\/2021\/10\/wbw_2021_promos-6.png","width":1200,"height":630},{"@type":"BreadcrumbList","@id":"https:\/\/greatplacetoworkcarca.com\/es\/ranking\/ranking-mundial\/#breadcrumb","itemListElement":[{"@type":"ListItem","position":1,"name":"Inicio","item":"https:\/\/greatplacetoworkcarca.com\/es\/"},{"@type":"ListItem","position":2,"name":"Ranking","item":"https:\/\/greatplacetoworkcarca.com\/es\/ranking\/"},{"@type":"ListItem","position":3,"name":"Ranking Mundial"}]},{"@type":"WebSite","@id":"https:\/\/greatplacetoworkcarca.com\/es\/#website","url":"https:\/\/greatplacetoworkcarca.com\/es\/","name":"Great Place to Work Caribe y Centroam\u00e9rica","description":"Great Place to Work","publisher":{"@id":"https:\/\/greatplacetoworkcarca.com\/es\/#organization"},"alternateName":"Great Place to Work","potentialAction":[{"@type":"SearchAction","target":{"@type":"EntryPoint","urlTemplate":"https:\/\/greatplacetoworkcarca.com\/es\/?s={search_term_string}"},"query-input":{"@type":"PropertyValueSpecification","valueRequired":true,"valueName":"search_term_string"}}],"inLanguage":"en-US"},{"@type":"Organization","@id":"https:\/\/greatplacetoworkcarca.com\/es\/#organization","name":"Great Place to Work Caribe y Centroam\u00e9rica","alternateName":"Great Place to Work","url":"https:\/\/greatplacetoworkcarca.com\/es\/","logo":{"@type":"ImageObject","inLanguage":"en-US","@id":"https:\/\/greatplacetoworkcarca.com\/es\/#\/schema\/logo\/image\/","url":"https:\/\/greatplacetoworkcarca.com\/wp-content\/uploads\/2018\/11\/1200px-GPTW_logo.jpg","contentUrl":"https:\/\/greatplacetoworkcarca.com\/wp-content\/uploads\/2018\/11\/1200px-GPTW_logo.jpg","width":1200,"height":1200,"caption":"Great Place to Work Caribe y Centroam\u00e9rica"},"image":{"@id":"https:\/\/greatplacetoworkcarca.com\/es\/#\/schema\/logo\/image\/"},"sameAs":["https:\/\/www.facebook.com\/GPTWCARCA"]}]}},"_links":{"self":[{"href":"https:\/\/greatplacetoworkcarca.com\/en\/wp-json\/wp\/v2\/pages\/1732","targetHints":{"allow":["GET"]}}],"collection":[{"href":"https:\/\/greatplacetoworkcarca.com\/en\/wp-json\/wp\/v2\/pages"}],"about":[{"href":"https:\/\/greatplacetoworkcarca.com\/en\/wp-json\/wp\/v2\/types\/page"}],"author":[{"embeddable":true,"href":"https:\/\/greatplacetoworkcarca.com\/en\/wp-json\/wp\/v2\/users\/14898"}],"replies":[{"embeddable":true,"href":"https:\/\/greatplacetoworkcarca.com\/en\/wp-json\/wp\/v2\/comments?post=1732"}],"version-history":[{"count":0,"href":"https:\/\/greatplacetoworkcarca.com\/en\/wp-json\/wp\/v2\/pages\/1732\/revisions"}],"up":[{"embeddable":true,"href":"https:\/\/greatplacetoworkcarca.com\/en\/wp-json\/wp\/v2\/pages\/864"}],"wp:featuredmedia":[{"embeddable":true,"href":"https:\/\/greatplacetoworkcarca.com\/en\/wp-json\/wp\/v2\/media\/4926"}],"wp:attachment":[{"href":"https:\/\/greatplacetoworkcarca.com\/en\/wp-json\/wp\/v2\/media?parent=1732"}],"curies":[{"name":"wp","href":"https:\/\/api.w.org\/{rel}","templated":true}]}}