{"id":383,"date":"2018-11-26T23:33:19","date_gmt":"2018-11-27T05:33:19","guid":{"rendered":"http:\/\/culturalgo.mx\/?page_id=383"},"modified":"2025-12-26T13:46:48","modified_gmt":"2025-12-26T19:46:48","slug":"equipo","status":"publish","type":"page","link":"https:\/\/greatplacetoworkcarca.com\/en\/equipo\/","title":{"rendered":"OUR TEAM"},"content":{"rendered":"<div data-elementor-type=\"wp-post\" data-elementor-id=\"383\" class=\"elementor elementor-383\" data-elementor-post-type=\"page\">\n\t\t\t\t\t\t<section class=\"elementor-section elementor-top-section elementor-element elementor-element-216e79c elementor-section-content-middle elementor-section-height-min-height elementor-section-boxed elementor-section-height-default elementor-section-items-middle\" data-id=\"216e79c\" data-element_type=\"section\" data-e-type=\"section\" data-settings=\"{&quot;background_background&quot;:&quot;classic&quot;}\">\n\t\t\t\t\t\t<div class=\"elementor-container elementor-column-gap-default\">\n\t\t\t\t\t<div class=\"elementor-column elementor-col-100 elementor-top-column elementor-element elementor-element-6b22ece\" data-id=\"6b22ece\" data-element_type=\"column\" data-e-type=\"column\">\n\t\t\t<div class=\"elementor-widget-wrap elementor-element-populated\">\n\t\t\t\t\t\t<section class=\"elementor-section elementor-inner-section elementor-element elementor-element-0ed5780 elementor-section-boxed elementor-section-height-default elementor-section-height-default\" data-id=\"0ed5780\" data-element_type=\"section\" data-e-type=\"section\">\n\t\t\t\t\t\t<div class=\"elementor-container elementor-column-gap-default\">\n\t\t\t\t\t<div class=\"elementor-column elementor-col-33 elementor-inner-column elementor-element elementor-element-9c76dbc\" data-id=\"9c76dbc\" data-element_type=\"column\" data-e-type=\"column\">\n\t\t\t<div class=\"elementor-widget-wrap elementor-element-populated\">\n\t\t\t\t\t\t<div class=\"elementor-element elementor-element-6e9ff0b elementor-widget elementor-widget-heading\" data-id=\"6e9ff0b\" data-element_type=\"widget\" data-e-type=\"widget\" data-widget_type=\"heading.default\">\n\t\t\t\t<div class=\"elementor-widget-container\">\n\t\t\t\t\t<h2 class=\"elementor-heading-title elementor-size-default\">OUR TEAM<\/h2>\t\t\t\t<\/div>\n\t\t\t\t<\/div>\n\t\t\t\t\t<\/div>\n\t\t<\/div>\n\t\t\t\t<div class=\"elementor-column elementor-col-33 elementor-inner-column elementor-element elementor-element-08ac0b3\" data-id=\"08ac0b3\" data-element_type=\"column\" data-e-type=\"column\">\n\t\t\t<div class=\"elementor-widget-wrap elementor-element-populated\">\n\t\t\t\t\t\t<div class=\"elementor-element elementor-element-529d464 elementor-widget elementor-widget-image\" data-id=\"529d464\" data-element_type=\"widget\" data-e-type=\"widget\" data-widget_type=\"image.default\">\n\t\t\t\t<div class=\"elementor-widget-container\">\n\t\t\t\t\t\t\t\t\t\t\t\t\t\t\t<img fetchpriority=\"high\" decoding=\"async\" width=\"525\" height=\"525\" src=\"https:\/\/greatplacetoworkcarca.com\/wp-content\/uploads\/2022\/07\/manos-encabezado.png\" class=\"attachment-large size-large wp-image-11375\" alt=\"\" srcset=\"https:\/\/greatplacetoworkcarca.com\/wp-content\/uploads\/2022\/07\/manos-encabezado.png 600w, https:\/\/greatplacetoworkcarca.com\/wp-content\/uploads\/2022\/07\/manos-encabezado-300x300.png 300w, https:\/\/greatplacetoworkcarca.com\/wp-content\/uploads\/2022\/07\/manos-encabezado-150x150.png 150w, https:\/\/greatplacetoworkcarca.com\/wp-content\/uploads\/2022\/07\/manos-encabezado-100x100.png 100w\" sizes=\"100vw\" \/>\t\t\t\t\t\t\t\t\t\t\t\t\t\t\t<\/div>\n\t\t\t\t<\/div>\n\t\t\t\t\t<\/div>\n\t\t<\/div>\n\t\t\t\t<div class=\"elementor-column elementor-col-33 elementor-inner-column elementor-element elementor-element-086cd7a\" data-id=\"086cd7a\" data-element_type=\"column\" data-e-type=\"column\">\n\t\t\t<div class=\"elementor-widget-wrap\">\n\t\t\t\t\t\t\t<\/div>\n\t\t<\/div>\n\t\t\t\t\t<\/div>\n\t\t<\/section>\n\t\t\t\t\t<\/div>\n\t\t<\/div>\n\t\t\t\t\t<\/div>\n\t\t<\/section>\n\t\t\t\t<section class=\"elementor-section elementor-top-section elementor-element elementor-element-9387fb2 elementor-section-height-min-height elementor-hidden-desktop elementor-hidden-tablet elementor-hidden-mobile elementor-section-boxed elementor-section-height-default elementor-section-items-middle\" data-id=\"9387fb2\" data-element_type=\"section\" data-e-type=\"section\">\n\t\t\t\t\t\t<div class=\"elementor-container elementor-column-gap-default\">\n\t\t\t\t\t<div class=\"elementor-column elementor-col-100 elementor-top-column elementor-element elementor-element-590e824\" data-id=\"590e824\" data-element_type=\"column\" data-e-type=\"column\">\n\t\t\t<div class=\"elementor-widget-wrap elementor-element-populated\">\n\t\t\t\t\t\t<section class=\"elementor-section elementor-inner-section elementor-element elementor-element-233c956 elementor-section-boxed elementor-section-height-default elementor-section-height-default\" data-id=\"233c956\" data-element_type=\"section\" data-e-type=\"section\">\n\t\t\t\t\t\t<div class=\"elementor-container elementor-column-gap-default\">\n\t\t\t\t\t<div class=\"elementor-column elementor-col-50 elementor-inner-column elementor-element elementor-element-1add07e\" data-id=\"1add07e\" data-element_type=\"column\" data-e-type=\"column\">\n\t\t\t<div class=\"elementor-widget-wrap elementor-element-populated\">\n\t\t\t\t\t\t<div class=\"elementor-element elementor-element-345c4e8 elementor-widget elementor-widget-heading\" data-id=\"345c4e8\" data-element_type=\"widget\" data-e-type=\"widget\" data-widget_type=\"heading.default\">\n\t\t\t\t<div class=\"elementor-widget-container\">\n\t\t\t\t\t<h2 class=\"elementor-heading-title elementor-size-default\">Jorge Ferrari<\/h2>\t\t\t\t<\/div>\n\t\t\t\t<\/div>\n\t\t\t\t<div class=\"elementor-element elementor-element-73cc5db elementor-widget elementor-widget-text-editor\" data-id=\"73cc5db\" data-element_type=\"widget\" data-e-type=\"widget\" data-widget_type=\"text-editor.default\">\n\t\t\t\t<div class=\"elementor-widget-container\">\n\t\t\t\t\t\t\t\t\t<p style=\"text-align: justify;\"><strong>Great Place to Work\u00ae CARCA, Chairman<\/strong><\/p><p class=\"translation-block\">Founder and shareholder of Great Place to Work\u00ae Institute Mexico, he works with companies to support their leaders in the transformation of organizational culture to achieve excellence in the workplace for all. Together with the most important media in the country, he has developed the project \" Best Workplaces\u2122 in Mexico \".\nThis year the Institute celebrates 18 years of operation in Mexico, in that period the Institute grew from 20 to 1000 clients and from US$ 50,000 to US$ 10M.<\/p><p class=\"translation-block\">Jorge Ferrari is also a shareholder and COO of Great Place to Work\u00ae  in Hong Kong, Mainland China, Taiwan and Macau.\nHe has given several seminars and workshops including organizing and participating in President Bill Clinton's  keynote conference in Mexico on the topic: \"Leadership and Collective Prosperity\".\nHe has participated in  many consulting projects including Organizational Development, Management Processes and Transformation to improve performance in  top-tier\t companies, carrying them out in several regions of the world, including South and North America, Europe, Asia and Africa.\nHe holds a Master of Science in Engineering (UCLA) and a Bachelor of Science in Electromechanical Engineering (University of Buenos Aires, Argentina).<\/p>\t\t\t\t\t\t\t\t<\/div>\n\t\t\t\t<\/div>\n\t\t\t\t\t<\/div>\n\t\t<\/div>\n\t\t\t\t<div class=\"elementor-column elementor-col-50 elementor-inner-column elementor-element elementor-element-05bcca7\" data-id=\"05bcca7\" data-element_type=\"column\" data-e-type=\"column\">\n\t\t\t<div class=\"elementor-widget-wrap elementor-element-populated\">\n\t\t\t\t\t\t<div class=\"elementor-element elementor-element-f664649 elementor-widget elementor-widget-image\" data-id=\"f664649\" data-element_type=\"widget\" data-e-type=\"widget\" data-widget_type=\"image.default\">\n\t\t\t\t<div class=\"elementor-widget-container\">\n\t\t\t\t\t\t\t\t\t\t\t\t\t\t\t<img decoding=\"async\" width=\"400\" height=\"400\" src=\"https:\/\/greatplacetoworkcarca.com\/wp-content\/uploads\/2022\/11\/Jorge-Ferrari.png\" class=\"attachment-large size-large wp-image-22624\" alt=\"\" srcset=\"https:\/\/greatplacetoworkcarca.com\/wp-content\/uploads\/2022\/11\/Jorge-Ferrari.png 400w, https:\/\/greatplacetoworkcarca.com\/wp-content\/uploads\/2022\/11\/Jorge-Ferrari-300x300.png 300w, https:\/\/greatplacetoworkcarca.com\/wp-content\/uploads\/2022\/11\/Jorge-Ferrari-150x150.png 150w, https:\/\/greatplacetoworkcarca.com\/wp-content\/uploads\/2022\/11\/Jorge-Ferrari-12x12.png 12w, https:\/\/greatplacetoworkcarca.com\/wp-content\/uploads\/2022\/11\/Jorge-Ferrari-100x100.png 100w\" sizes=\"100vw\" \/>\t\t\t\t\t\t\t\t\t\t\t\t\t\t\t<\/div>\n\t\t\t\t<\/div>\n\t\t\t\t\t<\/div>\n\t\t<\/div>\n\t\t\t\t\t<\/div>\n\t\t<\/section>\n\t\t\t\t\t<\/div>\n\t\t<\/div>\n\t\t\t\t\t<\/div>\n\t\t<\/section>\n\t\t\t\t<section class=\"elementor-section elementor-top-section elementor-element elementor-element-332acd4 elementor-section-boxed elementor-section-height-default elementor-section-height-default\" data-id=\"332acd4\" data-element_type=\"section\" data-e-type=\"section\" data-settings=\"{&quot;background_background&quot;:&quot;classic&quot;}\">\n\t\t\t\t\t\t<div class=\"elementor-container elementor-column-gap-default\">\n\t\t\t\t\t<div class=\"elementor-column elementor-col-100 elementor-top-column elementor-element elementor-element-034a3bb\" data-id=\"034a3bb\" data-element_type=\"column\" data-e-type=\"column\">\n\t\t\t<div class=\"elementor-widget-wrap elementor-element-populated\">\n\t\t\t\t\t\t<section class=\"elementor-section elementor-inner-section elementor-element elementor-element-c7fd0de elementor-reverse-tablet elementor-reverse-mobile elementor-section-boxed elementor-section-height-default elementor-section-height-default\" data-id=\"c7fd0de\" data-element_type=\"section\" data-e-type=\"section\">\n\t\t\t\t\t\t<div class=\"elementor-container elementor-column-gap-default\">\n\t\t\t\t\t<div class=\"elementor-column elementor-col-50 elementor-inner-column elementor-element elementor-element-3356c15\" data-id=\"3356c15\" data-element_type=\"column\" data-e-type=\"column\">\n\t\t\t<div class=\"elementor-widget-wrap elementor-element-populated\">\n\t\t\t\t\t\t<div class=\"elementor-element elementor-element-28193d7 elementor-widget elementor-widget-image\" data-id=\"28193d7\" data-element_type=\"widget\" data-e-type=\"widget\" data-widget_type=\"image.default\">\n\t\t\t\t<div class=\"elementor-widget-container\">\n\t\t\t\t\t\t\t\t\t\t\t\t\t\t\t<img decoding=\"async\" width=\"400\" height=\"400\" src=\"https:\/\/greatplacetoworkcarca.com\/wp-content\/uploads\/2022\/07\/renan-gonzales.png\" class=\"attachment-large size-large wp-image-11377\" alt=\"\" srcset=\"https:\/\/greatplacetoworkcarca.com\/wp-content\/uploads\/2022\/07\/renan-gonzales.png 400w, https:\/\/greatplacetoworkcarca.com\/wp-content\/uploads\/2022\/07\/renan-gonzales-300x300.png 300w, https:\/\/greatplacetoworkcarca.com\/wp-content\/uploads\/2022\/07\/renan-gonzales-150x150.png 150w, https:\/\/greatplacetoworkcarca.com\/wp-content\/uploads\/2022\/07\/renan-gonzales-100x100.png 100w\" sizes=\"100vw\" \/>\t\t\t\t\t\t\t\t\t\t\t\t\t\t\t<\/div>\n\t\t\t\t<\/div>\n\t\t\t\t\t<\/div>\n\t\t<\/div>\n\t\t\t\t<div class=\"elementor-column elementor-col-50 elementor-inner-column elementor-element elementor-element-3638bbe\" data-id=\"3638bbe\" data-element_type=\"column\" data-e-type=\"column\">\n\t\t\t<div class=\"elementor-widget-wrap elementor-element-populated\">\n\t\t\t\t\t\t<div class=\"elementor-element elementor-element-efcb2c3 elementor-widget elementor-widget-heading\" data-id=\"efcb2c3\" data-element_type=\"widget\" data-e-type=\"widget\" data-widget_type=\"heading.default\">\n\t\t\t\t<div class=\"elementor-widget-container\">\n\t\t\t\t\t<h2 class=\"elementor-heading-title elementor-size-default\">Ren\u00e1n Gonz\u00e1lez Nieto<\/h2>\t\t\t\t<\/div>\n\t\t\t\t<\/div>\n\t\t\t\t<div class=\"elementor-element elementor-element-7163955 elementor-widget elementor-widget-text-editor\" data-id=\"7163955\" data-element_type=\"widget\" data-e-type=\"widget\" data-widget_type=\"text-editor.default\">\n\t\t\t\t<div class=\"elementor-widget-container\">\n\t\t\t\t\t\t\t\t\t<p style=\"text-align: justify;\"><strong>CEO of Great Place to Work\u00ae CARCA<\/strong><\/p><p><span style=\"font-weight: 400; text-align: justify;\">Renan is an expert in the areas of strategy development and implementation, financial management, and corporate performance management. Renan has 20 years of extensive international business experience among Fortune 5 companies and global\/regional business development groups. Renan is a leader in developing and directing organizations to focus on business model improvement, sales growth, profitability, financial restructuring, and strategic planning. He graduated as an Information Systems Engineer (Universidad Francisco Marroqu\u00edn, Guatemala) and has a Postgraduate Degree in Financial Engineering ((Universidad de Las Americas, Mexico). He also completed postgraduate studies in Marketing (Kellogg Business School, Chicago, USA), and Business Strategy (Palladium Group, Boston, USA).<\/span><\/p>\t\t\t\t\t\t\t\t<\/div>\n\t\t\t\t<\/div>\n\t\t\t\t\t<\/div>\n\t\t<\/div>\n\t\t\t\t\t<\/div>\n\t\t<\/section>\n\t\t\t\t\t<\/div>\n\t\t<\/div>\n\t\t\t\t\t<\/div>\n\t\t<\/section>\n\t\t\t\t<\/div>\n\t\t\n    <div class=\"xs_social_share_widget xs_share_url after_content \t\tmain_content  wslu-style-1 wslu-share-box-shaped wslu-fill-colored wslu-none wslu-share-horizontal wslu-theme-font-no wslu-main_content\">\n\n\t\t\n        <ul>\n\t\t\t        <\/ul>\n    <\/div>","protected":false},"excerpt":{"rendered":"<p>Nuestro equipo Jorge Ferrari Presidente de Great Place to Work\u00ae CARCA Fundador y accionista de Great Place to Work\u00ae Institute M\u00e9xico, trabaja junto a las empresas apoyando a sus l\u00edderes en la transformaci\u00f3n de la cultura organizacional para lograr la excelencia en el lugar de trabajo para todos. Ha desarrollado de la mano de los &hellip; <\/p>\n<p class=\"link-more\"><a href=\"https:\/\/greatplacetoworkcarca.com\/en\/equipo\/\" class=\"more-link\">Continue reading<span class=\"screen-reader-text\"> &#8220;Nuestro equipo&#8221;<\/span><\/a><\/p>","protected":false},"author":14898,"featured_media":0,"parent":0,"menu_order":0,"comment_status":"closed","ping_status":"closed","template":"elementor_header_footer","meta":{"_acf_changed":false,"footnotes":""},"class_list":["post-383","page","type-page","status-publish","hentry"],"acf":[],"yoast_head":"<!-- This site is optimized with the Yoast SEO plugin v27.4 - https:\/\/yoast.com\/product\/yoast-seo-wordpress\/ -->\n<title>Nuestro equipo - GPTW CARCA<\/title>\n<meta name=\"robots\" content=\"index, follow, max-snippet:-1, max-image-preview:large, max-video-preview:-1\" \/>\n<link rel=\"canonical\" href=\"https:\/\/greatplacetoworkcarca.com\/en\/equipo\/\" \/>\n<meta property=\"og:locale\" content=\"en_US\" \/>\n<meta property=\"og:type\" content=\"article\" \/>\n<meta property=\"og:title\" content=\"Nuestro equipo - GPTW CARCA\" \/>\n<meta property=\"og:description\" content=\"Nuestro equipo Jorge Ferrari Presidente de Great Place to Work\u00ae CARCA Fundador y accionista de Great Place to Work\u00ae Institute M\u00e9xico, trabaja junto a las empresas apoyando a sus l\u00edderes en la transformaci\u00f3n de la cultura organizacional para lograr la excelencia en el lugar de trabajo para todos. Ha desarrollado de la mano de los &hellip; Continue reading &quot;Nuestro equipo&quot;\" \/>\n<meta property=\"og:url\" content=\"https:\/\/greatplacetoworkcarca.com\/en\/equipo\/\" \/>\n<meta property=\"og:site_name\" content=\"GPTW CARCA\" \/>\n<meta property=\"article:publisher\" content=\"https:\/\/www.facebook.com\/GPTWCARCA\" \/>\n<meta property=\"article:modified_time\" content=\"2025-12-26T19:46:48+00:00\" \/>\n<meta property=\"og:image\" content=\"https:\/\/greatplacetoworkcarca.com\/wp-content\/uploads\/2022\/07\/manos-encabezado.png\" \/>\n\t<meta property=\"og:image:width\" content=\"600\" \/>\n\t<meta property=\"og:image:height\" content=\"600\" \/>\n\t<meta property=\"og:image:type\" content=\"image\/png\" \/>\n<meta name=\"twitter:card\" content=\"summary_large_image\" \/>\n<meta name=\"twitter:label1\" content=\"Est. reading time\" \/>\n\t<meta name=\"twitter:data1\" content=\"3 minutes\" \/>\n<script type=\"application\/ld+json\" class=\"yoast-schema-graph\">{\"@context\":\"https:\\\/\\\/schema.org\",\"@graph\":[{\"@type\":\"WebPage\",\"@id\":\"https:\\\/\\\/greatplacetoworkcarca.com\\\/equipo\\\/\",\"url\":\"https:\\\/\\\/greatplacetoworkcarca.com\\\/equipo\\\/\",\"name\":\"Nuestro equipo - GPTW CARCA\",\"isPartOf\":{\"@id\":\"https:\\\/\\\/greatplacetoworkcarca.com\\\/es\\\/#website\"},\"primaryImageOfPage\":{\"@id\":\"https:\\\/\\\/greatplacetoworkcarca.com\\\/equipo\\\/#primaryimage\"},\"image\":{\"@id\":\"https:\\\/\\\/greatplacetoworkcarca.com\\\/equipo\\\/#primaryimage\"},\"thumbnailUrl\":\"https:\\\/\\\/greatplacetoworkcarca.com\\\/wp-content\\\/uploads\\\/2022\\\/07\\\/manos-encabezado.png\",\"datePublished\":\"2018-11-27T05:33:19+00:00\",\"dateModified\":\"2025-12-26T19:46:48+00:00\",\"breadcrumb\":{\"@id\":\"https:\\\/\\\/greatplacetoworkcarca.com\\\/equipo\\\/#breadcrumb\"},\"inLanguage\":\"en-US\",\"potentialAction\":[{\"@type\":\"ReadAction\",\"target\":[\"https:\\\/\\\/greatplacetoworkcarca.com\\\/equipo\\\/\"]}]},{\"@type\":\"ImageObject\",\"inLanguage\":\"en-US\",\"@id\":\"https:\\\/\\\/greatplacetoworkcarca.com\\\/equipo\\\/#primaryimage\",\"url\":\"https:\\\/\\\/greatplacetoworkcarca.com\\\/wp-content\\\/uploads\\\/2022\\\/07\\\/manos-encabezado.png\",\"contentUrl\":\"https:\\\/\\\/greatplacetoworkcarca.com\\\/wp-content\\\/uploads\\\/2022\\\/07\\\/manos-encabezado.png\"},{\"@type\":\"BreadcrumbList\",\"@id\":\"https:\\\/\\\/greatplacetoworkcarca.com\\\/equipo\\\/#breadcrumb\",\"itemListElement\":[{\"@type\":\"ListItem\",\"position\":1,\"name\":\"Inicio\",\"item\":\"https:\\\/\\\/greatplacetoworkcarca.com\\\/es\\\/\"},{\"@type\":\"ListItem\",\"position\":2,\"name\":\"Nuestro equipo\"}]},{\"@type\":\"WebSite\",\"@id\":\"https:\\\/\\\/greatplacetoworkcarca.com\\\/es\\\/#website\",\"url\":\"https:\\\/\\\/greatplacetoworkcarca.com\\\/es\\\/\",\"name\":\"Great Place to Work Caribe y Centroam\u00e9rica\",\"description\":\"Great Place to Work\",\"publisher\":{\"@id\":\"https:\\\/\\\/greatplacetoworkcarca.com\\\/es\\\/#organization\"},\"alternateName\":\"Great Place to Work\",\"potentialAction\":[{\"@type\":\"SearchAction\",\"target\":{\"@type\":\"EntryPoint\",\"urlTemplate\":\"https:\\\/\\\/greatplacetoworkcarca.com\\\/es\\\/?s={search_term_string}\"},\"query-input\":{\"@type\":\"PropertyValueSpecification\",\"valueRequired\":true,\"valueName\":\"search_term_string\"}}],\"inLanguage\":\"en-US\"},{\"@type\":\"Organization\",\"@id\":\"https:\\\/\\\/greatplacetoworkcarca.com\\\/es\\\/#organization\",\"name\":\"Great Place to Work Caribe y Centroam\u00e9rica\",\"alternateName\":\"Great Place to Work\",\"url\":\"https:\\\/\\\/greatplacetoworkcarca.com\\\/es\\\/\",\"logo\":{\"@type\":\"ImageObject\",\"inLanguage\":\"en-US\",\"@id\":\"https:\\\/\\\/greatplacetoworkcarca.com\\\/es\\\/#\\\/schema\\\/logo\\\/image\\\/\",\"url\":\"https:\\\/\\\/greatplacetoworkcarca.com\\\/wp-content\\\/uploads\\\/2018\\\/11\\\/1200px-GPTW_logo.jpg\",\"contentUrl\":\"https:\\\/\\\/greatplacetoworkcarca.com\\\/wp-content\\\/uploads\\\/2018\\\/11\\\/1200px-GPTW_logo.jpg\",\"width\":1200,\"height\":1200,\"caption\":\"Great Place to Work Caribe y Centroam\u00e9rica\"},\"image\":{\"@id\":\"https:\\\/\\\/greatplacetoworkcarca.com\\\/es\\\/#\\\/schema\\\/logo\\\/image\\\/\"},\"sameAs\":[\"https:\\\/\\\/www.facebook.com\\\/GPTWCARCA\"]}]}<\/script>\n<!-- \/ Yoast SEO plugin. -->","yoast_head_json":{"title":"Nuestro equipo - GPTW CARCA","robots":{"index":"index","follow":"follow","max-snippet":"max-snippet:-1","max-image-preview":"max-image-preview:large","max-video-preview":"max-video-preview:-1"},"canonical":"https:\/\/greatplacetoworkcarca.com\/en\/equipo\/","og_locale":"en_US","og_type":"article","og_title":"Nuestro equipo - GPTW CARCA","og_description":"Nuestro equipo Jorge Ferrari Presidente de Great Place to Work\u00ae CARCA Fundador y accionista de Great Place to Work\u00ae Institute M\u00e9xico, trabaja junto a las empresas apoyando a sus l\u00edderes en la transformaci\u00f3n de la cultura organizacional para lograr la excelencia en el lugar de trabajo para todos. Ha desarrollado de la mano de los &hellip; Continue reading \"Nuestro equipo\"","og_url":"https:\/\/greatplacetoworkcarca.com\/en\/equipo\/","og_site_name":"GPTW CARCA","article_publisher":"https:\/\/www.facebook.com\/GPTWCARCA","article_modified_time":"2025-12-26T19:46:48+00:00","og_image":[{"width":600,"height":600,"url":"https:\/\/greatplacetoworkcarca.com\/wp-content\/uploads\/2022\/07\/manos-encabezado.png","type":"image\/png"}],"twitter_card":"summary_large_image","twitter_misc":{"Est. reading time":"3 minutes"},"schema":{"@context":"https:\/\/schema.org","@graph":[{"@type":"WebPage","@id":"https:\/\/greatplacetoworkcarca.com\/equipo\/","url":"https:\/\/greatplacetoworkcarca.com\/equipo\/","name":"Nuestro equipo - GPTW CARCA","isPartOf":{"@id":"https:\/\/greatplacetoworkcarca.com\/es\/#website"},"primaryImageOfPage":{"@id":"https:\/\/greatplacetoworkcarca.com\/equipo\/#primaryimage"},"image":{"@id":"https:\/\/greatplacetoworkcarca.com\/equipo\/#primaryimage"},"thumbnailUrl":"https:\/\/greatplacetoworkcarca.com\/wp-content\/uploads\/2022\/07\/manos-encabezado.png","datePublished":"2018-11-27T05:33:19+00:00","dateModified":"2025-12-26T19:46:48+00:00","breadcrumb":{"@id":"https:\/\/greatplacetoworkcarca.com\/equipo\/#breadcrumb"},"inLanguage":"en-US","potentialAction":[{"@type":"ReadAction","target":["https:\/\/greatplacetoworkcarca.com\/equipo\/"]}]},{"@type":"ImageObject","inLanguage":"en-US","@id":"https:\/\/greatplacetoworkcarca.com\/equipo\/#primaryimage","url":"https:\/\/greatplacetoworkcarca.com\/wp-content\/uploads\/2022\/07\/manos-encabezado.png","contentUrl":"https:\/\/greatplacetoworkcarca.com\/wp-content\/uploads\/2022\/07\/manos-encabezado.png"},{"@type":"BreadcrumbList","@id":"https:\/\/greatplacetoworkcarca.com\/equipo\/#breadcrumb","itemListElement":[{"@type":"ListItem","position":1,"name":"Inicio","item":"https:\/\/greatplacetoworkcarca.com\/es\/"},{"@type":"ListItem","position":2,"name":"Nuestro equipo"}]},{"@type":"WebSite","@id":"https:\/\/greatplacetoworkcarca.com\/es\/#website","url":"https:\/\/greatplacetoworkcarca.com\/es\/","name":"Great Place to Work Caribe y Centroam\u00e9rica","description":"Great Place to Work","publisher":{"@id":"https:\/\/greatplacetoworkcarca.com\/es\/#organization"},"alternateName":"Great Place to Work","potentialAction":[{"@type":"SearchAction","target":{"@type":"EntryPoint","urlTemplate":"https:\/\/greatplacetoworkcarca.com\/es\/?s={search_term_string}"},"query-input":{"@type":"PropertyValueSpecification","valueRequired":true,"valueName":"search_term_string"}}],"inLanguage":"en-US"},{"@type":"Organization","@id":"https:\/\/greatplacetoworkcarca.com\/es\/#organization","name":"Great Place to Work Caribe y Centroam\u00e9rica","alternateName":"Great Place to Work","url":"https:\/\/greatplacetoworkcarca.com\/es\/","logo":{"@type":"ImageObject","inLanguage":"en-US","@id":"https:\/\/greatplacetoworkcarca.com\/es\/#\/schema\/logo\/image\/","url":"https:\/\/greatplacetoworkcarca.com\/wp-content\/uploads\/2018\/11\/1200px-GPTW_logo.jpg","contentUrl":"https:\/\/greatplacetoworkcarca.com\/wp-content\/uploads\/2018\/11\/1200px-GPTW_logo.jpg","width":1200,"height":1200,"caption":"Great Place to Work Caribe y Centroam\u00e9rica"},"image":{"@id":"https:\/\/greatplacetoworkcarca.com\/es\/#\/schema\/logo\/image\/"},"sameAs":["https:\/\/www.facebook.com\/GPTWCARCA"]}]}},"_links":{"self":[{"href":"https:\/\/greatplacetoworkcarca.com\/en\/wp-json\/wp\/v2\/pages\/383","targetHints":{"allow":["GET"]}}],"collection":[{"href":"https:\/\/greatplacetoworkcarca.com\/en\/wp-json\/wp\/v2\/pages"}],"about":[{"href":"https:\/\/greatplacetoworkcarca.com\/en\/wp-json\/wp\/v2\/types\/page"}],"author":[{"embeddable":true,"href":"https:\/\/greatplacetoworkcarca.com\/en\/wp-json\/wp\/v2\/users\/14898"}],"replies":[{"embeddable":true,"href":"https:\/\/greatplacetoworkcarca.com\/en\/wp-json\/wp\/v2\/comments?post=383"}],"version-history":[{"count":3,"href":"https:\/\/greatplacetoworkcarca.com\/en\/wp-json\/wp\/v2\/pages\/383\/revisions"}],"predecessor-version":[{"id":82424,"href":"https:\/\/greatplacetoworkcarca.com\/en\/wp-json\/wp\/v2\/pages\/383\/revisions\/82424"}],"wp:attachment":[{"href":"https:\/\/greatplacetoworkcarca.com\/en\/wp-json\/wp\/v2\/media?parent=383"}],"curies":[{"name":"wp","href":"https:\/\/api.w.org\/{rel}","templated":true}]}}