{"id":709,"date":"2018-12-01T00:34:57","date_gmt":"2018-12-01T06:34:57","guid":{"rendered":"https:\/\/greatplacetowork-cayc.com\/?page_id=709"},"modified":"2024-11-27T16:47:25","modified_gmt":"2024-11-27T22:47:25","slug":"acerca-del-ranking","status":"publish","type":"page","link":"https:\/\/greatplacetoworkcarca.com\/en\/ranking\/acerca-del-ranking\/","title":{"rendered":"About the ranking"},"content":{"rendered":"<div data-elementor-type=\"wp-post\" data-elementor-id=\"709\" class=\"elementor elementor-709\" data-elementor-post-type=\"page\">\n\t\t\t\t\t\t<section class=\"elementor-section elementor-top-section elementor-element elementor-element-a3d2bdc elementor-section-boxed elementor-section-height-default elementor-section-height-default\" data-id=\"a3d2bdc\" data-element_type=\"section\" data-e-type=\"section\">\n\t\t\t\t\t\t<div class=\"elementor-container elementor-column-gap-default\">\n\t\t\t\t\t<div class=\"elementor-column elementor-col-100 elementor-top-column elementor-element elementor-element-231c127\" data-id=\"231c127\" data-element_type=\"column\" data-e-type=\"column\">\n\t\t\t<div class=\"elementor-widget-wrap elementor-element-populated\">\n\t\t\t\t\t\t<div class=\"elementor-element elementor-element-f7a81ed elementor-widget elementor-widget-spacer\" data-id=\"f7a81ed\" data-element_type=\"widget\" data-e-type=\"widget\" data-widget_type=\"spacer.default\">\n\t\t\t\t<div class=\"elementor-widget-container\">\n\t\t\t\t\t\t\t<div class=\"elementor-spacer\">\n\t\t\t<div class=\"elementor-spacer-inner\"><\/div>\n\t\t<\/div>\n\t\t\t\t\t\t<\/div>\n\t\t\t\t<\/div>\n\t\t\t\t<div class=\"elementor-element elementor-element-54a54d6 elementor-widget elementor-widget-heading\" data-id=\"54a54d6\" data-element_type=\"widget\" data-e-type=\"widget\" data-widget_type=\"heading.default\">\n\t\t\t\t<div class=\"elementor-widget-container\">\n\t\t\t\t\t<p class=\"elementor-heading-title elementor-size-default\">How to apply to the Latin American List?<\/p>\t\t\t\t<\/div>\n\t\t\t\t<\/div>\n\t\t\t\t<div class=\"elementor-element elementor-element-e35d208 elementor-widget-divider--view-line elementor-widget elementor-widget-global elementor-global-289 elementor-widget-divider\" data-id=\"e35d208\" data-element_type=\"widget\" data-e-type=\"widget\" data-widget_type=\"divider.default\">\n\t\t\t\t<div class=\"elementor-widget-container\">\n\t\t\t\t\t\t\t<div class=\"elementor-divider\">\n\t\t\t<span class=\"elementor-divider-separator\">\n\t\t\t\t\t\t<\/span>\n\t\t<\/div>\n\t\t\t\t\t\t<\/div>\n\t\t\t\t<\/div>\n\t\t\t\t\t<\/div>\n\t\t<\/div>\n\t\t\t\t\t<\/div>\n\t\t<\/section>\n\t\t\t\t<section class=\"elementor-section elementor-top-section elementor-element elementor-element-0d6eca9 elementor-section-boxed elementor-section-height-default elementor-section-height-default\" data-id=\"0d6eca9\" data-element_type=\"section\" data-e-type=\"section\">\n\t\t\t\t\t\t<div class=\"elementor-container elementor-column-gap-default\">\n\t\t\t\t\t<div class=\"elementor-column elementor-col-100 elementor-top-column elementor-element elementor-element-900daa6\" data-id=\"900daa6\" data-element_type=\"column\" data-e-type=\"column\">\n\t\t\t<div class=\"elementor-widget-wrap elementor-element-populated\">\n\t\t\t\t\t\t<div class=\"elementor-element elementor-element-1675521 elementor-widget elementor-widget-spacer\" data-id=\"1675521\" data-element_type=\"widget\" data-e-type=\"widget\" data-widget_type=\"spacer.default\">\n\t\t\t\t<div class=\"elementor-widget-container\">\n\t\t\t\t\t\t\t<div class=\"elementor-spacer\">\n\t\t\t<div class=\"elementor-spacer-inner\"><\/div>\n\t\t<\/div>\n\t\t\t\t\t\t<\/div>\n\t\t\t\t<\/div>\n\t\t\t\t\t<\/div>\n\t\t<\/div>\n\t\t\t\t\t<\/div>\n\t\t<\/section>\n\t\t\t\t<section class=\"elementor-section elementor-top-section elementor-element elementor-element-cb33d4a elementor-section-boxed elementor-section-height-default elementor-section-height-default\" data-id=\"cb33d4a\" data-element_type=\"section\" data-e-type=\"section\">\n\t\t\t\t\t\t<div class=\"elementor-container elementor-column-gap-default\">\n\t\t\t\t\t<div class=\"elementor-column elementor-col-100 elementor-top-column elementor-element elementor-element-70dd78b\" data-id=\"70dd78b\" data-element_type=\"column\" data-e-type=\"column\">\n\t\t\t<div class=\"elementor-widget-wrap elementor-element-populated\">\n\t\t\t\t\t\t<div class=\"elementor-element elementor-element-5e10558 elementor-widget elementor-widget-text-editor\" data-id=\"5e10558\" data-element_type=\"widget\" data-e-type=\"widget\" data-widget_type=\"text-editor.default\">\n\t\t\t\t<div class=\"elementor-widget-container\">\n\t\t\t\t\t\t\t\t\t<p class=\"translation-block\"><b>Great Place to Work\u00ae<\/b>researches and recognizes great workplaces in more than 60 countries on 6 continents. Our study represents the opinion of more than 10 million employees worldwide. As a result, our study on excellence and trust in the workplace is the most respected and extensive research in the world.<\/p><p class=\"translation-block\"><b>Great Place to Work\u00ae<\/b> methodology is rigorous, objective and determines a global standard that defines excellent workplaces in all sectors. <b>The best workplaces<\/b> are published annually in the world's most prestigious business media such as the Financial Times (United Kingdom), Fortune (United States, Korea), Gesti\u00f3n de Negocios (Mexico) and Estrategia y Negocio <b>(Central America and the Caribbean)<\/b>. For companies, our lists represent the highest distinction that can be obtained from employees for quality in the workplace.<\/p>\t\t\t\t\t\t\t\t<\/div>\n\t\t\t\t<\/div>\n\t\t\t\t<div class=\"elementor-element elementor-element-72ff497 elementor-widget elementor-widget-heading\" data-id=\"72ff497\" data-element_type=\"widget\" data-e-type=\"widget\" data-widget_type=\"heading.default\">\n\t\t\t\t<div class=\"elementor-widget-container\">\n\t\t\t\t\t<h2 class=\"elementor-heading-title elementor-size-default\">Transformative Results<\/h2>\t\t\t\t<\/div>\n\t\t\t\t<\/div>\n\t\t\t\t<div class=\"elementor-element elementor-element-c64d6ac elementor-widget elementor-widget-text-editor\" data-id=\"c64d6ac\" data-element_type=\"widget\" data-e-type=\"widget\" data-widget_type=\"text-editor.default\">\n\t\t\t\t<div class=\"elementor-widget-container\">\n\t\t\t\t\t\t\t\t\t<p>The vision obtained will be the guide to improve the work culture and be noticed among the competition. Our lists are more than advertising and positioning, the reports obtained will provide knowledge and tools to transform your workplace.<\/p><p class=\"translation-block\">More than brand recognition and positioning, our <b>Best Workplaces\u2122<\/b> lists are the tool to:<\/p><ul><li><em><strong>Workplace Competitiveness Benchmarking and Measurement<\/strong><\/em><\/li><li><em><strong>Intellectual capital to develop leadership<\/strong><\/em><\/li><li><em><strong>Human Capital best practices and knowledge sharing<\/strong><\/em><\/li><\/ul>\t\t\t\t\t\t\t\t<\/div>\n\t\t\t\t<\/div>\n\t\t\t\t\t<\/div>\n\t\t<\/div>\n\t\t\t\t\t<\/div>\n\t\t<\/section>\n\t\t\t\t<section class=\"elementor-section elementor-top-section elementor-element elementor-element-f44d1d3 elementor-section-boxed elementor-section-height-default elementor-section-height-default\" data-id=\"f44d1d3\" data-element_type=\"section\" data-e-type=\"section\">\n\t\t\t\t\t\t<div class=\"elementor-container elementor-column-gap-default\">\n\t\t\t\t\t<div class=\"elementor-column elementor-col-100 elementor-top-column elementor-element elementor-element-4e1ee9c\" data-id=\"4e1ee9c\" data-element_type=\"column\" data-e-type=\"column\">\n\t\t\t<div class=\"elementor-widget-wrap elementor-element-populated\">\n\t\t\t\t\t\t<div class=\"elementor-element elementor-element-59cb69c elementor-widget elementor-widget-text-editor\" data-id=\"59cb69c\" data-element_type=\"widget\" data-e-type=\"widget\" data-widget_type=\"text-editor.default\">\n\t\t\t\t<div class=\"elementor-widget-container\">\n\t\t\t\t\t\t\t\t\t<p>Best Workplaces\u2122 in Latin America has three categories:<\/p><ul><li><strong>Best Workplaces\u2122 Multinationals in Latin America<\/strong><\/li><li><strong>Best Workplaces\u2122 in Latin America: 20 to 499 employees<\/strong><\/li><li><strong>Best Workplaces\u2122 in Latin America: 500+ employees<\/strong><\/li><\/ul><p>Multinational companies are eligible to be part of the list if they meet the requirements:<\/p><ul><li class=\"translation-block\">A minimum of <strong>1,000 employees <\/strong>in Latin America.<\/li><li class=\"translation-block\">Have been recognized in at least <strong>three national lists in the region in the last year.<\/li><li class=\"translation-block\">At least <strong>40% of employees<\/strong> must work outside the country where the headquarters are located.<\/li><\/ul><p>At the regional level, companies are evaluated and listed with the same criteria as at the national level. The companies on the list of Multinationals receive extra points according to:<\/p><ul><li>The number of countries in the region, in which they have been recognized in the national lists.<\/li><li>The number of employees who have participated in the process compared to the total number of employees that the company has in the region.<\/li><\/ul>\t\t\t\t\t\t\t\t<\/div>\n\t\t\t\t<\/div>\n\t\t\t\t\t<\/div>\n\t\t<\/div>\n\t\t\t\t\t<\/div>\n\t\t<\/section>\n\t\t\t\t<section class=\"elementor-section elementor-top-section elementor-element elementor-element-510c352 elementor-section-boxed elementor-section-height-default elementor-section-height-default\" data-id=\"510c352\" data-element_type=\"section\" data-e-type=\"section\">\n\t\t\t\t\t\t<div class=\"elementor-container elementor-column-gap-default\">\n\t\t\t\t\t<div class=\"elementor-column elementor-col-100 elementor-top-column elementor-element elementor-element-0389eb6\" data-id=\"0389eb6\" data-element_type=\"column\" data-e-type=\"column\">\n\t\t\t<div class=\"elementor-widget-wrap elementor-element-populated\">\n\t\t\t\t\t\t<div class=\"elementor-element elementor-element-2273a0d elementor-widget elementor-widget-heading\" data-id=\"2273a0d\" data-element_type=\"widget\" data-e-type=\"widget\" data-widget_type=\"heading.default\">\n\t\t\t\t<div class=\"elementor-widget-container\">\n\t\t\t\t\t<h2 class=\"elementor-heading-title elementor-size-default\">Requirements to apply to the Caribbean and Central American lists?<\/h2>\t\t\t\t<\/div>\n\t\t\t\t<\/div>\n\t\t\t\t<div class=\"elementor-element elementor-element-a5baafe elementor-widget elementor-widget-text-editor\" data-id=\"a5baafe\" data-element_type=\"widget\" data-e-type=\"widget\" data-widget_type=\"text-editor.default\">\n\t\t\t\t<div class=\"elementor-widget-container\">\n\t\t\t\t\t\t\t\t\t<ol><li>Apply the employee survey (60 mandatory questions of the Great Place to Work Model, standard demographics, two open questions, meet the minimum 95% confidence level and margin of error less than or equal to 3%)<\/li><li>Complete the Culture Audit\u2122.<\/li><li>Have a minimum of 20 employees in the company, business unit or participating country.<\/li><li>Obtain the necessary averages in Trust Index\u2122 (70%) and Culture Audit\u2122 (50%).<\/li><li>Approve the telephone or face-to-face audit.<\/li><li>3 years after the company was established in the national market.<\/li><\/ol>\t\t\t\t\t\t\t\t<\/div>\n\t\t\t\t<\/div>\n\t\t\t\t\t<\/div>\n\t\t<\/div>\n\t\t\t\t\t<\/div>\n\t\t<\/section>\n\t\t\t\t<section class=\"elementor-section elementor-top-section elementor-element elementor-element-884944c elementor-section-boxed elementor-section-height-default elementor-section-height-default\" data-id=\"884944c\" data-element_type=\"section\" data-e-type=\"section\" data-settings=\"{&quot;background_background&quot;:&quot;classic&quot;}\">\n\t\t\t\t\t\t<div class=\"elementor-container elementor-column-gap-default\">\n\t\t\t\t\t<div class=\"elementor-column elementor-col-100 elementor-top-column elementor-element elementor-element-af6d134\" data-id=\"af6d134\" data-element_type=\"column\" data-e-type=\"column\">\n\t\t\t<div class=\"elementor-widget-wrap elementor-element-populated\">\n\t\t\t\t\t\t<div class=\"elementor-element elementor-element-f1a5d4a elementor-widget elementor-widget-spacer\" data-id=\"f1a5d4a\" data-element_type=\"widget\" data-e-type=\"widget\" data-widget_type=\"spacer.default\">\n\t\t\t\t<div class=\"elementor-widget-container\">\n\t\t\t\t\t\t\t<div class=\"elementor-spacer\">\n\t\t\t<div class=\"elementor-spacer-inner\"><\/div>\n\t\t<\/div>\n\t\t\t\t\t\t<\/div>\n\t\t\t\t<\/div>\n\t\t\t\t<div class=\"elementor-element elementor-element-e46ce57 elementor-widget elementor-widget-heading\" data-id=\"e46ce57\" data-element_type=\"widget\" data-e-type=\"widget\" data-widget_type=\"heading.default\">\n\t\t\t\t<div class=\"elementor-widget-container\">\n\t\t\t\t\t<h1 class=\"elementor-heading-title elementor-size-default\">Contact us today to be one of<\/h1>\t\t\t\t<\/div>\n\t\t\t\t<\/div>\n\t\t\t\t<div class=\"elementor-element elementor-element-46a52a9 elementor-widget elementor-widget-heading\" data-id=\"46a52a9\" data-element_type=\"widget\" data-e-type=\"widget\" data-widget_type=\"heading.default\">\n\t\t\t\t<div class=\"elementor-widget-container\">\n\t\t\t\t\t<h2 class=\"elementor-heading-title elementor-size-default translation-block\">Best Workplaces\u2122<\/h2>\t\t\t\t<\/div>\n\t\t\t\t<\/div>\n\t\t\t\t<div class=\"elementor-element elementor-element-443f453 elementor-button-danger elementor-align-center elementor-widget elementor-widget-button\" data-id=\"443f453\" data-element_type=\"widget\" data-e-type=\"widget\" data-widget_type=\"button.default\">\n\t\t\t\t<div class=\"elementor-widget-container\">\n\t\t\t\t\t\t\t\t\t<div class=\"elementor-button-wrapper\">\n\t\t\t\t\t<a class=\"elementor-button elementor-button-link elementor-size-md\" href=\"https:\/\/greatplacetoworkcarca.com\/en\/contactenos\/\" id=\"unete\">\n\t\t\t\t\t\t<span class=\"elementor-button-content-wrapper\">\n\t\t\t\t\t\t\t\t\t<span class=\"elementor-button-text\">Contact Us<\/span>\n\t\t\t\t\t<\/span>\n\t\t\t\t\t<\/a>\n\t\t\t\t<\/div>\n\t\t\t\t\t\t\t\t<\/div>\n\t\t\t\t<\/div>\n\t\t\t\t<div class=\"elementor-element elementor-element-f285ae0 elementor-widget elementor-widget-spacer\" data-id=\"f285ae0\" data-element_type=\"widget\" data-e-type=\"widget\" data-widget_type=\"spacer.default\">\n\t\t\t\t<div class=\"elementor-widget-container\">\n\t\t\t\t\t\t\t<div class=\"elementor-spacer\">\n\t\t\t<div class=\"elementor-spacer-inner\"><\/div>\n\t\t<\/div>\n\t\t\t\t\t\t<\/div>\n\t\t\t\t<\/div>\n\t\t\t\t\t<\/div>\n\t\t<\/div>\n\t\t\t\t\t<\/div>\n\t\t<\/section>\n\t\t\t\t<section class=\"elementor-section elementor-top-section elementor-element elementor-element-285fc1ce elementor-hidden-desktop elementor-hidden-tablet elementor-hidden-phone elementor-section-boxed elementor-section-height-default elementor-section-height-default\" data-id=\"285fc1ce\" data-element_type=\"section\" data-e-type=\"section\">\n\t\t\t\t\t\t<div class=\"elementor-container elementor-column-gap-default\">\n\t\t\t\t\t<div class=\"elementor-column elementor-col-100 elementor-top-column elementor-element elementor-element-47d64fe0\" data-id=\"47d64fe0\" data-element_type=\"column\" data-e-type=\"column\">\n\t\t\t<div class=\"elementor-widget-wrap elementor-element-populated\">\n\t\t\t\t\t\t<div class=\"elementor-element elementor-element-5143b665 elementor-widget elementor-widget-html\" data-id=\"5143b665\" data-element_type=\"widget\" data-e-type=\"widget\" data-widget_type=\"html.default\">\n\t\t\t\t<div class=\"elementor-widget-container\">\n\t\t\t\t\t<style type=\"text\/css\">\n\n#unete {\nbackground-color: red;\n}\n\n\n@media (max-width: 767px){\n    \n.elementor-slides .slick-slide-inner .elementor-slide-heading{\nfont-size: 24px;\ntext-align: center;\n}    \n\n.elementor-slides .slick-slide-inner .elementor-slide-description{\nfont-size: 30px;\ntext-align: center;\n}\n\n.elementor-7 .elementor-element.elementor-element-e446931 .elementor-slide-content {\n    max-width: 100%;\n}\n\n.menu{\nbackground-color: white;\ncolor: black;\n}\n\n\n\n.iconLog{\ncolor: #262a2b !important;\n}\n\n.elementor-search-form__toggle{\n color: #262a2b !important;   \n}\n\n.elementor-menu-toggle{\ncolor: #262a2b !important;  \n}\n    \n    \n}\n\n\n<\/style>\n\t\t\t\t<\/div>\n\t\t\t\t<\/div>\n\t\t\t\t\t<\/div>\n\t\t<\/div>\n\t\t\t\t\t<\/div>\n\t\t<\/section>\n\t\t\t\t<\/div>\n\t\t\n    <div class=\"xs_social_share_widget xs_share_url after_content \t\tmain_content  wslu-style-1 wslu-share-box-shaped wslu-fill-colored wslu-none wslu-share-horizontal wslu-theme-font-no wslu-main_content\">\n\n\t\t\n        <ul>\n\t\t\t        <\/ul>\n    <\/div>","protected":false},"excerpt":{"rendered":"<p>\u00bfC\u00f3mo aplicar a las Listas de Latinoam\u00e9rica? Great Place to Work\u00ae investiga y reconoce a los excelentes lugares de trabajo en m\u00e1s de 60 pa\u00edses en los 6 continentes. Nuestro estudio representa la opini\u00f3n de m\u00e1s de 10 millones de colaboradores a nivel mundial. Por ello, nuestro estudio sobre la excelencia y la confianza en &hellip; <\/p>\n<p class=\"link-more\"><a href=\"https:\/\/greatplacetoworkcarca.com\/en\/ranking\/acerca-del-ranking\/\" class=\"more-link\">Continue reading<span class=\"screen-reader-text\"> &#8220;Acerca del Ranking&#8221;<\/span><\/a><\/p>","protected":false},"author":14898,"featured_media":0,"parent":864,"menu_order":0,"comment_status":"closed","ping_status":"closed","template":"elementor_header_footer","meta":{"_acf_changed":false,"footnotes":""},"class_list":["post-709","page","type-page","status-publish","hentry"],"acf":[],"yoast_head":"<!-- This site is optimized with the Yoast SEO plugin v27.4 - https:\/\/yoast.com\/product\/yoast-seo-wordpress\/ -->\n<title>Acerca del Ranking - GPTW CARCA<\/title>\n<meta name=\"robots\" content=\"index, follow, max-snippet:-1, max-image-preview:large, max-video-preview:-1\" \/>\n<link rel=\"canonical\" href=\"https:\/\/greatplacetoworkcarca.com\/en\/ranking\/acerca-del-ranking\/\" \/>\n<meta property=\"og:locale\" content=\"en_US\" \/>\n<meta property=\"og:type\" content=\"article\" \/>\n<meta property=\"og:title\" content=\"Acerca del Ranking - GPTW CARCA\" \/>\n<meta property=\"og:description\" content=\"\u00bfC\u00f3mo aplicar a las Listas de Latinoam\u00e9rica? Great Place to Work\u00ae investiga y reconoce a los excelentes lugares de trabajo en m\u00e1s de 60 pa\u00edses en los 6 continentes. Nuestro estudio representa la opini\u00f3n de m\u00e1s de 10 millones de colaboradores a nivel mundial. Por ello, nuestro estudio sobre la excelencia y la confianza en &hellip; Continue reading &quot;Acerca del Ranking&quot;\" \/>\n<meta property=\"og:url\" content=\"https:\/\/greatplacetoworkcarca.com\/en\/ranking\/acerca-del-ranking\/\" \/>\n<meta property=\"og:site_name\" content=\"GPTW CARCA\" \/>\n<meta property=\"article:publisher\" content=\"https:\/\/www.facebook.com\/GPTWCARCA\" \/>\n<meta property=\"article:modified_time\" content=\"2024-11-27T22:47:25+00:00\" \/>\n<meta property=\"og:image\" content=\"https:\/\/greatplacetoworkcarca.com\/wp-content\/uploads\/2018\/11\/1200px-GPTW_logo.jpg\" \/>\n\t<meta property=\"og:image:width\" content=\"1200\" \/>\n\t<meta property=\"og:image:height\" content=\"1200\" \/>\n\t<meta property=\"og:image:type\" content=\"image\/jpeg\" \/>\n<meta name=\"twitter:card\" content=\"summary_large_image\" \/>\n<meta name=\"twitter:label1\" content=\"Est. reading time\" \/>\n\t<meta name=\"twitter:data1\" content=\"3 minutes\" \/>\n<script type=\"application\/ld+json\" class=\"yoast-schema-graph\">{\"@context\":\"https:\\\/\\\/schema.org\",\"@graph\":[{\"@type\":\"WebPage\",\"@id\":\"https:\\\/\\\/greatplacetoworkcarca.com\\\/ranking\\\/acerca-del-ranking\\\/\",\"url\":\"https:\\\/\\\/greatplacetoworkcarca.com\\\/ranking\\\/acerca-del-ranking\\\/\",\"name\":\"Acerca del Ranking - GPTW CARCA\",\"isPartOf\":{\"@id\":\"https:\\\/\\\/greatplacetoworkcarca.com\\\/es\\\/#website\"},\"datePublished\":\"2018-12-01T06:34:57+00:00\",\"dateModified\":\"2024-11-27T22:47:25+00:00\",\"breadcrumb\":{\"@id\":\"https:\\\/\\\/greatplacetoworkcarca.com\\\/ranking\\\/acerca-del-ranking\\\/#breadcrumb\"},\"inLanguage\":\"en-US\",\"potentialAction\":[{\"@type\":\"ReadAction\",\"target\":[\"https:\\\/\\\/greatplacetoworkcarca.com\\\/ranking\\\/acerca-del-ranking\\\/\"]}]},{\"@type\":\"BreadcrumbList\",\"@id\":\"https:\\\/\\\/greatplacetoworkcarca.com\\\/ranking\\\/acerca-del-ranking\\\/#breadcrumb\",\"itemListElement\":[{\"@type\":\"ListItem\",\"position\":1,\"name\":\"Inicio\",\"item\":\"https:\\\/\\\/greatplacetoworkcarca.com\\\/es\\\/\"},{\"@type\":\"ListItem\",\"position\":2,\"name\":\"Ranking\",\"item\":\"https:\\\/\\\/greatplacetoworkcarca.com\\\/es\\\/ranking\\\/\"},{\"@type\":\"ListItem\",\"position\":3,\"name\":\"Acerca del Ranking\"}]},{\"@type\":\"WebSite\",\"@id\":\"https:\\\/\\\/greatplacetoworkcarca.com\\\/es\\\/#website\",\"url\":\"https:\\\/\\\/greatplacetoworkcarca.com\\\/es\\\/\",\"name\":\"Great Place to Work Caribe y Centroam\u00e9rica\",\"description\":\"Great Place to Work\",\"publisher\":{\"@id\":\"https:\\\/\\\/greatplacetoworkcarca.com\\\/es\\\/#organization\"},\"alternateName\":\"Great Place to Work\",\"potentialAction\":[{\"@type\":\"SearchAction\",\"target\":{\"@type\":\"EntryPoint\",\"urlTemplate\":\"https:\\\/\\\/greatplacetoworkcarca.com\\\/es\\\/?s={search_term_string}\"},\"query-input\":{\"@type\":\"PropertyValueSpecification\",\"valueRequired\":true,\"valueName\":\"search_term_string\"}}],\"inLanguage\":\"en-US\"},{\"@type\":\"Organization\",\"@id\":\"https:\\\/\\\/greatplacetoworkcarca.com\\\/es\\\/#organization\",\"name\":\"Great Place to Work Caribe y Centroam\u00e9rica\",\"alternateName\":\"Great Place to Work\",\"url\":\"https:\\\/\\\/greatplacetoworkcarca.com\\\/es\\\/\",\"logo\":{\"@type\":\"ImageObject\",\"inLanguage\":\"en-US\",\"@id\":\"https:\\\/\\\/greatplacetoworkcarca.com\\\/es\\\/#\\\/schema\\\/logo\\\/image\\\/\",\"url\":\"https:\\\/\\\/greatplacetoworkcarca.com\\\/wp-content\\\/uploads\\\/2018\\\/11\\\/1200px-GPTW_logo.jpg\",\"contentUrl\":\"https:\\\/\\\/greatplacetoworkcarca.com\\\/wp-content\\\/uploads\\\/2018\\\/11\\\/1200px-GPTW_logo.jpg\",\"width\":1200,\"height\":1200,\"caption\":\"Great Place to Work Caribe y Centroam\u00e9rica\"},\"image\":{\"@id\":\"https:\\\/\\\/greatplacetoworkcarca.com\\\/es\\\/#\\\/schema\\\/logo\\\/image\\\/\"},\"sameAs\":[\"https:\\\/\\\/www.facebook.com\\\/GPTWCARCA\"]}]}<\/script>\n<!-- \/ Yoast SEO plugin. -->","yoast_head_json":{"title":"Acerca del Ranking - GPTW CARCA","robots":{"index":"index","follow":"follow","max-snippet":"max-snippet:-1","max-image-preview":"max-image-preview:large","max-video-preview":"max-video-preview:-1"},"canonical":"https:\/\/greatplacetoworkcarca.com\/en\/ranking\/acerca-del-ranking\/","og_locale":"en_US","og_type":"article","og_title":"Acerca del Ranking - GPTW CARCA","og_description":"\u00bfC\u00f3mo aplicar a las Listas de Latinoam\u00e9rica? Great Place to Work\u00ae investiga y reconoce a los excelentes lugares de trabajo en m\u00e1s de 60 pa\u00edses en los 6 continentes. Nuestro estudio representa la opini\u00f3n de m\u00e1s de 10 millones de colaboradores a nivel mundial. Por ello, nuestro estudio sobre la excelencia y la confianza en &hellip; Continue reading \"Acerca del Ranking\"","og_url":"https:\/\/greatplacetoworkcarca.com\/en\/ranking\/acerca-del-ranking\/","og_site_name":"GPTW CARCA","article_publisher":"https:\/\/www.facebook.com\/GPTWCARCA","article_modified_time":"2024-11-27T22:47:25+00:00","og_image":[{"width":1200,"height":1200,"url":"https:\/\/greatplacetoworkcarca.com\/wp-content\/uploads\/2018\/11\/1200px-GPTW_logo.jpg","type":"image\/jpeg"}],"twitter_card":"summary_large_image","twitter_misc":{"Est. reading time":"3 minutes"},"schema":{"@context":"https:\/\/schema.org","@graph":[{"@type":"WebPage","@id":"https:\/\/greatplacetoworkcarca.com\/ranking\/acerca-del-ranking\/","url":"https:\/\/greatplacetoworkcarca.com\/ranking\/acerca-del-ranking\/","name":"Acerca del Ranking - GPTW CARCA","isPartOf":{"@id":"https:\/\/greatplacetoworkcarca.com\/es\/#website"},"datePublished":"2018-12-01T06:34:57+00:00","dateModified":"2024-11-27T22:47:25+00:00","breadcrumb":{"@id":"https:\/\/greatplacetoworkcarca.com\/ranking\/acerca-del-ranking\/#breadcrumb"},"inLanguage":"en-US","potentialAction":[{"@type":"ReadAction","target":["https:\/\/greatplacetoworkcarca.com\/ranking\/acerca-del-ranking\/"]}]},{"@type":"BreadcrumbList","@id":"https:\/\/greatplacetoworkcarca.com\/ranking\/acerca-del-ranking\/#breadcrumb","itemListElement":[{"@type":"ListItem","position":1,"name":"Inicio","item":"https:\/\/greatplacetoworkcarca.com\/es\/"},{"@type":"ListItem","position":2,"name":"Ranking","item":"https:\/\/greatplacetoworkcarca.com\/es\/ranking\/"},{"@type":"ListItem","position":3,"name":"Acerca del Ranking"}]},{"@type":"WebSite","@id":"https:\/\/greatplacetoworkcarca.com\/es\/#website","url":"https:\/\/greatplacetoworkcarca.com\/es\/","name":"Great Place to Work Caribe y Centroam\u00e9rica","description":"Great Place to Work","publisher":{"@id":"https:\/\/greatplacetoworkcarca.com\/es\/#organization"},"alternateName":"Great Place to Work","potentialAction":[{"@type":"SearchAction","target":{"@type":"EntryPoint","urlTemplate":"https:\/\/greatplacetoworkcarca.com\/es\/?s={search_term_string}"},"query-input":{"@type":"PropertyValueSpecification","valueRequired":true,"valueName":"search_term_string"}}],"inLanguage":"en-US"},{"@type":"Organization","@id":"https:\/\/greatplacetoworkcarca.com\/es\/#organization","name":"Great Place to Work Caribe y Centroam\u00e9rica","alternateName":"Great Place to Work","url":"https:\/\/greatplacetoworkcarca.com\/es\/","logo":{"@type":"ImageObject","inLanguage":"en-US","@id":"https:\/\/greatplacetoworkcarca.com\/es\/#\/schema\/logo\/image\/","url":"https:\/\/greatplacetoworkcarca.com\/wp-content\/uploads\/2018\/11\/1200px-GPTW_logo.jpg","contentUrl":"https:\/\/greatplacetoworkcarca.com\/wp-content\/uploads\/2018\/11\/1200px-GPTW_logo.jpg","width":1200,"height":1200,"caption":"Great Place to Work Caribe y Centroam\u00e9rica"},"image":{"@id":"https:\/\/greatplacetoworkcarca.com\/es\/#\/schema\/logo\/image\/"},"sameAs":["https:\/\/www.facebook.com\/GPTWCARCA"]}]}},"_links":{"self":[{"href":"https:\/\/greatplacetoworkcarca.com\/en\/wp-json\/wp\/v2\/pages\/709","targetHints":{"allow":["GET"]}}],"collection":[{"href":"https:\/\/greatplacetoworkcarca.com\/en\/wp-json\/wp\/v2\/pages"}],"about":[{"href":"https:\/\/greatplacetoworkcarca.com\/en\/wp-json\/wp\/v2\/types\/page"}],"author":[{"embeddable":true,"href":"https:\/\/greatplacetoworkcarca.com\/en\/wp-json\/wp\/v2\/users\/14898"}],"replies":[{"embeddable":true,"href":"https:\/\/greatplacetoworkcarca.com\/en\/wp-json\/wp\/v2\/comments?post=709"}],"version-history":[{"count":0,"href":"https:\/\/greatplacetoworkcarca.com\/en\/wp-json\/wp\/v2\/pages\/709\/revisions"}],"up":[{"embeddable":true,"href":"https:\/\/greatplacetoworkcarca.com\/en\/wp-json\/wp\/v2\/pages\/864"}],"wp:attachment":[{"href":"https:\/\/greatplacetoworkcarca.com\/en\/wp-json\/wp\/v2\/media?parent=709"}],"curies":[{"name":"wp","href":"https:\/\/api.w.org\/{rel}","templated":true}]}}