{"id":10761,"date":"2022-05-30T11:04:04","date_gmt":"2022-05-30T17:04:04","guid":{"rendered":"https:\/\/greatplacetoworkcarca.com\/?page_id=10761"},"modified":"2022-06-09T16:59:50","modified_gmt":"2022-06-09T22:59:50","slug":"transmision","status":"publish","type":"page","link":"https:\/\/greatplacetoworkcarca.com\/es\/webinar-carca-y-givi\/transmision\/","title":{"rendered":"Transmisi\u00f3n"},"content":{"rendered":"\t\t<div data-elementor-type=\"wp-page\" data-elementor-id=\"10761\" class=\"elementor elementor-10761\" data-elementor-post-type=\"page\">\n\t\t\t\t\t\t<section class=\"elementor-section elementor-top-section elementor-element elementor-element-e5f8407 elementor-section-boxed elementor-section-height-default elementor-section-height-default\" data-id=\"e5f8407\" data-element_type=\"section\" data-e-type=\"section\" data-settings=\"{&quot;background_background&quot;:&quot;classic&quot;}\">\n\t\t\t\t\t\t<div class=\"elementor-container elementor-column-gap-default\">\n\t\t\t\t\t<div class=\"elementor-column elementor-col-100 elementor-top-column elementor-element elementor-element-dce2721\" data-id=\"dce2721\" data-element_type=\"column\" data-e-type=\"column\">\n\t\t\t<div class=\"elementor-widget-wrap elementor-element-populated\">\n\t\t\t\t\t\t<section class=\"elementor-section elementor-inner-section elementor-element elementor-element-99f5868 elementor-section-boxed elementor-section-height-default elementor-section-height-default\" data-id=\"99f5868\" data-element_type=\"section\" data-e-type=\"section\">\n\t\t\t\t\t\t<div class=\"elementor-container elementor-column-gap-default\">\n\t\t\t\t\t<div class=\"elementor-column elementor-col-33 elementor-inner-column elementor-element elementor-element-c620464\" data-id=\"c620464\" data-element_type=\"column\" data-e-type=\"column\">\n\t\t\t<div class=\"elementor-widget-wrap elementor-element-populated\">\n\t\t\t\t\t\t<div class=\"elementor-element elementor-element-10e0e90 elementor-widget elementor-widget-heading\" data-id=\"10e0e90\" data-element_type=\"widget\" data-e-type=\"widget\" data-widget_type=\"heading.default\">\n\t\t\t\t<div class=\"elementor-widget-container\">\n\t\t\t\t\t<h2 class=\"elementor-heading-title elementor-size-default\">Activa el audio dando click en la parte superior de tu pantalla donde aparece el \u00edcono<\/h2>\t\t\t\t<\/div>\n\t\t\t\t<\/div>\n\t\t\t\t\t<\/div>\n\t\t<\/div>\n\t\t\t\t<div class=\"elementor-column elementor-col-33 elementor-inner-column elementor-element elementor-element-90b18b9\" data-id=\"90b18b9\" data-element_type=\"column\" data-e-type=\"column\">\n\t\t\t<div class=\"elementor-widget-wrap elementor-element-populated\">\n\t\t\t\t\t\t<div class=\"elementor-element elementor-element-d67410a elementor-widget elementor-widget-image\" data-id=\"d67410a\" data-element_type=\"widget\" data-e-type=\"widget\" data-widget_type=\"image.default\">\n\t\t\t\t<div class=\"elementor-widget-container\">\n\t\t\t\t\t\t\t\t\t\t\t\t\t\t\t<img decoding=\"async\" width=\"200\" height=\"200\" src=\"https:\/\/greatplacetoworkcarca.com\/wp-content\/uploads\/2022\/06\/icono5.png\" class=\"attachment-large size-large wp-image-10964\" alt=\"\" srcset=\"https:\/\/greatplacetoworkcarca.com\/wp-content\/uploads\/2022\/06\/icono5.png 200w, https:\/\/greatplacetoworkcarca.com\/wp-content\/uploads\/2022\/06\/icono5-150x150.png 150w, https:\/\/greatplacetoworkcarca.com\/wp-content\/uploads\/2022\/06\/icono5-100x100.png 100w\" sizes=\"100vw\" \/>\t\t\t\t\t\t\t\t\t\t\t\t\t\t\t<\/div>\n\t\t\t\t<\/div>\n\t\t\t\t\t<\/div>\n\t\t<\/div>\n\t\t\t\t<div class=\"elementor-column elementor-col-33 elementor-inner-column elementor-element elementor-element-e77e5ae\" data-id=\"e77e5ae\" data-element_type=\"column\" data-e-type=\"column\">\n\t\t\t<div class=\"elementor-widget-wrap\">\n\t\t\t\t\t\t\t<\/div>\n\t\t<\/div>\n\t\t\t\t\t<\/div>\n\t\t<\/section>\n\t\t\t\t<section class=\"elementor-section elementor-inner-section elementor-element elementor-element-6b6a436 elementor-section-boxed elementor-section-height-default elementor-section-height-default\" data-id=\"6b6a436\" data-element_type=\"section\" data-e-type=\"section\">\n\t\t\t\t\t\t<div class=\"elementor-container elementor-column-gap-default\">\n\t\t\t\t\t<div class=\"elementor-column elementor-col-33 elementor-inner-column elementor-element elementor-element-c2750bc\" data-id=\"c2750bc\" data-element_type=\"column\" data-e-type=\"column\">\n\t\t\t<div class=\"elementor-widget-wrap\">\n\t\t\t\t\t\t\t<\/div>\n\t\t<\/div>\n\t\t\t\t<div class=\"elementor-column elementor-col-33 elementor-inner-column elementor-element elementor-element-d1fbba6\" data-id=\"d1fbba6\" data-element_type=\"column\" data-e-type=\"column\">\n\t\t\t<div class=\"elementor-widget-wrap elementor-element-populated\">\n\t\t\t\t\t\t<div class=\"elementor-element elementor-element-7cbf443 elementor-widget elementor-widget-heading\" data-id=\"7cbf443\" data-element_type=\"widget\" data-e-type=\"widget\" data-widget_type=\"heading.default\">\n\t\t\t\t<div class=\"elementor-widget-container\">\n\t\t\t\t\t<h2 class=\"elementor-heading-title elementor-size-default\">Si experimenta p\u00e9rdida de se\u00f1al, refrescar el navegador<\/h2>\t\t\t\t<\/div>\n\t\t\t\t<\/div>\n\t\t\t\t\t<\/div>\n\t\t<\/div>\n\t\t\t\t<div class=\"elementor-column elementor-col-33 elementor-inner-column elementor-element elementor-element-4d04170\" data-id=\"4d04170\" data-element_type=\"column\" data-e-type=\"column\">\n\t\t\t<div class=\"elementor-widget-wrap\">\n\t\t\t\t\t\t\t<\/div>\n\t\t<\/div>\n\t\t\t\t\t<\/div>\n\t\t<\/section>\n\t\t\t\t<section class=\"elementor-section elementor-inner-section elementor-element elementor-element-6605a23 elementor-section-boxed elementor-section-height-default elementor-section-height-default\" data-id=\"6605a23\" data-element_type=\"section\" data-e-type=\"section\">\n\t\t\t\t\t\t<div class=\"elementor-container elementor-column-gap-default\">\n\t\t\t\t\t<div class=\"elementor-column elementor-col-33 elementor-inner-column elementor-element elementor-element-ae36003\" data-id=\"ae36003\" data-element_type=\"column\" data-e-type=\"column\">\n\t\t\t<div class=\"elementor-widget-wrap\">\n\t\t\t\t\t\t\t<\/div>\n\t\t<\/div>\n\t\t\t\t<div class=\"elementor-column elementor-col-33 elementor-inner-column elementor-element elementor-element-55b3693\" data-id=\"55b3693\" data-element_type=\"column\" data-e-type=\"column\">\n\t\t\t<div class=\"elementor-widget-wrap elementor-element-populated\">\n\t\t\t\t\t\t<div class=\"elementor-element elementor-element-0a6b9b9 elementor-widget elementor-widget-html\" data-id=\"0a6b9b9\" data-element_type=\"widget\" data-e-type=\"widget\" data-widget_type=\"html.default\">\n\t\t\t\t<div class=\"elementor-widget-container\">\n\t\t\t\t\t<iframe src=\"https:\/\/player.vimeo.com\/video\/718889323?h=8b5c73e919&amp;title=0&amp;byline=0&amp;portrait=0&amp;speed=0&amp;badge=0&amp;autopause=0&amp;player_id=0&amp;app_id=58479\" width=\"640\" height=\"360\" frameborder=\"0\" allow=\"autoplay; fullscreen; picture-in-picture\" allowfullscreen title=\"Bienestar Emocional desde la &amp;Oacute;ptica del Trabajo\"><\/iframe>\t\t\t\t<\/div>\n\t\t\t\t<\/div>\n\t\t\t\t\t<\/div>\n\t\t<\/div>\n\t\t\t\t<div class=\"elementor-column elementor-col-33 elementor-inner-column elementor-element elementor-element-b4c3309\" data-id=\"b4c3309\" data-element_type=\"column\" data-e-type=\"column\">\n\t\t\t<div class=\"elementor-widget-wrap\">\n\t\t\t\t\t\t\t<\/div>\n\t\t<\/div>\n\t\t\t\t\t<\/div>\n\t\t<\/section>\n\t\t\t\t<section class=\"elementor-section elementor-inner-section elementor-element elementor-element-4ff6687 elementor-section-boxed elementor-section-height-default elementor-section-height-default\" data-id=\"4ff6687\" data-element_type=\"section\" data-e-type=\"section\">\n\t\t\t\t\t\t<div class=\"elementor-container elementor-column-gap-default\">\n\t\t\t\t\t<div class=\"elementor-column elementor-col-25 elementor-inner-column elementor-element elementor-element-50e63e6\" data-id=\"50e63e6\" data-element_type=\"column\" data-e-type=\"column\">\n\t\t\t<div class=\"elementor-widget-wrap elementor-element-populated\">\n\t\t\t\t\t\t<div class=\"elementor-element elementor-element-121ea1a elementor-widget elementor-widget-image\" data-id=\"121ea1a\" data-element_type=\"widget\" data-e-type=\"widget\" data-widget_type=\"image.default\">\n\t\t\t\t<div class=\"elementor-widget-container\">\n\t\t\t\t\t\t\t\t\t\t\t\t\t\t\t<img decoding=\"async\" src=\"https:\/\/greatplacetoworkcarca.com\/wp-content\/uploads\/elementor\/thumbs\/icono1-py3j9qta9xpgm21vdvmyzfftjw6fkasqbikkomczz4.png\" title=\"icono1\" alt=\"icono1\" loading=\"lazy\" \/>\t\t\t\t\t\t\t\t\t\t\t\t\t\t\t<\/div>\n\t\t\t\t<\/div>\n\t\t\t\t<div class=\"elementor-element elementor-element-39414e7 elementor-widget elementor-widget-button\" data-id=\"39414e7\" data-element_type=\"widget\" data-e-type=\"widget\" data-widget_type=\"button.default\">\n\t\t\t\t<div class=\"elementor-widget-container\">\n\t\t\t\t\t\t\t\t\t<div class=\"elementor-button-wrapper\">\n\t\t\t\t\t<a class=\"elementor-button elementor-button-link elementor-size-sm\" href=\"https:\/\/greatplacetoworkcarca.com\/\" target=\"_blank\">\n\t\t\t\t\t\t<span class=\"elementor-button-content-wrapper\">\n\t\t\t\t\t\t\t\t\t<span class=\"elementor-button-text\">Conoce m\u00e1s de Great Place to Work<\/span>\n\t\t\t\t\t<\/span>\n\t\t\t\t\t<\/a>\n\t\t\t\t<\/div>\n\t\t\t\t\t\t\t\t<\/div>\n\t\t\t\t<\/div>\n\t\t\t\t\t<\/div>\n\t\t<\/div>\n\t\t\t\t<div class=\"elementor-column elementor-col-25 elementor-inner-column elementor-element elementor-element-4b4016a\" data-id=\"4b4016a\" data-element_type=\"column\" data-e-type=\"column\">\n\t\t\t<div class=\"elementor-widget-wrap elementor-element-populated\">\n\t\t\t\t\t\t<div class=\"elementor-element elementor-element-e02ad30 elementor-widget elementor-widget-image\" data-id=\"e02ad30\" data-element_type=\"widget\" data-e-type=\"widget\" data-widget_type=\"image.default\">\n\t\t\t\t<div class=\"elementor-widget-container\">\n\t\t\t\t\t\t\t\t\t\t\t\t\t\t\t<img decoding=\"async\" src=\"https:\/\/greatplacetoworkcarca.com\/wp-content\/uploads\/elementor\/thumbs\/icono2-py3j9jakr9f616cslsdyfhc4st7hupyvmhcoueo5cw.png\" title=\"icono2\" alt=\"icono2\" loading=\"lazy\" \/>\t\t\t\t\t\t\t\t\t\t\t\t\t\t\t<\/div>\n\t\t\t\t<\/div>\n\t\t\t\t<div class=\"elementor-element elementor-element-a3095a8 elementor-align-center elementor-widget elementor-widget-button\" data-id=\"a3095a8\" data-element_type=\"widget\" data-e-type=\"widget\" data-widget_type=\"button.default\">\n\t\t\t\t<div class=\"elementor-widget-container\">\n\t\t\t\t\t\t\t\t\t<div class=\"elementor-button-wrapper\">\n\t\t\t\t\t<a class=\"elementor-button elementor-button-link elementor-size-sm\" href=\"https:\/\/gividominicana.com\/\" target=\"_blank\">\n\t\t\t\t\t\t<span class=\"elementor-button-content-wrapper\">\n\t\t\t\t\t\t\t\t\t<span class=\"elementor-button-text\">Conoce m\u00e1s de GIVI<\/span>\n\t\t\t\t\t<\/span>\n\t\t\t\t\t<\/a>\n\t\t\t\t<\/div>\n\t\t\t\t\t\t\t\t<\/div>\n\t\t\t\t<\/div>\n\t\t\t\t\t<\/div>\n\t\t<\/div>\n\t\t\t\t<div class=\"elementor-column elementor-col-25 elementor-inner-column elementor-element elementor-element-559a289\" data-id=\"559a289\" data-element_type=\"column\" data-e-type=\"column\">\n\t\t\t<div class=\"elementor-widget-wrap elementor-element-populated\">\n\t\t\t\t\t\t<div class=\"elementor-element elementor-element-8a0f501 elementor-widget elementor-widget-image\" data-id=\"8a0f501\" data-element_type=\"widget\" data-e-type=\"widget\" data-widget_type=\"image.default\">\n\t\t\t\t<div class=\"elementor-widget-container\">\n\t\t\t\t\t\t\t\t\t\t\t\t\t\t\t<img decoding=\"async\" src=\"https:\/\/greatplacetoworkcarca.com\/wp-content\/uploads\/elementor\/thumbs\/icono4-py3j8r3f28ckcvhr6g75cogaz92hfsuxils4g3tyjk.png\" title=\"icono4\" alt=\"icono4\" loading=\"lazy\" \/>\t\t\t\t\t\t\t\t\t\t\t\t\t\t\t<\/div>\n\t\t\t\t<\/div>\n\t\t\t\t<div class=\"elementor-element elementor-element-9edef44 elementor-align-center elementor-widget elementor-widget-button\" data-id=\"9edef44\" data-element_type=\"widget\" data-e-type=\"widget\" data-widget_type=\"button.default\">\n\t\t\t\t<div class=\"elementor-widget-container\">\n\t\t\t\t\t\t\t\t\t<div class=\"elementor-button-wrapper\">\n\t\t\t\t\t<a class=\"elementor-button elementor-button-link elementor-size-sm\" href=\"#\">\n\t\t\t\t\t\t<span class=\"elementor-button-content-wrapper\">\n\t\t\t\t\t\t\t\t\t<span class=\"elementor-button-text\">Te invitamos al chat que encontraras de tu lado derecho<\/span>\n\t\t\t\t\t<\/span>\n\t\t\t\t\t<\/a>\n\t\t\t\t<\/div>\n\t\t\t\t\t\t\t\t<\/div>\n\t\t\t\t<\/div>\n\t\t\t\t\t<\/div>\n\t\t<\/div>\n\t\t\t\t<div class=\"elementor-column elementor-col-25 elementor-inner-column elementor-element elementor-element-fed565c\" data-id=\"fed565c\" data-element_type=\"column\" data-e-type=\"column\">\n\t\t\t<div class=\"elementor-widget-wrap elementor-element-populated\">\n\t\t\t\t\t\t<div class=\"elementor-element elementor-element-6503a1e elementor-widget elementor-widget-image\" data-id=\"6503a1e\" data-element_type=\"widget\" data-e-type=\"widget\" data-widget_type=\"image.default\">\n\t\t\t\t<div class=\"elementor-widget-container\">\n\t\t\t\t\t\t\t\t\t\t\t\t\t\t\t<img decoding=\"async\" src=\"https:\/\/greatplacetoworkcarca.com\/wp-content\/uploads\/elementor\/thumbs\/icono3-py3j8jkp6efifkjudiaiq1g414dbignpu2u1dcyfec.png\" title=\"icono3\" alt=\"icono3\" loading=\"lazy\" \/>\t\t\t\t\t\t\t\t\t\t\t\t\t\t\t<\/div>\n\t\t\t\t<\/div>\n\t\t\t\t<div class=\"elementor-element elementor-element-4a90698 elementor-align-center elementor-widget elementor-widget-button\" data-id=\"4a90698\" data-element_type=\"widget\" data-e-type=\"widget\" data-widget_type=\"button.default\">\n\t\t\t\t<div class=\"elementor-widget-container\">\n\t\t\t\t\t\t\t\t\t<div class=\"elementor-button-wrapper\">\n\t\t\t\t\t<a class=\"elementor-button elementor-button-link elementor-size-sm\" href=\"https:\/\/greatplacetoworkcarca.com\/contenido\/\" target=\"_blank\">\n\t\t\t\t\t\t<span class=\"elementor-button-content-wrapper\">\n\t\t\t\t\t\t\t\t\t<span class=\"elementor-button-text\">Explorar recursos<\/span>\n\t\t\t\t\t<\/span>\n\t\t\t\t\t<\/a>\n\t\t\t\t<\/div>\n\t\t\t\t\t\t\t\t<\/div>\n\t\t\t\t<\/div>\n\t\t\t\t\t<\/div>\n\t\t<\/div>\n\t\t\t\t\t<\/div>\n\t\t<\/section>\n\t\t\t\t<section class=\"elementor-section elementor-inner-section elementor-element elementor-element-d4af3d3 elementor-section-boxed elementor-section-height-default elementor-section-height-default\" data-id=\"d4af3d3\" data-element_type=\"section\" data-e-type=\"section\">\n\t\t\t\t\t\t<div class=\"elementor-container elementor-column-gap-default\">\n\t\t\t\t\t<div class=\"elementor-column elementor-col-100 elementor-inner-column elementor-element elementor-element-d479bc5\" data-id=\"d479bc5\" data-element_type=\"column\" data-e-type=\"column\">\n\t\t\t<div class=\"elementor-widget-wrap elementor-element-populated\">\n\t\t\t\t\t\t<div class=\"elementor-element elementor-element-0170dd7 elementor-widget elementor-widget-spacer\" data-id=\"0170dd7\" data-element_type=\"widget\" data-e-type=\"widget\" data-widget_type=\"spacer.default\">\n\t\t\t\t<div class=\"elementor-widget-container\">\n\t\t\t\t\t\t\t<div class=\"elementor-spacer\">\n\t\t\t<div class=\"elementor-spacer-inner\"><\/div>\n\t\t<\/div>\n\t\t\t\t\t\t<\/div>\n\t\t\t\t<\/div>\n\t\t\t\t\t<\/div>\n\t\t<\/div>\n\t\t\t\t\t<\/div>\n\t\t<\/section>\n\t\t\t\t\t<\/div>\n\t\t<\/div>\n\t\t\t\t\t<\/div>\n\t\t<\/section>\n\t\t\t\t<\/div>\n\t\t\n    <div class=\"xs_social_share_widget xs_share_url after_content \t\tmain_content  wslu-style-1 wslu-share-box-shaped wslu-fill-colored wslu-none wslu-share-horizontal wslu-theme-font-no wslu-main_content\">\n\n\t\t\n        <ul>\n\t\t\t        <\/ul>\n    <\/div> \n","protected":false},"excerpt":{"rendered":"<p>Activa el audio dando click en la parte superior de tu pantalla donde aparece el \u00edcono Si experimenta p\u00e9rdida de se\u00f1al, refrescar el navegador Conoce m\u00e1s de Great Place to Work Conoce m\u00e1s de GIVI Te invitamos al chat que encontraras de tu lado derecho Explorar recursos<\/p>\n","protected":false},"author":14898,"featured_media":0,"parent":10722,"menu_order":0,"comment_status":"closed","ping_status":"closed","template":"elementor_header_footer","meta":{"_acf_changed":false,"footnotes":""},"class_list":["post-10761","page","type-page","status-publish","hentry"],"acf":[],"yoast_head":"<!-- This site is optimized with the Yoast SEO plugin v27.3 - https:\/\/yoast.com\/product\/yoast-seo-wordpress\/ -->\n<title>Transmisi\u00f3n - GPTW CARCA<\/title>\n<meta name=\"robots\" content=\"index, follow, max-snippet:-1, max-image-preview:large, max-video-preview:-1\" \/>\n<link rel=\"canonical\" href=\"https:\/\/greatplacetoworkcarca.com\/es\/webinar-carca-y-givi\/transmision\/\" \/>\n<meta property=\"og:locale\" content=\"es_MX\" \/>\n<meta property=\"og:type\" content=\"article\" \/>\n<meta property=\"og:title\" content=\"Transmisi\u00f3n - GPTW CARCA\" \/>\n<meta property=\"og:description\" content=\"Activa el audio dando click en la parte superior de tu pantalla donde aparece el \u00edcono Si experimenta p\u00e9rdida de se\u00f1al, refrescar el navegador Conoce m\u00e1s de Great Place to Work Conoce m\u00e1s de GIVI Te invitamos al chat que encontraras de tu lado derecho Explorar recursos\" \/>\n<meta property=\"og:url\" content=\"https:\/\/greatplacetoworkcarca.com\/es\/webinar-carca-y-givi\/transmision\/\" \/>\n<meta property=\"og:site_name\" content=\"GPTW CARCA\" \/>\n<meta property=\"article:publisher\" content=\"https:\/\/www.facebook.com\/GPTWCARCA\" \/>\n<meta property=\"article:modified_time\" content=\"2022-06-09T22:59:50+00:00\" \/>\n<meta property=\"og:image\" content=\"https:\/\/greatplacetoworkcarca.com\/wp-content\/uploads\/2022\/06\/icono5.png\" \/>\n<meta name=\"twitter:card\" content=\"summary_large_image\" \/>\n<meta name=\"twitter:label1\" content=\"Tiempo de lectura\" \/>\n\t<meta name=\"twitter:data1\" content=\"2 minutos\" \/>\n<script type=\"application\/ld+json\" class=\"yoast-schema-graph\">{\"@context\":\"https:\\\/\\\/schema.org\",\"@graph\":[{\"@type\":\"WebPage\",\"@id\":\"https:\\\/\\\/greatplacetoworkcarca.com\\\/es\\\/webinar-carca-y-givi\\\/transmision\\\/\",\"url\":\"https:\\\/\\\/greatplacetoworkcarca.com\\\/es\\\/webinar-carca-y-givi\\\/transmision\\\/\",\"name\":\"Transmisi\u00f3n - GPTW CARCA\",\"isPartOf\":{\"@id\":\"https:\\\/\\\/greatplacetoworkcarca.com\\\/es\\\/#website\"},\"primaryImageOfPage\":{\"@id\":\"https:\\\/\\\/greatplacetoworkcarca.com\\\/es\\\/webinar-carca-y-givi\\\/transmision\\\/#primaryimage\"},\"image\":{\"@id\":\"https:\\\/\\\/greatplacetoworkcarca.com\\\/es\\\/webinar-carca-y-givi\\\/transmision\\\/#primaryimage\"},\"thumbnailUrl\":\"https:\\\/\\\/greatplacetoworkcarca.com\\\/wp-content\\\/uploads\\\/2022\\\/06\\\/icono5.png\",\"datePublished\":\"2022-05-30T17:04:04+00:00\",\"dateModified\":\"2022-06-09T22:59:50+00:00\",\"breadcrumb\":{\"@id\":\"https:\\\/\\\/greatplacetoworkcarca.com\\\/es\\\/webinar-carca-y-givi\\\/transmision\\\/#breadcrumb\"},\"inLanguage\":\"es\",\"potentialAction\":[{\"@type\":\"ReadAction\",\"target\":[\"https:\\\/\\\/greatplacetoworkcarca.com\\\/es\\\/webinar-carca-y-givi\\\/transmision\\\/\"]}]},{\"@type\":\"ImageObject\",\"inLanguage\":\"es\",\"@id\":\"https:\\\/\\\/greatplacetoworkcarca.com\\\/es\\\/webinar-carca-y-givi\\\/transmision\\\/#primaryimage\",\"url\":\"https:\\\/\\\/greatplacetoworkcarca.com\\\/wp-content\\\/uploads\\\/2022\\\/06\\\/icono5.png\",\"contentUrl\":\"https:\\\/\\\/greatplacetoworkcarca.com\\\/wp-content\\\/uploads\\\/2022\\\/06\\\/icono5.png\"},{\"@type\":\"BreadcrumbList\",\"@id\":\"https:\\\/\\\/greatplacetoworkcarca.com\\\/es\\\/webinar-carca-y-givi\\\/transmision\\\/#breadcrumb\",\"itemListElement\":[{\"@type\":\"ListItem\",\"position\":1,\"name\":\"Inicio\",\"item\":\"https:\\\/\\\/greatplacetoworkcarca.com\\\/es\\\/\"},{\"@type\":\"ListItem\",\"position\":2,\"name\":\"Webinar CARCA y GIVI\",\"item\":\"https:\\\/\\\/greatplacetoworkcarca.com\\\/es\\\/webinar-carca-y-givi\\\/\"},{\"@type\":\"ListItem\",\"position\":3,\"name\":\"Transmisi\u00f3n\"}]},{\"@type\":\"WebSite\",\"@id\":\"https:\\\/\\\/greatplacetoworkcarca.com\\\/es\\\/#website\",\"url\":\"https:\\\/\\\/greatplacetoworkcarca.com\\\/es\\\/\",\"name\":\"Great Place to Work Caribe y Centroam\u00e9rica\",\"description\":\"Great Place to Work\",\"publisher\":{\"@id\":\"https:\\\/\\\/greatplacetoworkcarca.com\\\/es\\\/#organization\"},\"alternateName\":\"Great Place to Work\",\"potentialAction\":[{\"@type\":\"SearchAction\",\"target\":{\"@type\":\"EntryPoint\",\"urlTemplate\":\"https:\\\/\\\/greatplacetoworkcarca.com\\\/es\\\/?s={search_term_string}\"},\"query-input\":{\"@type\":\"PropertyValueSpecification\",\"valueRequired\":true,\"valueName\":\"search_term_string\"}}],\"inLanguage\":\"es\"},{\"@type\":\"Organization\",\"@id\":\"https:\\\/\\\/greatplacetoworkcarca.com\\\/es\\\/#organization\",\"name\":\"Great Place to Work Caribe y Centroam\u00e9rica\",\"alternateName\":\"Great Place to Work\",\"url\":\"https:\\\/\\\/greatplacetoworkcarca.com\\\/es\\\/\",\"logo\":{\"@type\":\"ImageObject\",\"inLanguage\":\"es\",\"@id\":\"https:\\\/\\\/greatplacetoworkcarca.com\\\/es\\\/#\\\/schema\\\/logo\\\/image\\\/\",\"url\":\"https:\\\/\\\/greatplacetoworkcarca.com\\\/wp-content\\\/uploads\\\/2018\\\/11\\\/1200px-GPTW_logo.jpg\",\"contentUrl\":\"https:\\\/\\\/greatplacetoworkcarca.com\\\/wp-content\\\/uploads\\\/2018\\\/11\\\/1200px-GPTW_logo.jpg\",\"width\":1200,\"height\":1200,\"caption\":\"Great Place to Work Caribe y Centroam\u00e9rica\"},\"image\":{\"@id\":\"https:\\\/\\\/greatplacetoworkcarca.com\\\/es\\\/#\\\/schema\\\/logo\\\/image\\\/\"},\"sameAs\":[\"https:\\\/\\\/www.facebook.com\\\/GPTWCARCA\"]}]}<\/script>\n<!-- \/ Yoast SEO plugin. -->","yoast_head_json":{"title":"Transmisi\u00f3n - GPTW CARCA","robots":{"index":"index","follow":"follow","max-snippet":"max-snippet:-1","max-image-preview":"max-image-preview:large","max-video-preview":"max-video-preview:-1"},"canonical":"https:\/\/greatplacetoworkcarca.com\/es\/webinar-carca-y-givi\/transmision\/","og_locale":"es_MX","og_type":"article","og_title":"Transmisi\u00f3n - GPTW CARCA","og_description":"Activa el audio dando click en la parte superior de tu pantalla donde aparece el \u00edcono Si experimenta p\u00e9rdida de se\u00f1al, refrescar el navegador Conoce m\u00e1s de Great Place to Work Conoce m\u00e1s de GIVI Te invitamos al chat que encontraras de tu lado derecho Explorar recursos","og_url":"https:\/\/greatplacetoworkcarca.com\/es\/webinar-carca-y-givi\/transmision\/","og_site_name":"GPTW CARCA","article_publisher":"https:\/\/www.facebook.com\/GPTWCARCA","article_modified_time":"2022-06-09T22:59:50+00:00","og_image":[{"url":"https:\/\/greatplacetoworkcarca.com\/wp-content\/uploads\/2022\/06\/icono5.png","type":"","width":"","height":""}],"twitter_card":"summary_large_image","twitter_misc":{"Tiempo de lectura":"2 minutos"},"schema":{"@context":"https:\/\/schema.org","@graph":[{"@type":"WebPage","@id":"https:\/\/greatplacetoworkcarca.com\/es\/webinar-carca-y-givi\/transmision\/","url":"https:\/\/greatplacetoworkcarca.com\/es\/webinar-carca-y-givi\/transmision\/","name":"Transmisi\u00f3n - GPTW CARCA","isPartOf":{"@id":"https:\/\/greatplacetoworkcarca.com\/es\/#website"},"primaryImageOfPage":{"@id":"https:\/\/greatplacetoworkcarca.com\/es\/webinar-carca-y-givi\/transmision\/#primaryimage"},"image":{"@id":"https:\/\/greatplacetoworkcarca.com\/es\/webinar-carca-y-givi\/transmision\/#primaryimage"},"thumbnailUrl":"https:\/\/greatplacetoworkcarca.com\/wp-content\/uploads\/2022\/06\/icono5.png","datePublished":"2022-05-30T17:04:04+00:00","dateModified":"2022-06-09T22:59:50+00:00","breadcrumb":{"@id":"https:\/\/greatplacetoworkcarca.com\/es\/webinar-carca-y-givi\/transmision\/#breadcrumb"},"inLanguage":"es","potentialAction":[{"@type":"ReadAction","target":["https:\/\/greatplacetoworkcarca.com\/es\/webinar-carca-y-givi\/transmision\/"]}]},{"@type":"ImageObject","inLanguage":"es","@id":"https:\/\/greatplacetoworkcarca.com\/es\/webinar-carca-y-givi\/transmision\/#primaryimage","url":"https:\/\/greatplacetoworkcarca.com\/wp-content\/uploads\/2022\/06\/icono5.png","contentUrl":"https:\/\/greatplacetoworkcarca.com\/wp-content\/uploads\/2022\/06\/icono5.png"},{"@type":"BreadcrumbList","@id":"https:\/\/greatplacetoworkcarca.com\/es\/webinar-carca-y-givi\/transmision\/#breadcrumb","itemListElement":[{"@type":"ListItem","position":1,"name":"Inicio","item":"https:\/\/greatplacetoworkcarca.com\/es\/"},{"@type":"ListItem","position":2,"name":"Webinar CARCA y GIVI","item":"https:\/\/greatplacetoworkcarca.com\/es\/webinar-carca-y-givi\/"},{"@type":"ListItem","position":3,"name":"Transmisi\u00f3n"}]},{"@type":"WebSite","@id":"https:\/\/greatplacetoworkcarca.com\/es\/#website","url":"https:\/\/greatplacetoworkcarca.com\/es\/","name":"Great Place to Work Caribe y Centroam\u00e9rica","description":"Great Place to Work","publisher":{"@id":"https:\/\/greatplacetoworkcarca.com\/es\/#organization"},"alternateName":"Great Place to Work","potentialAction":[{"@type":"SearchAction","target":{"@type":"EntryPoint","urlTemplate":"https:\/\/greatplacetoworkcarca.com\/es\/?s={search_term_string}"},"query-input":{"@type":"PropertyValueSpecification","valueRequired":true,"valueName":"search_term_string"}}],"inLanguage":"es"},{"@type":"Organization","@id":"https:\/\/greatplacetoworkcarca.com\/es\/#organization","name":"Great Place to Work Caribe y Centroam\u00e9rica","alternateName":"Great Place to Work","url":"https:\/\/greatplacetoworkcarca.com\/es\/","logo":{"@type":"ImageObject","inLanguage":"es","@id":"https:\/\/greatplacetoworkcarca.com\/es\/#\/schema\/logo\/image\/","url":"https:\/\/greatplacetoworkcarca.com\/wp-content\/uploads\/2018\/11\/1200px-GPTW_logo.jpg","contentUrl":"https:\/\/greatplacetoworkcarca.com\/wp-content\/uploads\/2018\/11\/1200px-GPTW_logo.jpg","width":1200,"height":1200,"caption":"Great Place to Work Caribe y Centroam\u00e9rica"},"image":{"@id":"https:\/\/greatplacetoworkcarca.com\/es\/#\/schema\/logo\/image\/"},"sameAs":["https:\/\/www.facebook.com\/GPTWCARCA"]}]}},"_links":{"self":[{"href":"https:\/\/greatplacetoworkcarca.com\/es\/wp-json\/wp\/v2\/pages\/10761","targetHints":{"allow":["GET"]}}],"collection":[{"href":"https:\/\/greatplacetoworkcarca.com\/es\/wp-json\/wp\/v2\/pages"}],"about":[{"href":"https:\/\/greatplacetoworkcarca.com\/es\/wp-json\/wp\/v2\/types\/page"}],"author":[{"embeddable":true,"href":"https:\/\/greatplacetoworkcarca.com\/es\/wp-json\/wp\/v2\/users\/14898"}],"replies":[{"embeddable":true,"href":"https:\/\/greatplacetoworkcarca.com\/es\/wp-json\/wp\/v2\/comments?post=10761"}],"version-history":[{"count":0,"href":"https:\/\/greatplacetoworkcarca.com\/es\/wp-json\/wp\/v2\/pages\/10761\/revisions"}],"up":[{"embeddable":true,"href":"https:\/\/greatplacetoworkcarca.com\/es\/wp-json\/wp\/v2\/pages\/10722"}],"wp:attachment":[{"href":"https:\/\/greatplacetoworkcarca.com\/es\/wp-json\/wp\/v2\/media?parent=10761"}],"curies":[{"name":"wp","href":"https:\/\/api.w.org\/{rel}","templated":true}]}}