{"id":11783,"date":"2022-07-28T10:57:12","date_gmt":"2022-07-28T16:57:12","guid":{"rendered":"https:\/\/greatplacetoworkcarca.com\/?page_id=11783"},"modified":"2023-07-31T20:17:54","modified_gmt":"2023-08-01T02:17:54","slug":"metodologia-los-mejores-lugares-para-trabajar-america-latina","status":"publish","type":"page","link":"https:\/\/greatplacetoworkcarca.com\/es\/metodologia-los-mejores-lugares-para-trabajar-america-latina\/","title":{"rendered":"Metodolog\u00eda Los Mejores Lugares para Trabajar Am\u00e9rica Latina"},"content":{"rendered":"\t\t<div data-elementor-type=\"wp-page\" data-elementor-id=\"11783\" class=\"elementor elementor-11783\" data-elementor-post-type=\"page\">\n\t\t\t\t\t\t<section class=\"elementor-section elementor-top-section elementor-element elementor-element-57f35c1 elementor-section-boxed elementor-section-height-default elementor-section-height-default\" data-id=\"57f35c1\" data-element_type=\"section\" data-e-type=\"section\">\n\t\t\t\t\t\t<div class=\"elementor-container elementor-column-gap-default\">\n\t\t\t\t\t<div class=\"elementor-column elementor-col-100 elementor-top-column elementor-element elementor-element-5442ab7\" data-id=\"5442ab7\" data-element_type=\"column\" data-e-type=\"column\">\n\t\t\t<div class=\"elementor-widget-wrap elementor-element-populated\">\n\t\t\t\t\t\t<div class=\"elementor-element elementor-element-0e20701 elementor-widget elementor-widget-spacer\" data-id=\"0e20701\" data-element_type=\"widget\" data-e-type=\"widget\" data-widget_type=\"spacer.default\">\n\t\t\t\t<div class=\"elementor-widget-container\">\n\t\t\t\t\t\t\t<div class=\"elementor-spacer\">\n\t\t\t<div class=\"elementor-spacer-inner\"><\/div>\n\t\t<\/div>\n\t\t\t\t\t\t<\/div>\n\t\t\t\t<\/div>\n\t\t\t\t\t<\/div>\n\t\t<\/div>\n\t\t\t\t\t<\/div>\n\t\t<\/section>\n\t\t\t\t<section class=\"elementor-section elementor-top-section elementor-element elementor-element-eeb6b36 elementor-section-boxed elementor-section-height-default elementor-section-height-default\" data-id=\"eeb6b36\" data-element_type=\"section\" data-e-type=\"section\">\n\t\t\t\t\t\t<div class=\"elementor-container elementor-column-gap-default\">\n\t\t\t\t\t<div class=\"elementor-column elementor-col-100 elementor-top-column elementor-element elementor-element-de0a667\" data-id=\"de0a667\" data-element_type=\"column\" data-e-type=\"column\">\n\t\t\t<div class=\"elementor-widget-wrap elementor-element-populated\">\n\t\t\t\t\t\t<div class=\"elementor-element elementor-element-ea36455 elementor-widget elementor-widget-heading\" data-id=\"ea36455\" data-element_type=\"widget\" data-e-type=\"widget\" data-widget_type=\"heading.default\">\n\t\t\t\t<div class=\"elementor-widget-container\">\n\t\t\t\t\t<h2 class=\"elementor-heading-title elementor-size-default\">NUESTRA METODOLOG\u00cdA PARA:<\/h2>\t\t\t\t<\/div>\n\t\t\t\t<\/div>\n\t\t\t\t<div class=\"elementor-element elementor-element-7f7738b elementor-widget elementor-widget-heading\" data-id=\"7f7738b\" data-element_type=\"widget\" data-e-type=\"widget\" data-widget_type=\"heading.default\">\n\t\t\t\t<div class=\"elementor-widget-container\">\n\t\t\t\t\t<h2 class=\"elementor-heading-title elementor-size-default\">Lista de Los Mejores Lugares para Trabajar\u00ae Am\u00e9rica Latina 2023<\/h2>\t\t\t\t<\/div>\n\t\t\t\t<\/div>\n\t\t\t\t<div class=\"elementor-element elementor-element-7dbaa3d elementor-widget elementor-widget-text-editor\" data-id=\"7dbaa3d\" data-element_type=\"widget\" data-e-type=\"widget\" data-widget_type=\"text-editor.default\">\n\t\t\t\t<div class=\"elementor-widget-container\">\n\t\t\t\t\t\t\t\t\t<p>Para identificar a Los Mejores Lugares para Trabajar\u00ae en \u00a0Am\u00e9rica Latina, Great Place to Work\u00ae hace encuestas a casi 2 millones de colaboradores de \u00a0Am\u00e9rica Latina sobre los factores clave que redundan en excelentes lugares de trabajo para todos y analiza los programas laborales de las organizaciones que alcanzan a m\u00e1s de 3.800.000 colaboradores de la regi\u00f3n.<\/p><p>Para que se las tome en cuenta, primero es necesario que las organizaciones hayan aparecido en una o m\u00e1s listas de Los Mejores Lugares para Trabajar\u00ae de Argentina, Bolivia, Brasil, Centroam\u00e9rica y el Caribe, Chile, Colombia, Costa Rica, Ecuador, El Salvador, Guatemala, Honduras, M\u00e9xico, Nicaragua, Panam\u00e1, Paraguay, Per\u00fa, Rep\u00fablica Dominicana, Uruguay y Venezuela en 2022 o principios de 2023 a fin de que se las identifique como organizaciones excepcionales en su regi\u00f3n.<\/p><p>A las organizaciones se las clasifica en tres categor\u00edas seg\u00fan su tama\u00f1o: peque\u00f1as y medianas (de 10 a 499 colaboradores); grandes (500 o m\u00e1s) y multinacionales. En el caso de las organizaciones multinacionales, tambi\u00e9n se eval\u00faan sus esfuerzos por crear excelentes lugares de trabajo en diversos pa\u00edses de la regi\u00f3n. Deben aparecer en al menos tres listas nacionales de \u00a0Am\u00e9rica Latina, tener como m\u00ednimo 1.000 colaboradores en todo el mundo y al menos el 40\u00a0% (o 5.000) de esos colaboradores fuera del pa\u00eds donde tienen su sede central.<\/p>\t\t\t\t\t\t\t\t<\/div>\n\t\t\t\t<\/div>\n\t\t\t\t<div class=\"elementor-element elementor-element-b19c004 elementor-widget elementor-widget-spacer\" data-id=\"b19c004\" data-element_type=\"widget\" data-e-type=\"widget\" data-widget_type=\"spacer.default\">\n\t\t\t\t<div class=\"elementor-widget-container\">\n\t\t\t\t\t\t\t<div class=\"elementor-spacer\">\n\t\t\t<div class=\"elementor-spacer-inner\"><\/div>\n\t\t<\/div>\n\t\t\t\t\t\t<\/div>\n\t\t\t\t<\/div>\n\t\t\t\t\t<\/div>\n\t\t<\/div>\n\t\t\t\t\t<\/div>\n\t\t<\/section>\n\t\t\t\t<\/div>\n\t\t\n    <div class=\"xs_social_share_widget xs_share_url after_content \t\tmain_content  wslu-style-1 wslu-share-box-shaped wslu-fill-colored wslu-none wslu-share-horizontal wslu-theme-font-no wslu-main_content\">\n\n\t\t\n        <ul>\n\t\t\t        <\/ul>\n    <\/div> \n","protected":false},"excerpt":{"rendered":"<p>NUESTRA METODOLOG\u00cdA PARA: Lista de Los Mejores Lugares para Trabajar\u00ae Am\u00e9rica Latina 2023 Para identificar a Los Mejores Lugares para Trabajar\u00ae en \u00a0Am\u00e9rica Latina, Great Place to Work\u00ae hace encuestas a casi 2 millones de colaboradores de \u00a0Am\u00e9rica Latina sobre los factores clave que redundan en excelentes lugares de trabajo para todos y analiza los &hellip; <\/p>\n<p class=\"link-more\"><a href=\"https:\/\/greatplacetoworkcarca.com\/es\/metodologia-los-mejores-lugares-para-trabajar-america-latina\/\" class=\"more-link\">Continuar leyendo<span class=\"screen-reader-text\"> &#8220;Metodolog\u00eda Los Mejores Lugares para Trabajar Am\u00e9rica Latina&#8221;<\/span><\/a><\/p>\n","protected":false},"author":14898,"featured_media":0,"parent":0,"menu_order":0,"comment_status":"closed","ping_status":"closed","template":"elementor_header_footer","meta":{"_acf_changed":false,"footnotes":""},"class_list":["post-11783","page","type-page","status-publish","hentry"],"acf":[],"yoast_head":"<!-- This site is optimized with the Yoast SEO plugin v27.3 - https:\/\/yoast.com\/product\/yoast-seo-wordpress\/ -->\n<title>Metodolog\u00eda Los Mejores Lugares para Trabajar Am\u00e9rica Latina - GPTW CARCA<\/title>\n<meta name=\"robots\" content=\"index, follow, max-snippet:-1, max-image-preview:large, max-video-preview:-1\" \/>\n<link rel=\"canonical\" href=\"https:\/\/greatplacetoworkcarca.com\/es\/metodologia-los-mejores-lugares-para-trabajar-america-latina\/\" \/>\n<meta property=\"og:locale\" content=\"es_MX\" \/>\n<meta property=\"og:type\" content=\"article\" \/>\n<meta property=\"og:title\" content=\"Metodolog\u00eda Los Mejores Lugares para Trabajar Am\u00e9rica Latina - GPTW CARCA\" \/>\n<meta property=\"og:description\" content=\"NUESTRA METODOLOG\u00cdA PARA: Lista de Los Mejores Lugares para Trabajar\u00ae Am\u00e9rica Latina 2023 Para identificar a Los Mejores Lugares para Trabajar\u00ae en \u00a0Am\u00e9rica Latina, Great Place to Work\u00ae hace encuestas a casi 2 millones de colaboradores de \u00a0Am\u00e9rica Latina sobre los factores clave que redundan en excelentes lugares de trabajo para todos y analiza los &hellip; Continuar leyendo &quot;Metodolog\u00eda Los Mejores Lugares para Trabajar Am\u00e9rica Latina&quot;\" \/>\n<meta property=\"og:url\" content=\"https:\/\/greatplacetoworkcarca.com\/es\/metodologia-los-mejores-lugares-para-trabajar-america-latina\/\" \/>\n<meta property=\"og:site_name\" content=\"GPTW CARCA\" \/>\n<meta property=\"article:publisher\" content=\"https:\/\/www.facebook.com\/GPTWCARCA\" \/>\n<meta property=\"article:modified_time\" content=\"2023-08-01T02:17:54+00:00\" \/>\n<meta property=\"og:image\" content=\"https:\/\/greatplacetoworkcarca.com\/wp-content\/uploads\/2018\/11\/1200px-GPTW_logo.jpg\" \/>\n\t<meta property=\"og:image:width\" content=\"1200\" \/>\n\t<meta property=\"og:image:height\" content=\"1200\" \/>\n\t<meta property=\"og:image:type\" content=\"image\/jpeg\" \/>\n<meta name=\"twitter:card\" content=\"summary_large_image\" \/>\n<meta name=\"twitter:label1\" content=\"Tiempo de lectura\" \/>\n\t<meta name=\"twitter:data1\" content=\"2 minutos\" \/>\n<script type=\"application\/ld+json\" class=\"yoast-schema-graph\">{\"@context\":\"https:\\\/\\\/schema.org\",\"@graph\":[{\"@type\":\"WebPage\",\"@id\":\"https:\\\/\\\/greatplacetoworkcarca.com\\\/en\\\/metodologia-los-mejores-lugares-para-trabajar-america-latina\\\/\",\"url\":\"https:\\\/\\\/greatplacetoworkcarca.com\\\/en\\\/metodologia-los-mejores-lugares-para-trabajar-america-latina\\\/\",\"name\":\"Metodolog\u00eda Los Mejores Lugares para Trabajar Am\u00e9rica Latina - GPTW CARCA\",\"isPartOf\":{\"@id\":\"https:\\\/\\\/greatplacetoworkcarca.com\\\/es\\\/#website\"},\"datePublished\":\"2022-07-28T16:57:12+00:00\",\"dateModified\":\"2023-08-01T02:17:54+00:00\",\"breadcrumb\":{\"@id\":\"https:\\\/\\\/greatplacetoworkcarca.com\\\/en\\\/metodologia-los-mejores-lugares-para-trabajar-america-latina\\\/#breadcrumb\"},\"inLanguage\":\"es\",\"potentialAction\":[{\"@type\":\"ReadAction\",\"target\":[\"https:\\\/\\\/greatplacetoworkcarca.com\\\/en\\\/metodologia-los-mejores-lugares-para-trabajar-america-latina\\\/\"]}]},{\"@type\":\"BreadcrumbList\",\"@id\":\"https:\\\/\\\/greatplacetoworkcarca.com\\\/en\\\/metodologia-los-mejores-lugares-para-trabajar-america-latina\\\/#breadcrumb\",\"itemListElement\":[{\"@type\":\"ListItem\",\"position\":1,\"name\":\"Inicio\",\"item\":\"https:\\\/\\\/greatplacetoworkcarca.com\\\/es\\\/\"},{\"@type\":\"ListItem\",\"position\":2,\"name\":\"Metodolog\u00eda Los Mejores Lugares para Trabajar Am\u00e9rica Latina\"}]},{\"@type\":\"WebSite\",\"@id\":\"https:\\\/\\\/greatplacetoworkcarca.com\\\/es\\\/#website\",\"url\":\"https:\\\/\\\/greatplacetoworkcarca.com\\\/es\\\/\",\"name\":\"Great Place to Work Caribe y Centroam\u00e9rica\",\"description\":\"Great Place to Work\",\"publisher\":{\"@id\":\"https:\\\/\\\/greatplacetoworkcarca.com\\\/es\\\/#organization\"},\"alternateName\":\"Great Place to Work\",\"potentialAction\":[{\"@type\":\"SearchAction\",\"target\":{\"@type\":\"EntryPoint\",\"urlTemplate\":\"https:\\\/\\\/greatplacetoworkcarca.com\\\/es\\\/?s={search_term_string}\"},\"query-input\":{\"@type\":\"PropertyValueSpecification\",\"valueRequired\":true,\"valueName\":\"search_term_string\"}}],\"inLanguage\":\"es\"},{\"@type\":\"Organization\",\"@id\":\"https:\\\/\\\/greatplacetoworkcarca.com\\\/es\\\/#organization\",\"name\":\"Great Place to Work Caribe y Centroam\u00e9rica\",\"alternateName\":\"Great Place to Work\",\"url\":\"https:\\\/\\\/greatplacetoworkcarca.com\\\/es\\\/\",\"logo\":{\"@type\":\"ImageObject\",\"inLanguage\":\"es\",\"@id\":\"https:\\\/\\\/greatplacetoworkcarca.com\\\/es\\\/#\\\/schema\\\/logo\\\/image\\\/\",\"url\":\"https:\\\/\\\/greatplacetoworkcarca.com\\\/wp-content\\\/uploads\\\/2018\\\/11\\\/1200px-GPTW_logo.jpg\",\"contentUrl\":\"https:\\\/\\\/greatplacetoworkcarca.com\\\/wp-content\\\/uploads\\\/2018\\\/11\\\/1200px-GPTW_logo.jpg\",\"width\":1200,\"height\":1200,\"caption\":\"Great Place to Work Caribe y Centroam\u00e9rica\"},\"image\":{\"@id\":\"https:\\\/\\\/greatplacetoworkcarca.com\\\/es\\\/#\\\/schema\\\/logo\\\/image\\\/\"},\"sameAs\":[\"https:\\\/\\\/www.facebook.com\\\/GPTWCARCA\"]}]}<\/script>\n<!-- \/ Yoast SEO plugin. -->","yoast_head_json":{"title":"Metodolog\u00eda Los Mejores Lugares para Trabajar Am\u00e9rica Latina - GPTW CARCA","robots":{"index":"index","follow":"follow","max-snippet":"max-snippet:-1","max-image-preview":"max-image-preview:large","max-video-preview":"max-video-preview:-1"},"canonical":"https:\/\/greatplacetoworkcarca.com\/es\/metodologia-los-mejores-lugares-para-trabajar-america-latina\/","og_locale":"es_MX","og_type":"article","og_title":"Metodolog\u00eda Los Mejores Lugares para Trabajar Am\u00e9rica Latina - GPTW CARCA","og_description":"NUESTRA METODOLOG\u00cdA PARA: Lista de Los Mejores Lugares para Trabajar\u00ae Am\u00e9rica Latina 2023 Para identificar a Los Mejores Lugares para Trabajar\u00ae en \u00a0Am\u00e9rica Latina, Great Place to Work\u00ae hace encuestas a casi 2 millones de colaboradores de \u00a0Am\u00e9rica Latina sobre los factores clave que redundan en excelentes lugares de trabajo para todos y analiza los &hellip; Continuar leyendo \"Metodolog\u00eda Los Mejores Lugares para Trabajar Am\u00e9rica Latina\"","og_url":"https:\/\/greatplacetoworkcarca.com\/es\/metodologia-los-mejores-lugares-para-trabajar-america-latina\/","og_site_name":"GPTW CARCA","article_publisher":"https:\/\/www.facebook.com\/GPTWCARCA","article_modified_time":"2023-08-01T02:17:54+00:00","og_image":[{"width":1200,"height":1200,"url":"https:\/\/greatplacetoworkcarca.com\/wp-content\/uploads\/2018\/11\/1200px-GPTW_logo.jpg","type":"image\/jpeg"}],"twitter_card":"summary_large_image","twitter_misc":{"Tiempo de lectura":"2 minutos"},"schema":{"@context":"https:\/\/schema.org","@graph":[{"@type":"WebPage","@id":"https:\/\/greatplacetoworkcarca.com\/en\/metodologia-los-mejores-lugares-para-trabajar-america-latina\/","url":"https:\/\/greatplacetoworkcarca.com\/en\/metodologia-los-mejores-lugares-para-trabajar-america-latina\/","name":"Metodolog\u00eda Los Mejores Lugares para Trabajar Am\u00e9rica Latina - GPTW CARCA","isPartOf":{"@id":"https:\/\/greatplacetoworkcarca.com\/es\/#website"},"datePublished":"2022-07-28T16:57:12+00:00","dateModified":"2023-08-01T02:17:54+00:00","breadcrumb":{"@id":"https:\/\/greatplacetoworkcarca.com\/en\/metodologia-los-mejores-lugares-para-trabajar-america-latina\/#breadcrumb"},"inLanguage":"es","potentialAction":[{"@type":"ReadAction","target":["https:\/\/greatplacetoworkcarca.com\/en\/metodologia-los-mejores-lugares-para-trabajar-america-latina\/"]}]},{"@type":"BreadcrumbList","@id":"https:\/\/greatplacetoworkcarca.com\/en\/metodologia-los-mejores-lugares-para-trabajar-america-latina\/#breadcrumb","itemListElement":[{"@type":"ListItem","position":1,"name":"Inicio","item":"https:\/\/greatplacetoworkcarca.com\/es\/"},{"@type":"ListItem","position":2,"name":"Metodolog\u00eda Los Mejores Lugares para Trabajar Am\u00e9rica Latina"}]},{"@type":"WebSite","@id":"https:\/\/greatplacetoworkcarca.com\/es\/#website","url":"https:\/\/greatplacetoworkcarca.com\/es\/","name":"Great Place to Work Caribe y Centroam\u00e9rica","description":"Great Place to Work","publisher":{"@id":"https:\/\/greatplacetoworkcarca.com\/es\/#organization"},"alternateName":"Great Place to Work","potentialAction":[{"@type":"SearchAction","target":{"@type":"EntryPoint","urlTemplate":"https:\/\/greatplacetoworkcarca.com\/es\/?s={search_term_string}"},"query-input":{"@type":"PropertyValueSpecification","valueRequired":true,"valueName":"search_term_string"}}],"inLanguage":"es"},{"@type":"Organization","@id":"https:\/\/greatplacetoworkcarca.com\/es\/#organization","name":"Great Place to Work Caribe y Centroam\u00e9rica","alternateName":"Great Place to Work","url":"https:\/\/greatplacetoworkcarca.com\/es\/","logo":{"@type":"ImageObject","inLanguage":"es","@id":"https:\/\/greatplacetoworkcarca.com\/es\/#\/schema\/logo\/image\/","url":"https:\/\/greatplacetoworkcarca.com\/wp-content\/uploads\/2018\/11\/1200px-GPTW_logo.jpg","contentUrl":"https:\/\/greatplacetoworkcarca.com\/wp-content\/uploads\/2018\/11\/1200px-GPTW_logo.jpg","width":1200,"height":1200,"caption":"Great Place to Work Caribe y Centroam\u00e9rica"},"image":{"@id":"https:\/\/greatplacetoworkcarca.com\/es\/#\/schema\/logo\/image\/"},"sameAs":["https:\/\/www.facebook.com\/GPTWCARCA"]}]}},"_links":{"self":[{"href":"https:\/\/greatplacetoworkcarca.com\/es\/wp-json\/wp\/v2\/pages\/11783","targetHints":{"allow":["GET"]}}],"collection":[{"href":"https:\/\/greatplacetoworkcarca.com\/es\/wp-json\/wp\/v2\/pages"}],"about":[{"href":"https:\/\/greatplacetoworkcarca.com\/es\/wp-json\/wp\/v2\/types\/page"}],"author":[{"embeddable":true,"href":"https:\/\/greatplacetoworkcarca.com\/es\/wp-json\/wp\/v2\/users\/14898"}],"replies":[{"embeddable":true,"href":"https:\/\/greatplacetoworkcarca.com\/es\/wp-json\/wp\/v2\/comments?post=11783"}],"version-history":[{"count":0,"href":"https:\/\/greatplacetoworkcarca.com\/es\/wp-json\/wp\/v2\/pages\/11783\/revisions"}],"wp:attachment":[{"href":"https:\/\/greatplacetoworkcarca.com\/es\/wp-json\/wp\/v2\/media?parent=11783"}],"curies":[{"name":"wp","href":"https:\/\/api.w.org\/{rel}","templated":true}]}}