{"id":16766,"date":"2022-10-31T17:42:00","date_gmt":"2022-10-31T23:42:00","guid":{"rendered":"https:\/\/greatplacetoworkcarca.com\/?page_id=16766"},"modified":"2022-11-24T08:38:02","modified_gmt":"2022-11-24T14:38:02","slug":"como-gestionar-equipos-de-alto-desempeno","status":"publish","type":"page","link":"https:\/\/greatplacetoworkcarca.com\/es\/como-gestionar-equipos-de-alto-desempeno\/","title":{"rendered":"\u00bfc\u00f3mo gestionar equipos de alto desempe\u00f1o?"},"content":{"rendered":"\t\t<div data-elementor-type=\"wp-page\" data-elementor-id=\"16766\" class=\"elementor elementor-16766\" data-elementor-post-type=\"page\">\n\t\t\t\t\t\t<section class=\"elementor-section elementor-top-section elementor-element elementor-element-e0a343c elementor-section-boxed elementor-section-height-default elementor-section-height-default\" data-id=\"e0a343c\" data-element_type=\"section\" data-e-type=\"section\">\n\t\t\t\t\t\t<div class=\"elementor-container elementor-column-gap-default\">\n\t\t\t\t\t<div class=\"elementor-column elementor-col-33 elementor-top-column elementor-element elementor-element-bc18dad\" data-id=\"bc18dad\" data-element_type=\"column\" data-e-type=\"column\">\n\t\t\t<div class=\"elementor-widget-wrap\">\n\t\t\t\t\t\t\t<\/div>\n\t\t<\/div>\n\t\t\t\t<div class=\"elementor-column elementor-col-33 elementor-top-column elementor-element elementor-element-94f302a\" data-id=\"94f302a\" data-element_type=\"column\" data-e-type=\"column\">\n\t\t\t<div class=\"elementor-widget-wrap elementor-element-populated\">\n\t\t\t\t\t\t<div class=\"elementor-element elementor-element-fb497a2 elementor-widget elementor-widget-html\" data-id=\"fb497a2\" data-element_type=\"widget\" data-e-type=\"widget\" data-widget_type=\"html.default\">\n\t\t\t\t<div class=\"elementor-widget-container\">\n\t\t\t\t\t<div style=\"padding:56.25% 0 0 0;position:relative;\"><iframe src=\"https:\/\/vimeo.com\/event\/2643162\/embed\" frameborder=\"0\" allow=\"autoplay; fullscreen; picture-in-picture\" allowfullscreen style=\"position:absolute;top:0;left:0;width:100%;height:100%;\"><\/iframe><\/div>\t\t\t\t<\/div>\n\t\t\t\t<\/div>\n\t\t\t\t\t<\/div>\n\t\t<\/div>\n\t\t\t\t<div class=\"elementor-column elementor-col-33 elementor-top-column elementor-element elementor-element-2db0258\" data-id=\"2db0258\" data-element_type=\"column\" data-e-type=\"column\">\n\t\t\t<div class=\"elementor-widget-wrap\">\n\t\t\t\t\t\t\t<\/div>\n\t\t<\/div>\n\t\t\t\t\t<\/div>\n\t\t<\/section>\n\t\t\t\t<section class=\"elementor-section elementor-top-section elementor-element elementor-element-4301be1 elementor-section-boxed elementor-section-height-default elementor-section-height-default\" data-id=\"4301be1\" data-element_type=\"section\" data-e-type=\"section\">\n\t\t\t\t\t\t<div class=\"elementor-container elementor-column-gap-default\">\n\t\t\t\t\t<div class=\"elementor-column elementor-col-33 elementor-top-column elementor-element elementor-element-b6276a8\" data-id=\"b6276a8\" data-element_type=\"column\" data-e-type=\"column\">\n\t\t\t<div class=\"elementor-widget-wrap\">\n\t\t\t\t\t\t\t<\/div>\n\t\t<\/div>\n\t\t\t\t<div class=\"elementor-column elementor-col-33 elementor-top-column elementor-element elementor-element-948906c\" data-id=\"948906c\" data-element_type=\"column\" data-e-type=\"column\">\n\t\t\t<div class=\"elementor-widget-wrap elementor-element-populated\">\n\t\t\t\t\t\t<div class=\"elementor-element elementor-element-b53cfb2 elementor-widget elementor-widget-html\" data-id=\"b53cfb2\" data-element_type=\"widget\" data-e-type=\"widget\" data-widget_type=\"html.default\">\n\t\t\t\t<div class=\"elementor-widget-container\">\n\t\t\t\t\t<iframe src=\"https:\/\/vimeo.com\/event\/2643162\/chat\/\" width=\"100%\" height=\"500px\" frameborder=\"0\"><\/iframe>\n\n\t\t\t\t<\/div>\n\t\t\t\t<\/div>\n\t\t\t\t\t<\/div>\n\t\t<\/div>\n\t\t\t\t<div class=\"elementor-column elementor-col-33 elementor-top-column elementor-element elementor-element-18091a7\" data-id=\"18091a7\" data-element_type=\"column\" data-e-type=\"column\">\n\t\t\t<div class=\"elementor-widget-wrap\">\n\t\t\t\t\t\t\t<\/div>\n\t\t<\/div>\n\t\t\t\t\t<\/div>\n\t\t<\/section>\n\t\t\t\t<section class=\"elementor-section elementor-top-section elementor-element elementor-element-840fe8d elementor-section-full_width elementor-section-height-min-height elementor-hidden-desktop elementor-hidden-tablet elementor-hidden-mobile elementor-section-height-default elementor-section-items-middle\" data-id=\"840fe8d\" data-element_type=\"section\" data-e-type=\"section\">\n\t\t\t\t\t\t<div class=\"elementor-container elementor-column-gap-no\">\n\t\t\t\t\t<div class=\"elementor-column elementor-col-100 elementor-top-column elementor-element elementor-element-9016b9a\" data-id=\"9016b9a\" data-element_type=\"column\" data-e-type=\"column\">\n\t\t\t<div class=\"elementor-widget-wrap elementor-element-populated\">\n\t\t\t\t\t\t<div class=\"elementor-element elementor-element-8c63a7b elementor-widget elementor-widget-image\" data-id=\"8c63a7b\" data-element_type=\"widget\" data-e-type=\"widget\" data-widget_type=\"image.default\">\n\t\t\t\t<div class=\"elementor-widget-container\">\n\t\t\t\t\t\t\t\t\t\t\t\t\t\t\t<img fetchpriority=\"high\" decoding=\"async\" width=\"2000\" height=\"1080\" src=\"https:\/\/greatplacetoworkcarca.com\/wp-content\/uploads\/2022\/10\/Banner-Webinar-GestionarEquipos.jpg\" class=\"attachment-full size-full wp-image-16778\" alt=\"\" srcset=\"https:\/\/greatplacetoworkcarca.com\/wp-content\/uploads\/2022\/10\/Banner-Webinar-GestionarEquipos.jpg 2000w, https:\/\/greatplacetoworkcarca.com\/wp-content\/uploads\/2022\/10\/Banner-Webinar-GestionarEquipos-300x162.jpg 300w, https:\/\/greatplacetoworkcarca.com\/wp-content\/uploads\/2022\/10\/Banner-Webinar-GestionarEquipos-1024x553.jpg 1024w, https:\/\/greatplacetoworkcarca.com\/wp-content\/uploads\/2022\/10\/Banner-Webinar-GestionarEquipos-768x415.jpg 768w, https:\/\/greatplacetoworkcarca.com\/wp-content\/uploads\/2022\/10\/Banner-Webinar-GestionarEquipos-1536x829.jpg 1536w\" sizes=\"100vw\" \/>\t\t\t\t\t\t\t\t\t\t\t\t\t\t\t<\/div>\n\t\t\t\t<\/div>\n\t\t\t\t\t<\/div>\n\t\t<\/div>\n\t\t\t\t\t<\/div>\n\t\t<\/section>\n\t\t\t\t<section class=\"elementor-section elementor-top-section elementor-element elementor-element-d29ea6b elementor-hidden-desktop elementor-hidden-tablet elementor-hidden-mobile elementor-section-boxed elementor-section-height-default elementor-section-height-default\" data-id=\"d29ea6b\" data-element_type=\"section\" data-e-type=\"section\">\n\t\t\t\t\t\t<div class=\"elementor-container elementor-column-gap-default\">\n\t\t\t\t\t<div class=\"elementor-column elementor-col-100 elementor-top-column elementor-element elementor-element-d2cc209\" data-id=\"d2cc209\" data-element_type=\"column\" data-e-type=\"column\">\n\t\t\t<div class=\"elementor-widget-wrap elementor-element-populated\">\n\t\t\t\t\t\t<section class=\"elementor-section elementor-inner-section elementor-element elementor-element-3c2c8be elementor-section-boxed elementor-section-height-default elementor-section-height-default\" data-id=\"3c2c8be\" data-element_type=\"section\" data-e-type=\"section\">\n\t\t\t\t\t\t<div class=\"elementor-container elementor-column-gap-default\">\n\t\t\t\t\t<div class=\"elementor-column elementor-col-33 elementor-inner-column elementor-element elementor-element-1efa938\" data-id=\"1efa938\" data-element_type=\"column\" data-e-type=\"column\">\n\t\t\t<div class=\"elementor-widget-wrap\">\n\t\t\t\t\t\t\t<\/div>\n\t\t<\/div>\n\t\t\t\t<div class=\"elementor-column elementor-col-33 elementor-inner-column elementor-element elementor-element-082630d\" data-id=\"082630d\" data-element_type=\"column\" data-e-type=\"column\">\n\t\t\t<div class=\"elementor-widget-wrap elementor-element-populated\">\n\t\t\t\t\t\t<div class=\"elementor-element elementor-element-86bdcb5 elementor-widget elementor-widget-heading\" data-id=\"86bdcb5\" data-element_type=\"widget\" data-e-type=\"widget\" data-widget_type=\"heading.default\">\n\t\t\t\t<div class=\"elementor-widget-container\">\n\t\t\t\t\t<h2 class=\"elementor-heading-title elementor-size-default\">Reg\u00edstrese<\/h2>\t\t\t\t<\/div>\n\t\t\t\t<\/div>\n\t\t\t\t<div class=\"elementor-element elementor-element-f76d110 elementor-widget elementor-widget-shortcode\" data-id=\"f76d110\" data-element_type=\"widget\" data-e-type=\"widget\" data-widget_type=\"shortcode.default\">\n\t\t\t\t<div class=\"elementor-widget-container\">\n\t\t\t\t\t\t\t<div class=\"elementor-shortcode\"><div class=\"wpforms-container wpforms-container-full\" id=\"wpforms-16768\"><form id=\"wpforms-form-16768\" class=\"wpforms-validate wpforms-form wpforms-ajax-form\" data-formid=\"16768\" method=\"post\" enctype=\"multipart\/form-data\" action=\"\/es\/wp-json\/wp\/v2\/pages\/16766\" data-token=\"0fb11e5a1c214c2d3c6448b33f442e37\" data-token-time=\"1776224817\"><noscript class=\"wpforms-error-noscript\">Por favor, activa JavaScript en tu navegador para completar este formulario.<\/noscript><div class=\"wpforms-field-container\"><div id=\"wpforms-16768-field_1-container\" class=\"wpforms-field wpforms-field-text wpforms-one-half wpforms-first\" data-field-id=\"1\"><label class=\"wpforms-field-label\" for=\"wpforms-16768-field_1\">Nombre <span class=\"wpforms-required-label\">*<\/span><\/label><input type=\"text\" id=\"wpforms-16768-field_1\" class=\"wpforms-field-large wpforms-field-required\" name=\"wpforms[fields][1]\" required><\/div><div id=\"wpforms-16768-field_2-container\" class=\"wpforms-field wpforms-field-text wpforms-one-half\" data-field-id=\"2\"><label class=\"wpforms-field-label\" for=\"wpforms-16768-field_2\">Apellidos <span class=\"wpforms-required-label\">*<\/span><\/label><input type=\"text\" id=\"wpforms-16768-field_2\" class=\"wpforms-field-large wpforms-field-required\" name=\"wpforms[fields][2]\" required><\/div><div id=\"wpforms-16768-field_3-container\" class=\"wpforms-field wpforms-field-email wpforms-one-half wpforms-first\" data-field-id=\"3\"><label class=\"wpforms-field-label\" for=\"wpforms-16768-field_3\">Direcci\u00f3n de correo electr\u00f3nico <span class=\"wpforms-required-label\">*<\/span><\/label><input type=\"email\" id=\"wpforms-16768-field_3\" class=\"wpforms-field-large wpforms-field-required\" name=\"wpforms[fields][3]\" spellcheck=\"false\" required><\/div><div id=\"wpforms-16768-field_4-container\" class=\"wpforms-field wpforms-field-text wpforms-one-half\" data-field-id=\"4\"><label class=\"wpforms-field-label\" for=\"wpforms-16768-field_4\">Nombre de la Organizaci\u00f3n <span class=\"wpforms-required-label\">*<\/span><\/label><input type=\"text\" id=\"wpforms-16768-field_4\" class=\"wpforms-field-large wpforms-field-required\" name=\"wpforms[fields][4]\" required><\/div><div id=\"wpforms-16768-field_5-container\" class=\"wpforms-field wpforms-field-select wpforms-one-half wpforms-first wpforms-field-select-style-classic\" data-field-id=\"5\"><label class=\"wpforms-field-label\" for=\"wpforms-16768-field_5\">Cargo en la organizaci\u00f3n <span class=\"wpforms-required-label\">*<\/span><\/label><select id=\"wpforms-16768-field_5\" class=\"wpforms-field-large wpforms-field-required\" name=\"wpforms[fields][5]\" required=\"required\"><option value=\"CEO\/Presidente\"  class=\"choice-4 depth-1\"  >CEO\/Presidente<\/option><option value=\"Director\"  class=\"choice-5 depth-1\"  >Director<\/option><option value=\"Supervisor\/Gerente\"  class=\"choice-6 depth-1\"  >Supervisor\/Gerente<\/option><option value=\"Coordinador\"  class=\"choice-7 depth-1\"  >Coordinador<\/option><option value=\"Analista\"  class=\"choice-8 depth-1\"  >Analista<\/option><option value=\"Consultor\"  class=\"choice-9 depth-1\"  >Consultor<\/option><option value=\"Becario\/Practicante\"  class=\"choice-10 depth-1\"  >Becario\/Practicante<\/option><option value=\"Estudiante\"  class=\"choice-11 depth-1\"  >Estudiante<\/option><option value=\"Colaborador sin gente a cargo\"  class=\"choice-12 depth-1\"  >Colaborador sin gente a cargo<\/option><option value=\"Otros\"  class=\"choice-13 depth-1\"  >Otros<\/option><\/select><\/div><div id=\"wpforms-16768-field_6-container\" class=\"wpforms-field wpforms-field-text wpforms-one-half\" data-field-id=\"6\"><label class=\"wpforms-field-label\" for=\"wpforms-16768-field_6\">\u00c1rea de trabajo <span class=\"wpforms-required-label\">*<\/span><\/label><input type=\"text\" id=\"wpforms-16768-field_6\" class=\"wpforms-field-large wpforms-field-required\" name=\"wpforms[fields][6]\" required><\/div><div id=\"wpforms-16768-field_12-container\" class=\"wpforms-field wpforms-field-text wpforms-one-half wpforms-first\" data-field-id=\"12\"><label class=\"wpforms-field-label\" for=\"wpforms-16768-field_12\">N\u00famero de tel\u00e9fono fijo <span class=\"wpforms-required-label\">*<\/span><\/label><input type=\"text\" id=\"wpforms-16768-field_12\" class=\"wpforms-field-large wpforms-field-required\" name=\"wpforms[fields][12]\" required><\/div><div id=\"wpforms-16768-field_13-container\" class=\"wpforms-field wpforms-field-text wpforms-one-half\" data-field-id=\"13\"><label class=\"wpforms-field-label\" for=\"wpforms-16768-field_13\">N\u00famero de tel\u00e9fono celular <span class=\"wpforms-required-label\">*<\/span><\/label><input type=\"text\" id=\"wpforms-16768-field_13\" class=\"wpforms-field-large wpforms-field-required\" name=\"wpforms[fields][13]\" required><\/div><div id=\"wpforms-16768-field_9-container\" class=\"wpforms-field wpforms-field-text wpforms-one-half wpforms-first\" data-field-id=\"9\"><label class=\"wpforms-field-label\" for=\"wpforms-16768-field_9\">Pa\u00eds <span class=\"wpforms-required-label\">*<\/span><\/label><input type=\"text\" id=\"wpforms-16768-field_9\" class=\"wpforms-field-large wpforms-field-required\" name=\"wpforms[fields][9]\" required><\/div><div id=\"wpforms-16768-field_11-container\" class=\"wpforms-field wpforms-field-select wpforms-one-half wpforms-field-select-style-classic\" data-field-id=\"11\"><label class=\"wpforms-field-label\" for=\"wpforms-16768-field_11\">G\u00e9nero <span class=\"wpforms-required-label\">*<\/span><\/label><select id=\"wpforms-16768-field_11\" class=\"wpforms-field-large wpforms-field-required\" name=\"wpforms[fields][11]\" required=\"required\"><option value=\"Masculino\"  class=\"choice-1 depth-1\"  >Masculino<\/option><option value=\"Femenino\"  class=\"choice-2 depth-1\"  >Femenino<\/option><option value=\"Otro\"  class=\"choice-3 depth-1\"  >Otro<\/option><option value=\"Prefiero no responder\"  class=\"choice-4 depth-1\"  >Prefiero no responder<\/option><\/select><\/div><\/div><!-- .wpforms-field-container --><div class=\"wpforms-submit-container\" ><input type=\"hidden\" name=\"wpforms[id]\" value=\"16768\"><input type=\"hidden\" name=\"page_title\" value=\"\"><input type=\"hidden\" name=\"page_url\" value=\"https:\/\/greatplacetoworkcarca.com\/es\/wp-json\/wp\/v2\/pages\/16766\"><input type=\"hidden\" name=\"url_referer\" value=\"\"><button type=\"submit\" name=\"wpforms[submit]\" id=\"wpforms-submit-16768\" class=\"wpforms-submit\" data-alt-text=\"Enviando...\" data-submit-text=\"Enviar\" aria-live=\"assertive\" value=\"wpforms-submit\">Enviar<\/button><img decoding=\"async\" src=\"https:\/\/greatplacetoworkcarca.com\/wp-content\/plugins\/wpforms\/assets\/images\/submit-spin.svg\" class=\"wpforms-submit-spinner\" style=\"display: none;\" width=\"26\" height=\"26\" alt=\"Cargando\"><\/div><\/form><\/div>  <!-- .wpforms-container -->\t<\/div>\n\t\t\t\t\t\t<\/div>\n\t\t\t\t<\/div>\n\t\t\t\t\t<\/div>\n\t\t<\/div>\n\t\t\t\t<div class=\"elementor-column elementor-col-33 elementor-inner-column elementor-element elementor-element-a34d360\" data-id=\"a34d360\" data-element_type=\"column\" data-e-type=\"column\">\n\t\t\t<div class=\"elementor-widget-wrap\">\n\t\t\t\t\t\t\t<\/div>\n\t\t<\/div>\n\t\t\t\t\t<\/div>\n\t\t<\/section>\n\t\t\t\t\t<\/div>\n\t\t<\/div>\n\t\t\t\t\t<\/div>\n\t\t<\/section>\n\t\t\t\t<\/div>\n\t\t\n    <div class=\"xs_social_share_widget xs_share_url after_content \t\tmain_content  wslu-style-1 wslu-share-box-shaped wslu-fill-colored wslu-none wslu-share-horizontal wslu-theme-font-no wslu-main_content\">\n\n\t\t\n        <ul>\n\t\t\t        <\/ul>\n    <\/div> \n","protected":false},"excerpt":{"rendered":"<p>Reg\u00edstrese<\/p>\n","protected":false},"author":14898,"featured_media":0,"parent":0,"menu_order":0,"comment_status":"closed","ping_status":"closed","template":"","meta":{"_acf_changed":false,"footnotes":""},"class_list":["post-16766","page","type-page","status-publish","hentry"],"acf":[],"yoast_head":"<!-- This site is optimized with the Yoast SEO plugin v27.3 - https:\/\/yoast.com\/product\/yoast-seo-wordpress\/ -->\n<title>\u00bfc\u00f3mo gestionar equipos de alto desempe\u00f1o? - GPTW CARCA<\/title>\n<meta name=\"robots\" content=\"index, follow, max-snippet:-1, max-image-preview:large, max-video-preview:-1\" \/>\n<link rel=\"canonical\" href=\"https:\/\/greatplacetoworkcarca.com\/es\/como-gestionar-equipos-de-alto-desempeno\/\" \/>\n<meta property=\"og:locale\" content=\"es_MX\" \/>\n<meta property=\"og:type\" content=\"article\" \/>\n<meta property=\"og:title\" content=\"\u00bfc\u00f3mo gestionar equipos de alto desempe\u00f1o? - GPTW CARCA\" \/>\n<meta property=\"og:description\" content=\"Reg\u00edstrese\" \/>\n<meta property=\"og:url\" content=\"https:\/\/greatplacetoworkcarca.com\/es\/como-gestionar-equipos-de-alto-desempeno\/\" \/>\n<meta property=\"og:site_name\" content=\"GPTW CARCA\" \/>\n<meta property=\"article:publisher\" content=\"https:\/\/www.facebook.com\/GPTWCARCA\" \/>\n<meta property=\"article:modified_time\" content=\"2022-11-24T14:38:02+00:00\" \/>\n<meta property=\"og:image\" content=\"https:\/\/greatplacetoworkcarca.com\/wp-content\/uploads\/2022\/10\/Banner-Webinar-GestionarEquipos.jpg\" \/>\n<meta name=\"twitter:card\" content=\"summary_large_image\" \/>\n<meta name=\"twitter:label1\" content=\"Tiempo de lectura\" \/>\n\t<meta name=\"twitter:data1\" content=\"1 minuto\" \/>\n<script type=\"application\/ld+json\" class=\"yoast-schema-graph\">{\"@context\":\"https:\\\/\\\/schema.org\",\"@graph\":[{\"@type\":\"WebPage\",\"@id\":\"https:\\\/\\\/greatplacetoworkcarca.com\\\/es\\\/como-gestionar-equipos-de-alto-desempeno\\\/\",\"url\":\"https:\\\/\\\/greatplacetoworkcarca.com\\\/es\\\/como-gestionar-equipos-de-alto-desempeno\\\/\",\"name\":\"\u00bfc\u00f3mo gestionar equipos de alto desempe\u00f1o? - GPTW CARCA\",\"isPartOf\":{\"@id\":\"https:\\\/\\\/greatplacetoworkcarca.com\\\/es\\\/#website\"},\"primaryImageOfPage\":{\"@id\":\"https:\\\/\\\/greatplacetoworkcarca.com\\\/es\\\/como-gestionar-equipos-de-alto-desempeno\\\/#primaryimage\"},\"image\":{\"@id\":\"https:\\\/\\\/greatplacetoworkcarca.com\\\/es\\\/como-gestionar-equipos-de-alto-desempeno\\\/#primaryimage\"},\"thumbnailUrl\":\"https:\\\/\\\/greatplacetoworkcarca.com\\\/wp-content\\\/uploads\\\/2022\\\/10\\\/Banner-Webinar-GestionarEquipos.jpg\",\"datePublished\":\"2022-10-31T23:42:00+00:00\",\"dateModified\":\"2022-11-24T14:38:02+00:00\",\"breadcrumb\":{\"@id\":\"https:\\\/\\\/greatplacetoworkcarca.com\\\/es\\\/como-gestionar-equipos-de-alto-desempeno\\\/#breadcrumb\"},\"inLanguage\":\"es\",\"potentialAction\":[{\"@type\":\"ReadAction\",\"target\":[\"https:\\\/\\\/greatplacetoworkcarca.com\\\/es\\\/como-gestionar-equipos-de-alto-desempeno\\\/\"]}]},{\"@type\":\"ImageObject\",\"inLanguage\":\"es\",\"@id\":\"https:\\\/\\\/greatplacetoworkcarca.com\\\/es\\\/como-gestionar-equipos-de-alto-desempeno\\\/#primaryimage\",\"url\":\"https:\\\/\\\/greatplacetoworkcarca.com\\\/wp-content\\\/uploads\\\/2022\\\/10\\\/Banner-Webinar-GestionarEquipos.jpg\",\"contentUrl\":\"https:\\\/\\\/greatplacetoworkcarca.com\\\/wp-content\\\/uploads\\\/2022\\\/10\\\/Banner-Webinar-GestionarEquipos.jpg\"},{\"@type\":\"BreadcrumbList\",\"@id\":\"https:\\\/\\\/greatplacetoworkcarca.com\\\/es\\\/como-gestionar-equipos-de-alto-desempeno\\\/#breadcrumb\",\"itemListElement\":[{\"@type\":\"ListItem\",\"position\":1,\"name\":\"Inicio\",\"item\":\"https:\\\/\\\/greatplacetoworkcarca.com\\\/es\\\/\"},{\"@type\":\"ListItem\",\"position\":2,\"name\":\"\u00bfc\u00f3mo gestionar equipos de alto desempe\u00f1o?\"}]},{\"@type\":\"WebSite\",\"@id\":\"https:\\\/\\\/greatplacetoworkcarca.com\\\/es\\\/#website\",\"url\":\"https:\\\/\\\/greatplacetoworkcarca.com\\\/es\\\/\",\"name\":\"Great Place to Work Caribe y Centroam\u00e9rica\",\"description\":\"Great Place to Work\",\"publisher\":{\"@id\":\"https:\\\/\\\/greatplacetoworkcarca.com\\\/es\\\/#organization\"},\"alternateName\":\"Great Place to Work\",\"potentialAction\":[{\"@type\":\"SearchAction\",\"target\":{\"@type\":\"EntryPoint\",\"urlTemplate\":\"https:\\\/\\\/greatplacetoworkcarca.com\\\/es\\\/?s={search_term_string}\"},\"query-input\":{\"@type\":\"PropertyValueSpecification\",\"valueRequired\":true,\"valueName\":\"search_term_string\"}}],\"inLanguage\":\"es\"},{\"@type\":\"Organization\",\"@id\":\"https:\\\/\\\/greatplacetoworkcarca.com\\\/es\\\/#organization\",\"name\":\"Great Place to Work Caribe y Centroam\u00e9rica\",\"alternateName\":\"Great Place to Work\",\"url\":\"https:\\\/\\\/greatplacetoworkcarca.com\\\/es\\\/\",\"logo\":{\"@type\":\"ImageObject\",\"inLanguage\":\"es\",\"@id\":\"https:\\\/\\\/greatplacetoworkcarca.com\\\/es\\\/#\\\/schema\\\/logo\\\/image\\\/\",\"url\":\"https:\\\/\\\/greatplacetoworkcarca.com\\\/wp-content\\\/uploads\\\/2018\\\/11\\\/1200px-GPTW_logo.jpg\",\"contentUrl\":\"https:\\\/\\\/greatplacetoworkcarca.com\\\/wp-content\\\/uploads\\\/2018\\\/11\\\/1200px-GPTW_logo.jpg\",\"width\":1200,\"height\":1200,\"caption\":\"Great Place to Work Caribe y Centroam\u00e9rica\"},\"image\":{\"@id\":\"https:\\\/\\\/greatplacetoworkcarca.com\\\/es\\\/#\\\/schema\\\/logo\\\/image\\\/\"},\"sameAs\":[\"https:\\\/\\\/www.facebook.com\\\/GPTWCARCA\"]}]}<\/script>\n<!-- \/ Yoast SEO plugin. -->","yoast_head_json":{"title":"\u00bfc\u00f3mo gestionar equipos de alto desempe\u00f1o? - GPTW CARCA","robots":{"index":"index","follow":"follow","max-snippet":"max-snippet:-1","max-image-preview":"max-image-preview:large","max-video-preview":"max-video-preview:-1"},"canonical":"https:\/\/greatplacetoworkcarca.com\/es\/como-gestionar-equipos-de-alto-desempeno\/","og_locale":"es_MX","og_type":"article","og_title":"\u00bfc\u00f3mo gestionar equipos de alto desempe\u00f1o? - GPTW CARCA","og_description":"Reg\u00edstrese","og_url":"https:\/\/greatplacetoworkcarca.com\/es\/como-gestionar-equipos-de-alto-desempeno\/","og_site_name":"GPTW CARCA","article_publisher":"https:\/\/www.facebook.com\/GPTWCARCA","article_modified_time":"2022-11-24T14:38:02+00:00","og_image":[{"url":"https:\/\/greatplacetoworkcarca.com\/wp-content\/uploads\/2022\/10\/Banner-Webinar-GestionarEquipos.jpg","type":"","width":"","height":""}],"twitter_card":"summary_large_image","twitter_misc":{"Tiempo de lectura":"1 minuto"},"schema":{"@context":"https:\/\/schema.org","@graph":[{"@type":"WebPage","@id":"https:\/\/greatplacetoworkcarca.com\/es\/como-gestionar-equipos-de-alto-desempeno\/","url":"https:\/\/greatplacetoworkcarca.com\/es\/como-gestionar-equipos-de-alto-desempeno\/","name":"\u00bfc\u00f3mo gestionar equipos de alto desempe\u00f1o? - GPTW CARCA","isPartOf":{"@id":"https:\/\/greatplacetoworkcarca.com\/es\/#website"},"primaryImageOfPage":{"@id":"https:\/\/greatplacetoworkcarca.com\/es\/como-gestionar-equipos-de-alto-desempeno\/#primaryimage"},"image":{"@id":"https:\/\/greatplacetoworkcarca.com\/es\/como-gestionar-equipos-de-alto-desempeno\/#primaryimage"},"thumbnailUrl":"https:\/\/greatplacetoworkcarca.com\/wp-content\/uploads\/2022\/10\/Banner-Webinar-GestionarEquipos.jpg","datePublished":"2022-10-31T23:42:00+00:00","dateModified":"2022-11-24T14:38:02+00:00","breadcrumb":{"@id":"https:\/\/greatplacetoworkcarca.com\/es\/como-gestionar-equipos-de-alto-desempeno\/#breadcrumb"},"inLanguage":"es","potentialAction":[{"@type":"ReadAction","target":["https:\/\/greatplacetoworkcarca.com\/es\/como-gestionar-equipos-de-alto-desempeno\/"]}]},{"@type":"ImageObject","inLanguage":"es","@id":"https:\/\/greatplacetoworkcarca.com\/es\/como-gestionar-equipos-de-alto-desempeno\/#primaryimage","url":"https:\/\/greatplacetoworkcarca.com\/wp-content\/uploads\/2022\/10\/Banner-Webinar-GestionarEquipos.jpg","contentUrl":"https:\/\/greatplacetoworkcarca.com\/wp-content\/uploads\/2022\/10\/Banner-Webinar-GestionarEquipos.jpg"},{"@type":"BreadcrumbList","@id":"https:\/\/greatplacetoworkcarca.com\/es\/como-gestionar-equipos-de-alto-desempeno\/#breadcrumb","itemListElement":[{"@type":"ListItem","position":1,"name":"Inicio","item":"https:\/\/greatplacetoworkcarca.com\/es\/"},{"@type":"ListItem","position":2,"name":"\u00bfc\u00f3mo gestionar equipos de alto desempe\u00f1o?"}]},{"@type":"WebSite","@id":"https:\/\/greatplacetoworkcarca.com\/es\/#website","url":"https:\/\/greatplacetoworkcarca.com\/es\/","name":"Great Place to Work Caribe y Centroam\u00e9rica","description":"Great Place to Work","publisher":{"@id":"https:\/\/greatplacetoworkcarca.com\/es\/#organization"},"alternateName":"Great Place to Work","potentialAction":[{"@type":"SearchAction","target":{"@type":"EntryPoint","urlTemplate":"https:\/\/greatplacetoworkcarca.com\/es\/?s={search_term_string}"},"query-input":{"@type":"PropertyValueSpecification","valueRequired":true,"valueName":"search_term_string"}}],"inLanguage":"es"},{"@type":"Organization","@id":"https:\/\/greatplacetoworkcarca.com\/es\/#organization","name":"Great Place to Work Caribe y Centroam\u00e9rica","alternateName":"Great Place to Work","url":"https:\/\/greatplacetoworkcarca.com\/es\/","logo":{"@type":"ImageObject","inLanguage":"es","@id":"https:\/\/greatplacetoworkcarca.com\/es\/#\/schema\/logo\/image\/","url":"https:\/\/greatplacetoworkcarca.com\/wp-content\/uploads\/2018\/11\/1200px-GPTW_logo.jpg","contentUrl":"https:\/\/greatplacetoworkcarca.com\/wp-content\/uploads\/2018\/11\/1200px-GPTW_logo.jpg","width":1200,"height":1200,"caption":"Great Place to Work Caribe y Centroam\u00e9rica"},"image":{"@id":"https:\/\/greatplacetoworkcarca.com\/es\/#\/schema\/logo\/image\/"},"sameAs":["https:\/\/www.facebook.com\/GPTWCARCA"]}]}},"_links":{"self":[{"href":"https:\/\/greatplacetoworkcarca.com\/es\/wp-json\/wp\/v2\/pages\/16766","targetHints":{"allow":["GET"]}}],"collection":[{"href":"https:\/\/greatplacetoworkcarca.com\/es\/wp-json\/wp\/v2\/pages"}],"about":[{"href":"https:\/\/greatplacetoworkcarca.com\/es\/wp-json\/wp\/v2\/types\/page"}],"author":[{"embeddable":true,"href":"https:\/\/greatplacetoworkcarca.com\/es\/wp-json\/wp\/v2\/users\/14898"}],"replies":[{"embeddable":true,"href":"https:\/\/greatplacetoworkcarca.com\/es\/wp-json\/wp\/v2\/comments?post=16766"}],"version-history":[{"count":0,"href":"https:\/\/greatplacetoworkcarca.com\/es\/wp-json\/wp\/v2\/pages\/16766\/revisions"}],"wp:attachment":[{"href":"https:\/\/greatplacetoworkcarca.com\/es\/wp-json\/wp\/v2\/media?parent=16766"}],"curies":[{"name":"wp","href":"https:\/\/api.w.org\/{rel}","templated":true}]}}