{"id":383,"date":"2018-11-26T23:33:19","date_gmt":"2018-11-27T05:33:19","guid":{"rendered":"http:\/\/culturalgo.mx\/?page_id=383"},"modified":"2025-12-26T13:46:48","modified_gmt":"2025-12-26T19:46:48","slug":"equipo","status":"publish","type":"page","link":"https:\/\/greatplacetoworkcarca.com\/es\/equipo\/","title":{"rendered":"Nuestro equipo"},"content":{"rendered":"\t\t<div data-elementor-type=\"wp-post\" data-elementor-id=\"383\" class=\"elementor elementor-383\" data-elementor-post-type=\"page\">\n\t\t\t\t\t\t<section class=\"elementor-section elementor-top-section elementor-element elementor-element-216e79c elementor-section-content-middle elementor-section-height-min-height elementor-section-boxed elementor-section-height-default elementor-section-items-middle\" data-id=\"216e79c\" data-element_type=\"section\" data-e-type=\"section\" data-settings=\"{&quot;background_background&quot;:&quot;classic&quot;}\">\n\t\t\t\t\t\t<div class=\"elementor-container elementor-column-gap-default\">\n\t\t\t\t\t<div class=\"elementor-column elementor-col-100 elementor-top-column elementor-element elementor-element-6b22ece\" data-id=\"6b22ece\" data-element_type=\"column\" data-e-type=\"column\">\n\t\t\t<div class=\"elementor-widget-wrap elementor-element-populated\">\n\t\t\t\t\t\t<section class=\"elementor-section elementor-inner-section elementor-element elementor-element-0ed5780 elementor-section-boxed elementor-section-height-default elementor-section-height-default\" data-id=\"0ed5780\" data-element_type=\"section\" data-e-type=\"section\">\n\t\t\t\t\t\t<div class=\"elementor-container elementor-column-gap-default\">\n\t\t\t\t\t<div class=\"elementor-column elementor-col-33 elementor-inner-column elementor-element elementor-element-9c76dbc\" data-id=\"9c76dbc\" data-element_type=\"column\" data-e-type=\"column\">\n\t\t\t<div class=\"elementor-widget-wrap elementor-element-populated\">\n\t\t\t\t\t\t<div class=\"elementor-element elementor-element-6e9ff0b elementor-widget elementor-widget-heading\" data-id=\"6e9ff0b\" data-element_type=\"widget\" data-e-type=\"widget\" data-widget_type=\"heading.default\">\n\t\t\t\t<div class=\"elementor-widget-container\">\n\t\t\t\t\t<h2 class=\"elementor-heading-title elementor-size-default\">Nuestro equipo<\/h2>\t\t\t\t<\/div>\n\t\t\t\t<\/div>\n\t\t\t\t\t<\/div>\n\t\t<\/div>\n\t\t\t\t<div class=\"elementor-column elementor-col-33 elementor-inner-column elementor-element elementor-element-08ac0b3\" data-id=\"08ac0b3\" data-element_type=\"column\" data-e-type=\"column\">\n\t\t\t<div class=\"elementor-widget-wrap elementor-element-populated\">\n\t\t\t\t\t\t<div class=\"elementor-element elementor-element-529d464 elementor-widget elementor-widget-image\" data-id=\"529d464\" data-element_type=\"widget\" data-e-type=\"widget\" data-widget_type=\"image.default\">\n\t\t\t\t<div class=\"elementor-widget-container\">\n\t\t\t\t\t\t\t\t\t\t\t\t\t\t\t<img fetchpriority=\"high\" decoding=\"async\" width=\"525\" height=\"525\" src=\"https:\/\/greatplacetoworkcarca.com\/wp-content\/uploads\/2022\/07\/manos-encabezado.png\" class=\"attachment-large size-large wp-image-11375\" alt=\"\" srcset=\"https:\/\/greatplacetoworkcarca.com\/wp-content\/uploads\/2022\/07\/manos-encabezado.png 600w, https:\/\/greatplacetoworkcarca.com\/wp-content\/uploads\/2022\/07\/manos-encabezado-300x300.png 300w, https:\/\/greatplacetoworkcarca.com\/wp-content\/uploads\/2022\/07\/manos-encabezado-150x150.png 150w, https:\/\/greatplacetoworkcarca.com\/wp-content\/uploads\/2022\/07\/manos-encabezado-100x100.png 100w\" sizes=\"100vw\" \/>\t\t\t\t\t\t\t\t\t\t\t\t\t\t\t<\/div>\n\t\t\t\t<\/div>\n\t\t\t\t\t<\/div>\n\t\t<\/div>\n\t\t\t\t<div class=\"elementor-column elementor-col-33 elementor-inner-column elementor-element elementor-element-086cd7a\" data-id=\"086cd7a\" data-element_type=\"column\" data-e-type=\"column\">\n\t\t\t<div class=\"elementor-widget-wrap\">\n\t\t\t\t\t\t\t<\/div>\n\t\t<\/div>\n\t\t\t\t\t<\/div>\n\t\t<\/section>\n\t\t\t\t\t<\/div>\n\t\t<\/div>\n\t\t\t\t\t<\/div>\n\t\t<\/section>\n\t\t\t\t<section class=\"elementor-section elementor-top-section elementor-element elementor-element-9387fb2 elementor-section-height-min-height elementor-hidden-desktop elementor-hidden-tablet elementor-hidden-mobile elementor-section-boxed elementor-section-height-default elementor-section-items-middle\" data-id=\"9387fb2\" data-element_type=\"section\" data-e-type=\"section\">\n\t\t\t\t\t\t<div class=\"elementor-container elementor-column-gap-default\">\n\t\t\t\t\t<div class=\"elementor-column elementor-col-100 elementor-top-column elementor-element elementor-element-590e824\" data-id=\"590e824\" data-element_type=\"column\" data-e-type=\"column\">\n\t\t\t<div class=\"elementor-widget-wrap elementor-element-populated\">\n\t\t\t\t\t\t<section class=\"elementor-section elementor-inner-section elementor-element elementor-element-233c956 elementor-section-boxed elementor-section-height-default elementor-section-height-default\" data-id=\"233c956\" data-element_type=\"section\" data-e-type=\"section\">\n\t\t\t\t\t\t<div class=\"elementor-container elementor-column-gap-default\">\n\t\t\t\t\t<div class=\"elementor-column elementor-col-50 elementor-inner-column elementor-element elementor-element-1add07e\" data-id=\"1add07e\" data-element_type=\"column\" data-e-type=\"column\">\n\t\t\t<div class=\"elementor-widget-wrap elementor-element-populated\">\n\t\t\t\t\t\t<div class=\"elementor-element elementor-element-345c4e8 elementor-widget elementor-widget-heading\" data-id=\"345c4e8\" data-element_type=\"widget\" data-e-type=\"widget\" data-widget_type=\"heading.default\">\n\t\t\t\t<div class=\"elementor-widget-container\">\n\t\t\t\t\t<h2 class=\"elementor-heading-title elementor-size-default\">Jorge Ferrari<\/h2>\t\t\t\t<\/div>\n\t\t\t\t<\/div>\n\t\t\t\t<div class=\"elementor-element elementor-element-73cc5db elementor-widget elementor-widget-text-editor\" data-id=\"73cc5db\" data-element_type=\"widget\" data-e-type=\"widget\" data-widget_type=\"text-editor.default\">\n\t\t\t\t<div class=\"elementor-widget-container\">\n\t\t\t\t\t\t\t\t\t<p style=\"text-align: justify;\"><strong>Presidente de Great Place to Work\u00ae CARCA<\/strong><\/p><p>Fundador y accionista de Great Place to Work\u00ae Institute M\u00e9xico, trabaja junto a las empresas apoyando a sus l\u00edderes en la transformaci\u00f3n de la cultura organizacional para lograr la excelencia en el lugar de trabajo para todos. Ha desarrollado de la mano de los medios de comunicaci\u00f3n m\u00e1s importantes del pa\u00eds, el proyecto \u201cLas Mejores Empresas para Trabajar\u00ae en M\u00e9xico\u201d.<br \/>Este a\u00f1o el Instituto cumple 18 a\u00f1os de funcionamiento en M\u00e9xico, en ese per\u00edodo el Instituto pas\u00f3 de 20 a 1000 clientes y de US$ 50.000 a US$ 10M.<\/p><p>Jorge Ferrari tambi\u00e9n es accionista y presidente de las operaciones de Great Place to Work\u00ae en Hong Kong, China continental, Taiw\u00e1n y Macao.<br \/>Ha impartido diversos seminarios y talleres incluyendo la organizaci\u00f3n y participaci\u00f3n en la conferencia magistral del Presidente Bill Clinton en M\u00e9xico sobre el tema: \u201cLiderazgo y Prosperidad Colectiva\u201d.<br \/>Ha participado en un gran n\u00famero de proyectos de consultor\u00eda incluyendo Desarrollo Organizacional, Procesos Gerenciales y Transformaci\u00f3n para mejorar el desempe\u00f1o en empresas de primer nivel, llev\u00e1ndolos a cabo en varias regiones del mundo, incluidas Am\u00e9rica del Sur y del Norte, Europa, Asia y \u00c1frica.<br \/>Cuenta con una Maestr\u00eda en Ciencias en Ingenier\u00eda (UCLA) y una licenciatura en Ingenier\u00eda Electromec\u00e1nica (Universidad de Buenos Aires, Argentina).<\/p>\t\t\t\t\t\t\t\t<\/div>\n\t\t\t\t<\/div>\n\t\t\t\t\t<\/div>\n\t\t<\/div>\n\t\t\t\t<div class=\"elementor-column elementor-col-50 elementor-inner-column elementor-element elementor-element-05bcca7\" data-id=\"05bcca7\" data-element_type=\"column\" data-e-type=\"column\">\n\t\t\t<div class=\"elementor-widget-wrap elementor-element-populated\">\n\t\t\t\t\t\t<div class=\"elementor-element elementor-element-f664649 elementor-widget elementor-widget-image\" data-id=\"f664649\" data-element_type=\"widget\" data-e-type=\"widget\" data-widget_type=\"image.default\">\n\t\t\t\t<div class=\"elementor-widget-container\">\n\t\t\t\t\t\t\t\t\t\t\t\t\t\t\t<img decoding=\"async\" width=\"400\" height=\"400\" src=\"https:\/\/greatplacetoworkcarca.com\/wp-content\/uploads\/2022\/11\/Jorge-Ferrari.png\" class=\"attachment-large size-large wp-image-22624\" alt=\"\" srcset=\"https:\/\/greatplacetoworkcarca.com\/wp-content\/uploads\/2022\/11\/Jorge-Ferrari.png 400w, https:\/\/greatplacetoworkcarca.com\/wp-content\/uploads\/2022\/11\/Jorge-Ferrari-300x300.png 300w, https:\/\/greatplacetoworkcarca.com\/wp-content\/uploads\/2022\/11\/Jorge-Ferrari-150x150.png 150w, https:\/\/greatplacetoworkcarca.com\/wp-content\/uploads\/2022\/11\/Jorge-Ferrari-12x12.png 12w, https:\/\/greatplacetoworkcarca.com\/wp-content\/uploads\/2022\/11\/Jorge-Ferrari-100x100.png 100w\" sizes=\"100vw\" \/>\t\t\t\t\t\t\t\t\t\t\t\t\t\t\t<\/div>\n\t\t\t\t<\/div>\n\t\t\t\t\t<\/div>\n\t\t<\/div>\n\t\t\t\t\t<\/div>\n\t\t<\/section>\n\t\t\t\t\t<\/div>\n\t\t<\/div>\n\t\t\t\t\t<\/div>\n\t\t<\/section>\n\t\t\t\t<section class=\"elementor-section elementor-top-section elementor-element elementor-element-332acd4 elementor-section-boxed elementor-section-height-default elementor-section-height-default\" data-id=\"332acd4\" data-element_type=\"section\" data-e-type=\"section\" data-settings=\"{&quot;background_background&quot;:&quot;classic&quot;}\">\n\t\t\t\t\t\t<div class=\"elementor-container elementor-column-gap-default\">\n\t\t\t\t\t<div class=\"elementor-column elementor-col-100 elementor-top-column elementor-element elementor-element-034a3bb\" data-id=\"034a3bb\" data-element_type=\"column\" data-e-type=\"column\">\n\t\t\t<div class=\"elementor-widget-wrap elementor-element-populated\">\n\t\t\t\t\t\t<section class=\"elementor-section elementor-inner-section elementor-element elementor-element-c7fd0de elementor-reverse-tablet elementor-reverse-mobile elementor-section-boxed elementor-section-height-default elementor-section-height-default\" data-id=\"c7fd0de\" data-element_type=\"section\" data-e-type=\"section\">\n\t\t\t\t\t\t<div class=\"elementor-container elementor-column-gap-default\">\n\t\t\t\t\t<div class=\"elementor-column elementor-col-50 elementor-inner-column elementor-element elementor-element-3356c15\" data-id=\"3356c15\" data-element_type=\"column\" data-e-type=\"column\">\n\t\t\t<div class=\"elementor-widget-wrap elementor-element-populated\">\n\t\t\t\t\t\t<div class=\"elementor-element elementor-element-28193d7 elementor-widget elementor-widget-image\" data-id=\"28193d7\" data-element_type=\"widget\" data-e-type=\"widget\" data-widget_type=\"image.default\">\n\t\t\t\t<div class=\"elementor-widget-container\">\n\t\t\t\t\t\t\t\t\t\t\t\t\t\t\t<img decoding=\"async\" width=\"400\" height=\"400\" src=\"https:\/\/greatplacetoworkcarca.com\/wp-content\/uploads\/2022\/07\/renan-gonzales.png\" class=\"attachment-large size-large wp-image-11377\" alt=\"\" srcset=\"https:\/\/greatplacetoworkcarca.com\/wp-content\/uploads\/2022\/07\/renan-gonzales.png 400w, https:\/\/greatplacetoworkcarca.com\/wp-content\/uploads\/2022\/07\/renan-gonzales-300x300.png 300w, https:\/\/greatplacetoworkcarca.com\/wp-content\/uploads\/2022\/07\/renan-gonzales-150x150.png 150w, https:\/\/greatplacetoworkcarca.com\/wp-content\/uploads\/2022\/07\/renan-gonzales-100x100.png 100w\" sizes=\"100vw\" \/>\t\t\t\t\t\t\t\t\t\t\t\t\t\t\t<\/div>\n\t\t\t\t<\/div>\n\t\t\t\t\t<\/div>\n\t\t<\/div>\n\t\t\t\t<div class=\"elementor-column elementor-col-50 elementor-inner-column elementor-element elementor-element-3638bbe\" data-id=\"3638bbe\" data-element_type=\"column\" data-e-type=\"column\">\n\t\t\t<div class=\"elementor-widget-wrap elementor-element-populated\">\n\t\t\t\t\t\t<div class=\"elementor-element elementor-element-efcb2c3 elementor-widget elementor-widget-heading\" data-id=\"efcb2c3\" data-element_type=\"widget\" data-e-type=\"widget\" data-widget_type=\"heading.default\">\n\t\t\t\t<div class=\"elementor-widget-container\">\n\t\t\t\t\t<h2 class=\"elementor-heading-title elementor-size-default\">Ren\u00e1n Gonz\u00e1lez Nieto<\/h2>\t\t\t\t<\/div>\n\t\t\t\t<\/div>\n\t\t\t\t<div class=\"elementor-element elementor-element-7163955 elementor-widget elementor-widget-text-editor\" data-id=\"7163955\" data-element_type=\"widget\" data-e-type=\"widget\" data-widget_type=\"text-editor.default\">\n\t\t\t\t<div class=\"elementor-widget-container\">\n\t\t\t\t\t\t\t\t\t<p style=\"text-align: justify;\"><strong>Director General de Great Place to Work\u00ae CARCA<\/strong><\/p><p><span style=\"font-weight: 400; text-align: justify;\">Ren\u00e1n es experto en las \u00e1reas de desarrollo e implementaci\u00f3n de estrategias, administraci\u00f3n financiera y gesti\u00f3n del desempe\u00f1o corporativo. Ren\u00e1n cuenta con 20 a\u00f1os de amplia experiencia en negocios internacionales entre empresas Fortune 5 y grupos globales \/ regionales de desarrollo empresarial. Ren\u00e1n es un l\u00edder en el desarrollo y la direcci\u00f3n de las organizaciones para centrarse en la mejora del modelo de negocio, el crecimiento de las ventas, la rentabilidad, la reestructuraci\u00f3n financiera y la planificaci\u00f3n estrat\u00e9gica. Se gradu\u00f3 de Ingeniero en Sistemas en Informaci\u00f3n (Universidad Francisco Marroqu\u00edn, Guatemala) y cuenta con un Postgrado en Ingenier\u00eda Financiera (Universidad de Las Am\u00e9ricas, M\u00e9xico). Tambi\u00e9n realiz\u00f3 estudios de posgrado en Marketing (Kellogg Business School, Chicago, EE.UU.), y Business Strategy (Palladium Group, Boston, EE.UU).<\/span><\/p>\t\t\t\t\t\t\t\t<\/div>\n\t\t\t\t<\/div>\n\t\t\t\t\t<\/div>\n\t\t<\/div>\n\t\t\t\t\t<\/div>\n\t\t<\/section>\n\t\t\t\t\t<\/div>\n\t\t<\/div>\n\t\t\t\t\t<\/div>\n\t\t<\/section>\n\t\t\t\t<\/div>\n\t\t\n    <div class=\"xs_social_share_widget xs_share_url after_content \t\tmain_content  wslu-style-1 wslu-share-box-shaped wslu-fill-colored wslu-none wslu-share-horizontal wslu-theme-font-no wslu-main_content\">\n\n\t\t\n        <ul>\n\t\t\t        <\/ul>\n    <\/div> \n","protected":false},"excerpt":{"rendered":"<p>Nuestro equipo Jorge Ferrari Presidente de Great Place to Work\u00ae CARCA Fundador y accionista de Great Place to Work\u00ae Institute M\u00e9xico, trabaja junto a las empresas apoyando a sus l\u00edderes en la transformaci\u00f3n de la cultura organizacional para lograr la excelencia en el lugar de trabajo para todos. Ha desarrollado de la mano de los &hellip; <\/p>\n<p class=\"link-more\"><a href=\"https:\/\/greatplacetoworkcarca.com\/es\/equipo\/\" class=\"more-link\">Continuar leyendo<span class=\"screen-reader-text\"> &#8220;Nuestro equipo&#8221;<\/span><\/a><\/p>\n","protected":false},"author":14898,"featured_media":0,"parent":0,"menu_order":0,"comment_status":"closed","ping_status":"closed","template":"elementor_header_footer","meta":{"_acf_changed":false,"footnotes":""},"class_list":["post-383","page","type-page","status-publish","hentry"],"acf":[],"yoast_head":"<!-- This site is optimized with the Yoast SEO plugin v27.3 - https:\/\/yoast.com\/product\/yoast-seo-wordpress\/ -->\n<title>Nuestro equipo - GPTW CARCA<\/title>\n<meta name=\"robots\" content=\"index, follow, max-snippet:-1, max-image-preview:large, max-video-preview:-1\" \/>\n<link rel=\"canonical\" href=\"https:\/\/greatplacetoworkcarca.com\/es\/equipo\/\" \/>\n<meta property=\"og:locale\" content=\"es_MX\" \/>\n<meta property=\"og:type\" content=\"article\" \/>\n<meta property=\"og:title\" content=\"Nuestro equipo - GPTW CARCA\" \/>\n<meta property=\"og:description\" content=\"Nuestro equipo Jorge Ferrari Presidente de Great Place to Work\u00ae CARCA Fundador y accionista de Great Place to Work\u00ae Institute M\u00e9xico, trabaja junto a las empresas apoyando a sus l\u00edderes en la transformaci\u00f3n de la cultura organizacional para lograr la excelencia en el lugar de trabajo para todos. Ha desarrollado de la mano de los &hellip; Continuar leyendo &quot;Nuestro equipo&quot;\" \/>\n<meta property=\"og:url\" content=\"https:\/\/greatplacetoworkcarca.com\/es\/equipo\/\" \/>\n<meta property=\"og:site_name\" content=\"GPTW CARCA\" \/>\n<meta property=\"article:publisher\" content=\"https:\/\/www.facebook.com\/GPTWCARCA\" \/>\n<meta property=\"article:modified_time\" content=\"2025-12-26T19:46:48+00:00\" \/>\n<meta property=\"og:image\" content=\"https:\/\/greatplacetoworkcarca.com\/wp-content\/uploads\/2022\/07\/manos-encabezado.png\" \/>\n\t<meta property=\"og:image:width\" content=\"600\" \/>\n\t<meta property=\"og:image:height\" content=\"600\" \/>\n\t<meta property=\"og:image:type\" content=\"image\/png\" \/>\n<meta name=\"twitter:card\" content=\"summary_large_image\" \/>\n<meta name=\"twitter:label1\" content=\"Tiempo de lectura\" \/>\n\t<meta name=\"twitter:data1\" content=\"3 minutos\" \/>\n<script type=\"application\/ld+json\" class=\"yoast-schema-graph\">{\"@context\":\"https:\\\/\\\/schema.org\",\"@graph\":[{\"@type\":\"WebPage\",\"@id\":\"https:\\\/\\\/greatplacetoworkcarca.com\\\/equipo\\\/\",\"url\":\"https:\\\/\\\/greatplacetoworkcarca.com\\\/equipo\\\/\",\"name\":\"Nuestro equipo - GPTW CARCA\",\"isPartOf\":{\"@id\":\"https:\\\/\\\/greatplacetoworkcarca.com\\\/es\\\/#website\"},\"primaryImageOfPage\":{\"@id\":\"https:\\\/\\\/greatplacetoworkcarca.com\\\/equipo\\\/#primaryimage\"},\"image\":{\"@id\":\"https:\\\/\\\/greatplacetoworkcarca.com\\\/equipo\\\/#primaryimage\"},\"thumbnailUrl\":\"https:\\\/\\\/greatplacetoworkcarca.com\\\/wp-content\\\/uploads\\\/2022\\\/07\\\/manos-encabezado.png\",\"datePublished\":\"2018-11-27T05:33:19+00:00\",\"dateModified\":\"2025-12-26T19:46:48+00:00\",\"breadcrumb\":{\"@id\":\"https:\\\/\\\/greatplacetoworkcarca.com\\\/equipo\\\/#breadcrumb\"},\"inLanguage\":\"es\",\"potentialAction\":[{\"@type\":\"ReadAction\",\"target\":[\"https:\\\/\\\/greatplacetoworkcarca.com\\\/equipo\\\/\"]}]},{\"@type\":\"ImageObject\",\"inLanguage\":\"es\",\"@id\":\"https:\\\/\\\/greatplacetoworkcarca.com\\\/equipo\\\/#primaryimage\",\"url\":\"https:\\\/\\\/greatplacetoworkcarca.com\\\/wp-content\\\/uploads\\\/2022\\\/07\\\/manos-encabezado.png\",\"contentUrl\":\"https:\\\/\\\/greatplacetoworkcarca.com\\\/wp-content\\\/uploads\\\/2022\\\/07\\\/manos-encabezado.png\"},{\"@type\":\"BreadcrumbList\",\"@id\":\"https:\\\/\\\/greatplacetoworkcarca.com\\\/equipo\\\/#breadcrumb\",\"itemListElement\":[{\"@type\":\"ListItem\",\"position\":1,\"name\":\"Inicio\",\"item\":\"https:\\\/\\\/greatplacetoworkcarca.com\\\/es\\\/\"},{\"@type\":\"ListItem\",\"position\":2,\"name\":\"Nuestro equipo\"}]},{\"@type\":\"WebSite\",\"@id\":\"https:\\\/\\\/greatplacetoworkcarca.com\\\/es\\\/#website\",\"url\":\"https:\\\/\\\/greatplacetoworkcarca.com\\\/es\\\/\",\"name\":\"Great Place to Work Caribe y Centroam\u00e9rica\",\"description\":\"Great Place to Work\",\"publisher\":{\"@id\":\"https:\\\/\\\/greatplacetoworkcarca.com\\\/es\\\/#organization\"},\"alternateName\":\"Great Place to Work\",\"potentialAction\":[{\"@type\":\"SearchAction\",\"target\":{\"@type\":\"EntryPoint\",\"urlTemplate\":\"https:\\\/\\\/greatplacetoworkcarca.com\\\/es\\\/?s={search_term_string}\"},\"query-input\":{\"@type\":\"PropertyValueSpecification\",\"valueRequired\":true,\"valueName\":\"search_term_string\"}}],\"inLanguage\":\"es\"},{\"@type\":\"Organization\",\"@id\":\"https:\\\/\\\/greatplacetoworkcarca.com\\\/es\\\/#organization\",\"name\":\"Great Place to Work Caribe y Centroam\u00e9rica\",\"alternateName\":\"Great Place to Work\",\"url\":\"https:\\\/\\\/greatplacetoworkcarca.com\\\/es\\\/\",\"logo\":{\"@type\":\"ImageObject\",\"inLanguage\":\"es\",\"@id\":\"https:\\\/\\\/greatplacetoworkcarca.com\\\/es\\\/#\\\/schema\\\/logo\\\/image\\\/\",\"url\":\"https:\\\/\\\/greatplacetoworkcarca.com\\\/wp-content\\\/uploads\\\/2018\\\/11\\\/1200px-GPTW_logo.jpg\",\"contentUrl\":\"https:\\\/\\\/greatplacetoworkcarca.com\\\/wp-content\\\/uploads\\\/2018\\\/11\\\/1200px-GPTW_logo.jpg\",\"width\":1200,\"height\":1200,\"caption\":\"Great Place to Work Caribe y Centroam\u00e9rica\"},\"image\":{\"@id\":\"https:\\\/\\\/greatplacetoworkcarca.com\\\/es\\\/#\\\/schema\\\/logo\\\/image\\\/\"},\"sameAs\":[\"https:\\\/\\\/www.facebook.com\\\/GPTWCARCA\"]}]}<\/script>\n<!-- \/ Yoast SEO plugin. -->","yoast_head_json":{"title":"Nuestro equipo - GPTW CARCA","robots":{"index":"index","follow":"follow","max-snippet":"max-snippet:-1","max-image-preview":"max-image-preview:large","max-video-preview":"max-video-preview:-1"},"canonical":"https:\/\/greatplacetoworkcarca.com\/es\/equipo\/","og_locale":"es_MX","og_type":"article","og_title":"Nuestro equipo - GPTW CARCA","og_description":"Nuestro equipo Jorge Ferrari Presidente de Great Place to Work\u00ae CARCA Fundador y accionista de Great Place to Work\u00ae Institute M\u00e9xico, trabaja junto a las empresas apoyando a sus l\u00edderes en la transformaci\u00f3n de la cultura organizacional para lograr la excelencia en el lugar de trabajo para todos. Ha desarrollado de la mano de los &hellip; Continuar leyendo \"Nuestro equipo\"","og_url":"https:\/\/greatplacetoworkcarca.com\/es\/equipo\/","og_site_name":"GPTW CARCA","article_publisher":"https:\/\/www.facebook.com\/GPTWCARCA","article_modified_time":"2025-12-26T19:46:48+00:00","og_image":[{"width":600,"height":600,"url":"https:\/\/greatplacetoworkcarca.com\/wp-content\/uploads\/2022\/07\/manos-encabezado.png","type":"image\/png"}],"twitter_card":"summary_large_image","twitter_misc":{"Tiempo de lectura":"3 minutos"},"schema":{"@context":"https:\/\/schema.org","@graph":[{"@type":"WebPage","@id":"https:\/\/greatplacetoworkcarca.com\/equipo\/","url":"https:\/\/greatplacetoworkcarca.com\/equipo\/","name":"Nuestro equipo - GPTW CARCA","isPartOf":{"@id":"https:\/\/greatplacetoworkcarca.com\/es\/#website"},"primaryImageOfPage":{"@id":"https:\/\/greatplacetoworkcarca.com\/equipo\/#primaryimage"},"image":{"@id":"https:\/\/greatplacetoworkcarca.com\/equipo\/#primaryimage"},"thumbnailUrl":"https:\/\/greatplacetoworkcarca.com\/wp-content\/uploads\/2022\/07\/manos-encabezado.png","datePublished":"2018-11-27T05:33:19+00:00","dateModified":"2025-12-26T19:46:48+00:00","breadcrumb":{"@id":"https:\/\/greatplacetoworkcarca.com\/equipo\/#breadcrumb"},"inLanguage":"es","potentialAction":[{"@type":"ReadAction","target":["https:\/\/greatplacetoworkcarca.com\/equipo\/"]}]},{"@type":"ImageObject","inLanguage":"es","@id":"https:\/\/greatplacetoworkcarca.com\/equipo\/#primaryimage","url":"https:\/\/greatplacetoworkcarca.com\/wp-content\/uploads\/2022\/07\/manos-encabezado.png","contentUrl":"https:\/\/greatplacetoworkcarca.com\/wp-content\/uploads\/2022\/07\/manos-encabezado.png"},{"@type":"BreadcrumbList","@id":"https:\/\/greatplacetoworkcarca.com\/equipo\/#breadcrumb","itemListElement":[{"@type":"ListItem","position":1,"name":"Inicio","item":"https:\/\/greatplacetoworkcarca.com\/es\/"},{"@type":"ListItem","position":2,"name":"Nuestro equipo"}]},{"@type":"WebSite","@id":"https:\/\/greatplacetoworkcarca.com\/es\/#website","url":"https:\/\/greatplacetoworkcarca.com\/es\/","name":"Great Place to Work Caribe y Centroam\u00e9rica","description":"Great Place to Work","publisher":{"@id":"https:\/\/greatplacetoworkcarca.com\/es\/#organization"},"alternateName":"Great Place to Work","potentialAction":[{"@type":"SearchAction","target":{"@type":"EntryPoint","urlTemplate":"https:\/\/greatplacetoworkcarca.com\/es\/?s={search_term_string}"},"query-input":{"@type":"PropertyValueSpecification","valueRequired":true,"valueName":"search_term_string"}}],"inLanguage":"es"},{"@type":"Organization","@id":"https:\/\/greatplacetoworkcarca.com\/es\/#organization","name":"Great Place to Work Caribe y Centroam\u00e9rica","alternateName":"Great Place to Work","url":"https:\/\/greatplacetoworkcarca.com\/es\/","logo":{"@type":"ImageObject","inLanguage":"es","@id":"https:\/\/greatplacetoworkcarca.com\/es\/#\/schema\/logo\/image\/","url":"https:\/\/greatplacetoworkcarca.com\/wp-content\/uploads\/2018\/11\/1200px-GPTW_logo.jpg","contentUrl":"https:\/\/greatplacetoworkcarca.com\/wp-content\/uploads\/2018\/11\/1200px-GPTW_logo.jpg","width":1200,"height":1200,"caption":"Great Place to Work Caribe y Centroam\u00e9rica"},"image":{"@id":"https:\/\/greatplacetoworkcarca.com\/es\/#\/schema\/logo\/image\/"},"sameAs":["https:\/\/www.facebook.com\/GPTWCARCA"]}]}},"_links":{"self":[{"href":"https:\/\/greatplacetoworkcarca.com\/es\/wp-json\/wp\/v2\/pages\/383","targetHints":{"allow":["GET"]}}],"collection":[{"href":"https:\/\/greatplacetoworkcarca.com\/es\/wp-json\/wp\/v2\/pages"}],"about":[{"href":"https:\/\/greatplacetoworkcarca.com\/es\/wp-json\/wp\/v2\/types\/page"}],"author":[{"embeddable":true,"href":"https:\/\/greatplacetoworkcarca.com\/es\/wp-json\/wp\/v2\/users\/14898"}],"replies":[{"embeddable":true,"href":"https:\/\/greatplacetoworkcarca.com\/es\/wp-json\/wp\/v2\/comments?post=383"}],"version-history":[{"count":3,"href":"https:\/\/greatplacetoworkcarca.com\/es\/wp-json\/wp\/v2\/pages\/383\/revisions"}],"predecessor-version":[{"id":82424,"href":"https:\/\/greatplacetoworkcarca.com\/es\/wp-json\/wp\/v2\/pages\/383\/revisions\/82424"}],"wp:attachment":[{"href":"https:\/\/greatplacetoworkcarca.com\/es\/wp-json\/wp\/v2\/media?parent=383"}],"curies":[{"name":"wp","href":"https:\/\/api.w.org\/{rel}","templated":true}]}}