{"id":77908,"date":"2025-07-17T16:09:03","date_gmt":"2025-07-17T22:09:03","guid":{"rendered":"https:\/\/greatplacetoworkcarca.com\/?page_id=77908"},"modified":"2025-07-22T14:45:42","modified_gmt":"2025-07-22T20:45:42","slug":"impulsa-la-retencion","status":"publish","type":"page","link":"https:\/\/greatplacetoworkcarca.com\/es\/impulsa-la-retencion\/","title":{"rendered":"Impulse la retenci\u00f3n"},"content":{"rendered":"\t\t<div data-elementor-type=\"wp-page\" data-elementor-id=\"77908\" class=\"elementor elementor-77908\" data-elementor-post-type=\"page\">\n\t\t\t\t\t\t<section class=\"elementor-section elementor-top-section elementor-element elementor-element-fee9986 elementor-section-boxed elementor-section-height-default elementor-section-height-default\" data-id=\"fee9986\" data-element_type=\"section\" data-e-type=\"section\">\n\t\t\t\t\t\t<div class=\"elementor-container elementor-column-gap-default\">\n\t\t\t\t\t<div class=\"elementor-column elementor-col-33 elementor-top-column elementor-element elementor-element-2e03755\" data-id=\"2e03755\" data-element_type=\"column\" data-e-type=\"column\">\n\t\t\t<div class=\"elementor-widget-wrap elementor-element-populated\">\n\t\t\t\t\t\t<div class=\"elementor-element elementor-element-a9e2359 elementor-widget elementor-widget-text-editor\" data-id=\"a9e2359\" data-element_type=\"widget\" data-e-type=\"widget\" data-widget_type=\"text-editor.default\">\n\t\t\t\t<div class=\"elementor-widget-container\">\n\t\t\t\t\t\t\t\t\t<p>Impulse la retenci\u00f3n<\/p>\t\t\t\t\t\t\t\t<\/div>\n\t\t\t\t<\/div>\n\t\t\t\t<div class=\"elementor-element elementor-element-0afa8dd elementor-widget elementor-widget-text-editor\" data-id=\"0afa8dd\" data-element_type=\"widget\" data-e-type=\"widget\" data-widget_type=\"text-editor.default\">\n\t\t\t\t<div class=\"elementor-widget-container\">\n\t\t\t\t\t\t\t\t\t<p>Cuando los colaboradores ven que su organizaci\u00f3n ha sido reconocido en una lista de Los Mejores Lugares para Trabajar\u00ae, se fortalece su sentido de orgullo y pertenencia, y se pone en valor su esfuerzo por crear un entorno donde las personas se sientan valoradas. No es de extra\u00f1ar que el 84 % de los colaboradores en organizaciones Certificadas\u2122 afirmen que planean permanecer por mucho tiempo en su organizaci\u00f3n(en comparaci\u00f3n con solo el 61 % en otras).<\/p><p>Ganar un reconocimiento no solo se trata de atraer talento, tambi\u00e9n es una forma de celebrar (\u00a1y retener!) a quienes hacen grande tu cultura.<\/p>\t\t\t\t\t\t\t\t<\/div>\n\t\t\t\t<\/div>\n\t\t\t\t<div class=\"elementor-element elementor-element-7c3c8f2 elementor-widget elementor-widget-button\" data-id=\"7c3c8f2\" data-element_type=\"widget\" data-e-type=\"widget\" data-widget_type=\"button.default\">\n\t\t\t\t<div class=\"elementor-widget-container\">\n\t\t\t\t\t\t\t\t\t<div class=\"elementor-button-wrapper\">\n\t\t\t\t\t<a class=\"elementor-button elementor-button-link elementor-size-sm\" href=\"#form_reconocimiento\">\n\t\t\t\t\t\t<span class=\"elementor-button-content-wrapper\">\n\t\t\t\t\t\t\t\t\t<span class=\"elementor-button-text\">OBTENER EL RECONOCIMIENTO<\/span>\n\t\t\t\t\t<\/span>\n\t\t\t\t\t<\/a>\n\t\t\t\t<\/div>\n\t\t\t\t\t\t\t\t<\/div>\n\t\t\t\t<\/div>\n\t\t\t\t\t<\/div>\n\t\t<\/div>\n\t\t\t\t<div class=\"elementor-column elementor-col-33 elementor-top-column elementor-element elementor-element-a7ea711\" data-id=\"a7ea711\" data-element_type=\"column\" data-e-type=\"column\">\n\t\t\t<div class=\"elementor-widget-wrap elementor-element-populated\">\n\t\t\t\t\t\t<div class=\"elementor-element elementor-element-f06930f elementor-widget elementor-widget-spacer\" data-id=\"f06930f\" data-element_type=\"widget\" data-e-type=\"widget\" data-widget_type=\"spacer.default\">\n\t\t\t\t<div class=\"elementor-widget-container\">\n\t\t\t\t\t\t\t<div class=\"elementor-spacer\">\n\t\t\t<div class=\"elementor-spacer-inner\"><\/div>\n\t\t<\/div>\n\t\t\t\t\t\t<\/div>\n\t\t\t\t<\/div>\n\t\t\t\t\t<\/div>\n\t\t<\/div>\n\t\t\t\t<div class=\"elementor-column elementor-col-33 elementor-top-column elementor-element elementor-element-d0cd7c2\" data-id=\"d0cd7c2\" data-element_type=\"column\" data-e-type=\"column\">\n\t\t\t<div class=\"elementor-widget-wrap elementor-element-populated\">\n\t\t\t\t\t\t<div class=\"elementor-element elementor-element-78f306a elementor-widget elementor-widget-image\" data-id=\"78f306a\" data-element_type=\"widget\" data-e-type=\"widget\" data-widget_type=\"image.default\">\n\t\t\t\t<div class=\"elementor-widget-container\">\n\t\t\t\t\t\t\t\t\t\t\t\t\t\t\t<img fetchpriority=\"high\" decoding=\"async\" width=\"525\" height=\"525\" src=\"https:\/\/greatplacetoworkcarca.com\/wp-content\/uploads\/2025\/07\/GPTW-celebration_3-1024x1024.webp\" class=\"attachment-large size-large wp-image-77910\" alt=\"\" srcset=\"https:\/\/greatplacetoworkcarca.com\/wp-content\/uploads\/2025\/07\/GPTW-celebration_3-1024x1024.webp 1024w, https:\/\/greatplacetoworkcarca.com\/wp-content\/uploads\/2025\/07\/GPTW-celebration_3-300x300.webp 300w, https:\/\/greatplacetoworkcarca.com\/wp-content\/uploads\/2025\/07\/GPTW-celebration_3-150x150.webp 150w, https:\/\/greatplacetoworkcarca.com\/wp-content\/uploads\/2025\/07\/GPTW-celebration_3-768x768.webp 768w, https:\/\/greatplacetoworkcarca.com\/wp-content\/uploads\/2025\/07\/GPTW-celebration_3-1536x1536.webp 1536w, https:\/\/greatplacetoworkcarca.com\/wp-content\/uploads\/2025\/07\/GPTW-celebration_3-12x12.webp 12w, https:\/\/greatplacetoworkcarca.com\/wp-content\/uploads\/2025\/07\/GPTW-celebration_3-100x100.webp 100w, https:\/\/greatplacetoworkcarca.com\/wp-content\/uploads\/2025\/07\/GPTW-celebration_3.webp 1920w\" sizes=\"100vw\" \/>\t\t\t\t\t\t\t\t\t\t\t\t\t\t\t<\/div>\n\t\t\t\t<\/div>\n\t\t\t\t\t<\/div>\n\t\t<\/div>\n\t\t\t\t\t<\/div>\n\t\t<\/section>\n\t\t\t\t<\/div>\n\t\t\n    <div class=\"xs_social_share_widget xs_share_url after_content \t\tmain_content  wslu-style-1 wslu-share-box-shaped wslu-fill-colored wslu-none wslu-share-horizontal wslu-theme-font-no wslu-main_content\">\n\n\t\t\n        <ul>\n\t\t\t        <\/ul>\n    <\/div> \n","protected":false},"excerpt":{"rendered":"<p>Impulse la retenci\u00f3n Cuando los colaboradores ven que su organizaci\u00f3n ha sido reconocido en una lista de Los Mejores Lugares para Trabajar\u00ae, se fortalece su sentido de orgullo y pertenencia, y se pone en valor su esfuerzo por crear un entorno donde las personas se sientan valoradas. No es de extra\u00f1ar que el 84 % &hellip; <\/p>\n<p class=\"link-more\"><a href=\"https:\/\/greatplacetoworkcarca.com\/es\/impulsa-la-retencion\/\" class=\"more-link\">Continuar leyendo<span class=\"screen-reader-text\"> &#8220;Impulse la retenci\u00f3n&#8221;<\/span><\/a><\/p>\n","protected":false},"author":14898,"featured_media":0,"parent":0,"menu_order":0,"comment_status":"closed","ping_status":"closed","template":"elementor_canvas","meta":{"_acf_changed":false,"footnotes":""},"class_list":["post-77908","page","type-page","status-publish","hentry"],"acf":[],"yoast_head":"<!-- This site is optimized with the Yoast SEO plugin v27.3 - https:\/\/yoast.com\/product\/yoast-seo-wordpress\/ -->\n<title>Impulse la retenci\u00f3n - GPTW CARCA<\/title>\n<meta name=\"robots\" content=\"index, follow, max-snippet:-1, max-image-preview:large, max-video-preview:-1\" \/>\n<link rel=\"canonical\" href=\"https:\/\/greatplacetoworkcarca.com\/es\/impulsa-la-retencion\/\" \/>\n<meta property=\"og:locale\" content=\"es_MX\" \/>\n<meta property=\"og:type\" content=\"article\" \/>\n<meta property=\"og:title\" content=\"Impulse la retenci\u00f3n - GPTW CARCA\" \/>\n<meta property=\"og:description\" content=\"Impulse la retenci\u00f3n Cuando los colaboradores ven que su organizaci\u00f3n ha sido reconocido en una lista de Los Mejores Lugares para Trabajar\u00ae, se fortalece su sentido de orgullo y pertenencia, y se pone en valor su esfuerzo por crear un entorno donde las personas se sientan valoradas. No es de extra\u00f1ar que el 84 % &hellip; Continuar leyendo &quot;Impulse la retenci\u00f3n&quot;\" \/>\n<meta property=\"og:url\" content=\"https:\/\/greatplacetoworkcarca.com\/es\/impulsa-la-retencion\/\" \/>\n<meta property=\"og:site_name\" content=\"GPTW CARCA\" \/>\n<meta property=\"article:publisher\" content=\"https:\/\/www.facebook.com\/GPTWCARCA\" \/>\n<meta property=\"article:modified_time\" content=\"2025-07-22T20:45:42+00:00\" \/>\n<meta property=\"og:image\" content=\"https:\/\/greatplacetoworkcarca.com\/wp-content\/uploads\/2025\/07\/GPTW-celebration_3-1024x1024.webp\" \/>\n<meta name=\"twitter:card\" content=\"summary_large_image\" \/>\n<meta name=\"twitter:label1\" content=\"Tiempo de lectura\" \/>\n\t<meta name=\"twitter:data1\" content=\"1 minuto\" \/>\n<script type=\"application\/ld+json\" class=\"yoast-schema-graph\">{\"@context\":\"https:\\\/\\\/schema.org\",\"@graph\":[{\"@type\":\"WebPage\",\"@id\":\"https:\\\/\\\/greatplacetoworkcarca.com\\\/impulsa-la-retencion\\\/\",\"url\":\"https:\\\/\\\/greatplacetoworkcarca.com\\\/impulsa-la-retencion\\\/\",\"name\":\"Impulse la retenci\u00f3n - GPTW CARCA\",\"isPartOf\":{\"@id\":\"https:\\\/\\\/greatplacetoworkcarca.com\\\/es\\\/#website\"},\"primaryImageOfPage\":{\"@id\":\"https:\\\/\\\/greatplacetoworkcarca.com\\\/impulsa-la-retencion\\\/#primaryimage\"},\"image\":{\"@id\":\"https:\\\/\\\/greatplacetoworkcarca.com\\\/impulsa-la-retencion\\\/#primaryimage\"},\"thumbnailUrl\":\"https:\\\/\\\/greatplacetoworkcarca.com\\\/wp-content\\\/uploads\\\/2025\\\/07\\\/GPTW-celebration_3-1024x1024.webp\",\"datePublished\":\"2025-07-17T22:09:03+00:00\",\"dateModified\":\"2025-07-22T20:45:42+00:00\",\"breadcrumb\":{\"@id\":\"https:\\\/\\\/greatplacetoworkcarca.com\\\/impulsa-la-retencion\\\/#breadcrumb\"},\"inLanguage\":\"es\",\"potentialAction\":[{\"@type\":\"ReadAction\",\"target\":[\"https:\\\/\\\/greatplacetoworkcarca.com\\\/impulsa-la-retencion\\\/\"]}]},{\"@type\":\"ImageObject\",\"inLanguage\":\"es\",\"@id\":\"https:\\\/\\\/greatplacetoworkcarca.com\\\/impulsa-la-retencion\\\/#primaryimage\",\"url\":\"https:\\\/\\\/greatplacetoworkcarca.com\\\/wp-content\\\/uploads\\\/2025\\\/07\\\/GPTW-celebration_3-1024x1024.webp\",\"contentUrl\":\"https:\\\/\\\/greatplacetoworkcarca.com\\\/wp-content\\\/uploads\\\/2025\\\/07\\\/GPTW-celebration_3-1024x1024.webp\"},{\"@type\":\"BreadcrumbList\",\"@id\":\"https:\\\/\\\/greatplacetoworkcarca.com\\\/impulsa-la-retencion\\\/#breadcrumb\",\"itemListElement\":[{\"@type\":\"ListItem\",\"position\":1,\"name\":\"Inicio\",\"item\":\"https:\\\/\\\/greatplacetoworkcarca.com\\\/es\\\/\"},{\"@type\":\"ListItem\",\"position\":2,\"name\":\"Impulse la retenci\u00f3n\"}]},{\"@type\":\"WebSite\",\"@id\":\"https:\\\/\\\/greatplacetoworkcarca.com\\\/es\\\/#website\",\"url\":\"https:\\\/\\\/greatplacetoworkcarca.com\\\/es\\\/\",\"name\":\"Great Place to Work Caribe y Centroam\u00e9rica\",\"description\":\"Great Place to Work\",\"publisher\":{\"@id\":\"https:\\\/\\\/greatplacetoworkcarca.com\\\/es\\\/#organization\"},\"alternateName\":\"Great Place to Work\",\"potentialAction\":[{\"@type\":\"SearchAction\",\"target\":{\"@type\":\"EntryPoint\",\"urlTemplate\":\"https:\\\/\\\/greatplacetoworkcarca.com\\\/es\\\/?s={search_term_string}\"},\"query-input\":{\"@type\":\"PropertyValueSpecification\",\"valueRequired\":true,\"valueName\":\"search_term_string\"}}],\"inLanguage\":\"es\"},{\"@type\":\"Organization\",\"@id\":\"https:\\\/\\\/greatplacetoworkcarca.com\\\/es\\\/#organization\",\"name\":\"Great Place to Work Caribe y Centroam\u00e9rica\",\"alternateName\":\"Great Place to Work\",\"url\":\"https:\\\/\\\/greatplacetoworkcarca.com\\\/es\\\/\",\"logo\":{\"@type\":\"ImageObject\",\"inLanguage\":\"es\",\"@id\":\"https:\\\/\\\/greatplacetoworkcarca.com\\\/es\\\/#\\\/schema\\\/logo\\\/image\\\/\",\"url\":\"https:\\\/\\\/greatplacetoworkcarca.com\\\/wp-content\\\/uploads\\\/2018\\\/11\\\/1200px-GPTW_logo.jpg\",\"contentUrl\":\"https:\\\/\\\/greatplacetoworkcarca.com\\\/wp-content\\\/uploads\\\/2018\\\/11\\\/1200px-GPTW_logo.jpg\",\"width\":1200,\"height\":1200,\"caption\":\"Great Place to Work Caribe y Centroam\u00e9rica\"},\"image\":{\"@id\":\"https:\\\/\\\/greatplacetoworkcarca.com\\\/es\\\/#\\\/schema\\\/logo\\\/image\\\/\"},\"sameAs\":[\"https:\\\/\\\/www.facebook.com\\\/GPTWCARCA\"]}]}<\/script>\n<!-- \/ Yoast SEO plugin. -->","yoast_head_json":{"title":"Impulse la retenci\u00f3n - GPTW CARCA","robots":{"index":"index","follow":"follow","max-snippet":"max-snippet:-1","max-image-preview":"max-image-preview:large","max-video-preview":"max-video-preview:-1"},"canonical":"https:\/\/greatplacetoworkcarca.com\/es\/impulsa-la-retencion\/","og_locale":"es_MX","og_type":"article","og_title":"Impulse la retenci\u00f3n - GPTW CARCA","og_description":"Impulse la retenci\u00f3n Cuando los colaboradores ven que su organizaci\u00f3n ha sido reconocido en una lista de Los Mejores Lugares para Trabajar\u00ae, se fortalece su sentido de orgullo y pertenencia, y se pone en valor su esfuerzo por crear un entorno donde las personas se sientan valoradas. No es de extra\u00f1ar que el 84 % &hellip; Continuar leyendo \"Impulse la retenci\u00f3n\"","og_url":"https:\/\/greatplacetoworkcarca.com\/es\/impulsa-la-retencion\/","og_site_name":"GPTW CARCA","article_publisher":"https:\/\/www.facebook.com\/GPTWCARCA","article_modified_time":"2025-07-22T20:45:42+00:00","og_image":[{"url":"https:\/\/greatplacetoworkcarca.com\/wp-content\/uploads\/2025\/07\/GPTW-celebration_3-1024x1024.webp","type":"","width":"","height":""}],"twitter_card":"summary_large_image","twitter_misc":{"Tiempo de lectura":"1 minuto"},"schema":{"@context":"https:\/\/schema.org","@graph":[{"@type":"WebPage","@id":"https:\/\/greatplacetoworkcarca.com\/impulsa-la-retencion\/","url":"https:\/\/greatplacetoworkcarca.com\/impulsa-la-retencion\/","name":"Impulse la retenci\u00f3n - GPTW CARCA","isPartOf":{"@id":"https:\/\/greatplacetoworkcarca.com\/es\/#website"},"primaryImageOfPage":{"@id":"https:\/\/greatplacetoworkcarca.com\/impulsa-la-retencion\/#primaryimage"},"image":{"@id":"https:\/\/greatplacetoworkcarca.com\/impulsa-la-retencion\/#primaryimage"},"thumbnailUrl":"https:\/\/greatplacetoworkcarca.com\/wp-content\/uploads\/2025\/07\/GPTW-celebration_3-1024x1024.webp","datePublished":"2025-07-17T22:09:03+00:00","dateModified":"2025-07-22T20:45:42+00:00","breadcrumb":{"@id":"https:\/\/greatplacetoworkcarca.com\/impulsa-la-retencion\/#breadcrumb"},"inLanguage":"es","potentialAction":[{"@type":"ReadAction","target":["https:\/\/greatplacetoworkcarca.com\/impulsa-la-retencion\/"]}]},{"@type":"ImageObject","inLanguage":"es","@id":"https:\/\/greatplacetoworkcarca.com\/impulsa-la-retencion\/#primaryimage","url":"https:\/\/greatplacetoworkcarca.com\/wp-content\/uploads\/2025\/07\/GPTW-celebration_3-1024x1024.webp","contentUrl":"https:\/\/greatplacetoworkcarca.com\/wp-content\/uploads\/2025\/07\/GPTW-celebration_3-1024x1024.webp"},{"@type":"BreadcrumbList","@id":"https:\/\/greatplacetoworkcarca.com\/impulsa-la-retencion\/#breadcrumb","itemListElement":[{"@type":"ListItem","position":1,"name":"Inicio","item":"https:\/\/greatplacetoworkcarca.com\/es\/"},{"@type":"ListItem","position":2,"name":"Impulse la retenci\u00f3n"}]},{"@type":"WebSite","@id":"https:\/\/greatplacetoworkcarca.com\/es\/#website","url":"https:\/\/greatplacetoworkcarca.com\/es\/","name":"Great Place to Work Caribe y Centroam\u00e9rica","description":"Great Place to Work","publisher":{"@id":"https:\/\/greatplacetoworkcarca.com\/es\/#organization"},"alternateName":"Great Place to Work","potentialAction":[{"@type":"SearchAction","target":{"@type":"EntryPoint","urlTemplate":"https:\/\/greatplacetoworkcarca.com\/es\/?s={search_term_string}"},"query-input":{"@type":"PropertyValueSpecification","valueRequired":true,"valueName":"search_term_string"}}],"inLanguage":"es"},{"@type":"Organization","@id":"https:\/\/greatplacetoworkcarca.com\/es\/#organization","name":"Great Place to Work Caribe y Centroam\u00e9rica","alternateName":"Great Place to Work","url":"https:\/\/greatplacetoworkcarca.com\/es\/","logo":{"@type":"ImageObject","inLanguage":"es","@id":"https:\/\/greatplacetoworkcarca.com\/es\/#\/schema\/logo\/image\/","url":"https:\/\/greatplacetoworkcarca.com\/wp-content\/uploads\/2018\/11\/1200px-GPTW_logo.jpg","contentUrl":"https:\/\/greatplacetoworkcarca.com\/wp-content\/uploads\/2018\/11\/1200px-GPTW_logo.jpg","width":1200,"height":1200,"caption":"Great Place to Work Caribe y Centroam\u00e9rica"},"image":{"@id":"https:\/\/greatplacetoworkcarca.com\/es\/#\/schema\/logo\/image\/"},"sameAs":["https:\/\/www.facebook.com\/GPTWCARCA"]}]}},"_links":{"self":[{"href":"https:\/\/greatplacetoworkcarca.com\/es\/wp-json\/wp\/v2\/pages\/77908","targetHints":{"allow":["GET"]}}],"collection":[{"href":"https:\/\/greatplacetoworkcarca.com\/es\/wp-json\/wp\/v2\/pages"}],"about":[{"href":"https:\/\/greatplacetoworkcarca.com\/es\/wp-json\/wp\/v2\/types\/page"}],"author":[{"embeddable":true,"href":"https:\/\/greatplacetoworkcarca.com\/es\/wp-json\/wp\/v2\/users\/14898"}],"replies":[{"embeddable":true,"href":"https:\/\/greatplacetoworkcarca.com\/es\/wp-json\/wp\/v2\/comments?post=77908"}],"version-history":[{"count":0,"href":"https:\/\/greatplacetoworkcarca.com\/es\/wp-json\/wp\/v2\/pages\/77908\/revisions"}],"wp:attachment":[{"href":"https:\/\/greatplacetoworkcarca.com\/es\/wp-json\/wp\/v2\/media?parent=77908"}],"curies":[{"name":"wp","href":"https:\/\/api.w.org\/{rel}","templated":true}]}}